{"id":539,"date":"2025-10-13T11:53:14","date_gmt":"2025-10-13T11:53:14","guid":{"rendered":"https:\/\/mynextring.com\/?post_type=product&#038;p=539"},"modified":"2026-04-23T07:30:37","modified_gmt":"2026-04-23T07:30:37","slug":"nextring-pro","status":"publish","type":"product","link":"https:\/\/mynextring.com\/pl\/produkt\/nextring-pro\/","title":{"rendered":"MYnextRING N2 Pro"},"content":{"rendered":"<h3 data-start=\"1583\" data-end=\"1694\">Dobre samopoczucie, kt\u00f3re zaczyna si\u0119 od palca<\/h3>\n<p data-start=\"363\" data-end=\"962\">MYnextRING N2 PRO to elegancki tytanowy smartwatch, kt\u00f3ry towarzyszy Ci w codziennym \u017cyciu przez ca\u0142\u0105 dob\u0119. Dzi\u0119ki nowoczesnej technologii czujnik\u00f3w stale rejestruje aktywno\u015b\u0107, sen, regeneracj\u0119 i t\u0119tno - precyzyjnie, wygodnie i dyskretnie. N2 PRO \u0142\u0105czy innowacyjn\u0105 technologi\u0119 z eleganckim designem. Wa\u017c\u0105c zaledwie 3 gramy, jest prawie niewa\u017cki na palcu. \u017bywotno\u015b\u0107 baterii do 10 dni sprawia, \u017ce wodoodporny smartwatch jest niezawodnym towarzyszem w ka\u017cdej sytuacji.<\/p>\n<p data-start=\"964\" data-end=\"1428\">Zintegrowany trener AI pomaga rozpoznawa\u0107 osobiste wzorce w codziennym \u017cyciu i lepiej kategoryzowa\u0107 dane - bez subskrypcji i bie\u017c\u0105cych koszt\u00f3w. Inteligentne algorytmy analizuj\u0105 dane w kontek\u015bcie i przek\u0142adaj\u0105 je na jasne, \u0142atwe do zrozumienia spostrze\u017cenia dotycz\u0105ce dobrego samopoczucia. Niezale\u017cnie od tego, czy chcesz by\u0107 bardziej \u015bwiadomy tego, jak wykorzystujesz swoj\u0105 energi\u0119, lepiej rozpoznawa\u0107 regeneracj\u0119, czy planowa\u0107 aktywno\u015b\u0107 w bardziej ukierunkowany spos\u00f3b - MYnextRING pomo\u017ce Ci lepiej zrozumie\u0107 sw\u00f3j rytm.<\/p>\n<p data-start=\"1430\" data-end=\"1709\">Bezp\u0142atna aplikacja dla system\u00f3w iOS i Android podsumowuje wszystkie ustalenia w przejrzystym przegl\u0105dzie. Zamiast zalewu liczb, otrzymujesz wskaz\u00f3wki, trendy i jasne spostrze\u017cenia. MYnextRING N2 PRO to co\u015b wi\u0119cej ni\u017c tylko urz\u0105dzenie do noszenia - to inteligentny towarzysz zapewniaj\u0105cy wi\u0119ksz\u0105 r\u00f3wnowag\u0119 w codziennym \u017cyciu.<br data-start=\"1655\" data-end=\"1658\" \/>MYnextRING oznacza ochron\u0119 danych w Europie - zgodn\u0105 z RODO, bezpieczn\u0105 i przejrzyst\u0105.<\/p>\n<p data-start=\"1430\" data-end=\"1709\"><strong>Uwaga:<\/strong><em> MYnextRING nie jest urz\u0105dzeniem medycznym i nie zast\u0119puje porady medycznej, diagnozy ani leczenia.<\/em><br data-start=\"2411\" data-end=\"2414\" \/><em>Wszystkie zebrane dane i analizy s\u0105 wykorzystywane wy\u0142\u0105cznie do cel\u00f3w informacji osobistych oraz og\u00f3lnej orientacji na dobre samopoczucie i styl \u017cycia.<\/em><\/p>\n<p>&nbsp;<\/p>","protected":false},"excerpt":{"rendered":"<p><span class=\"TextRun SCXW7973565 BCX0\" lang=\"DE-AT\" xml:lang=\"DE-AT\" data-contrast=\"auto\"><span class=\"NormalTextRun SCXW7973565 BCX0\">Der<\/span> nowy <\/span><span class=\"TextRun MacChromeBold SCXW7973565 BCX0\" lang=\"DE-AT\" xml:lang=\"DE-AT\" data-contrast=\"auto\"><span class=\"NormalTextRun SpellingErrorV2Themed SCXW7973565 BCX0\">MYnextRING<\/span><span class=\"NormalTextRun SCXW7973565 BCX0\"> N2 PRO z tytanu<\/span><\/span><span class=\"TextRun SCXW7973565 BCX0\" lang=\"DE-AT\" xml:lang=\"DE-AT\" data-contrast=\"auto\"> towarzyszy Ci przez ca\u0142\u0105 dob\u0119 i pomaga lepiej kategoryzowa\u0107 Twoje samopoczucie. Zintegrowany trener AI rozpoznaje osobiste wzorce, fazy energetyczne i stres w codziennym \u017cyciu - i zapewnia jasne, zrozumia\u0142e informacje na temat dobrego samopoczucia, zapewniaj\u0105ce wi\u0119ksz\u0105 r\u00f3wnowag\u0119 i \u015bwiadome rutyny. Dzi\u0119ki temu ka\u017cdego dnia mo\u017cesz podejmowa\u0107 \u015bwiadome decyzje. Bez subskrypcji, z bezp\u0142atn\u0105 aplikacj\u0105, zgodny z RODO, wodoodporny i wyposa\u017cony w nowoczesn\u0105 technologi\u0119 czujnik\u00f3w.<\/span><\/p>","protected":false},"featured_media":9378,"comment_status":"closed","ping_status":"closed","template":"","meta":[],"product_brand":[],"product_cat":[32],"product_tag":[],"class_list":{"0":"post-539","1":"product","2":"type-product","3":"status-publish","4":"has-post-thumbnail","6":"product_cat-mynextring","7":"product_shipping_class-freeshipping","9":"first","10":"instock","11":"taxable","12":"shipping-taxable","13":"purchasable","14":"product-type-variable"},"_links":{"self":[{"href":"https:\/\/mynextring.com\/pl\/wp-json\/wp\/v2\/product\/539","targetHints":{"allow":["GET"]}}],"collection":[{"href":"https:\/\/mynextring.com\/pl\/wp-json\/wp\/v2\/product"}],"about":[{"href":"https:\/\/mynextring.com\/pl\/wp-json\/wp\/v2\/types\/product"}],"replies":[{"embeddable":true,"href":"https:\/\/mynextring.com\/pl\/wp-json\/wp\/v2\/comments?post=539"}],"wp:featuredmedia":[{"embeddable":true,"href":"https:\/\/mynextring.com\/pl\/wp-json\/wp\/v2\/media\/9378"}],"wp:attachment":[{"href":"https:\/\/mynextring.com\/pl\/wp-json\/wp\/v2\/media?parent=539"}],"wp:term":[{"taxonomy":"product_brand","embeddable":true,"href":"https:\/\/mynextring.com\/pl\/wp-json\/wp\/v2\/product_brand?post=539"},{"taxonomy":"product_cat","embeddable":true,"href":"https:\/\/mynextring.com\/pl\/wp-json\/wp\/v2\/product_cat?post=539"},{"taxonomy":"product_tag","embeddable":true,"href":"https:\/\/mynextring.com\/pl\/wp-json\/wp\/v2\/product_tag?post=539"}],"curies":[{"name":"wp","href":"https:\/\/api.w.org\/{rel}","templated":true}]}}