{"id":2939,"date":"2026-02-20T13:49:43","date_gmt":"2026-02-20T13:49:43","guid":{"rendered":"https:\/\/mynextring.com\/?post_type=product&#038;p=2939"},"modified":"2026-04-14T13:55:51","modified_gmt":"2026-04-14T13:55:51","slug":"mynextring-n2-pro-julia-edition","status":"publish","type":"product","link":"https:\/\/mynextring.com\/pl\/produkt\/mynextring-n2-pro-julia-edition\/","title":{"rendered":"MYnextRING N2 Pro Julia Edition wraz z etui podr\u00f3\u017cnym"},"content":{"rendered":"<h3 data-start=\"1583\" data-end=\"1694\">Zdrowie zaczyna si\u0119 od palc\u00f3w<\/h3>\n<p data-start=\"1583\" data-end=\"1694\">MYnextRING N2 PRO to elegancki inteligentny pier\u015bcie\u0144 wykonany z tytanu, kt\u00f3ry przez ca\u0142\u0105 dob\u0119 mierzy t\u0119tno, sen, poziom stresu i aktywno\u015b\u0107 \u2013 dyskretnie, precyzyjnie i komfortowo. N2 PRO \u0142\u0105czy w sobie najnowocze\u015bniejsz\u0105 technologi\u0119 czujnik\u00f3w i elegancki design wykonany z wysokiej jako\u015bci stopu tytanu. Wa\u017cy zaledwie 3 gramy, dzi\u0119ki czemu jest niemal niewyczuwalny na palcu i dyskretnie towarzyszy Ci przez ca\u0142y dzie\u0144. <strong>Do 12 dni <\/strong><strong>czas pracy baterii<\/strong>\u00a0sprawiaj\u0105, \u017ce wodoodporny Smartring jest niezawodnym towarzyszem w ka\u017cdej sytuacji.<\/p>\n<p data-start=\"1583\" data-end=\"1694\">Nowy, innowacyjny trener AI rozpoznaje Twoje codzienne wzorce i pokazuje, jak mo\u017cesz zoptymalizowa\u0107 swoj\u0105 codzienno\u015b\u0107 \u2013 bez abonamentu, bez bie\u017c\u0105cych koszt\u00f3w. Zintegrowany <strong>Algorytm g\u0142\u0119bokiego uczenia si\u0119<\/strong> analizuje warto\u015bci, \u015bledzenie snu, zdolno\u015b\u0107 do regeneracji i poziom stresu w czasie rzeczywistym. Trener AI przekszta\u0142ca te dane w jasne, \u0142atwe do zrozumienia zalecenia. Niezale\u017cnie od tego, czy chodzi o przegl\u0105d stresu, monitorowanie wzorc\u00f3w snu czy bardziej ukierunkowany trening - MYnextRING wspiera Ci\u0119 tam, gdzie to naprawd\u0119 si\u0119 liczy.<\/p>\n<p>Dzi\u0119ki inteligentnej aplikacji na iOS i Androida pomaga lepiej zrozumie\u0107 swoje cia\u0142o. MYnextRING N2 PRO to co\u015b wi\u0119cej ni\u017c tylko urz\u0105dzenie do noszenia \u2013 to<strong> tw\u00f3j <\/strong><strong>Osobisty trener odnowy biologicznej<\/strong>, kt\u00f3ra zapewnia inteligentne wsparcie ka\u017cdego dnia. Ochrona danych? Oczywi\u015bcie 100 % jest zgodny z RODO. Ten pier\u015bcie\u0144 jest dostarczany z etui podr\u00f3\u017cnym ze zintegrowan\u0105 bateri\u0105.<\/p>\n<div class=\"page\" title=\"Strona 2\">\n<div class=\"section\">\n<div class=\"layoutArea\">\n<div class=\"column\">\n<p>Wa\u017cna uwaga: Nie jest to urz\u0105dzenie medyczne. Nie jest przeznaczony do diagnozowania, leczenia lub zapobiegania chorobom.<\/p>\n<\/div>\n<\/div>\n<\/div>\n<\/div>","protected":false},"excerpt":{"rendered":"<p>Nowy MYnextRING N2 PRO JULIA EDITION wykonany z tytanu rozpoznaje, czego naprawd\u0119 potrzebuje Twoje cia\u0142o przez ca\u0142\u0105 dob\u0119. Nowy trener AI rozpoznaje wzorce, okna energetyczne i szczyty stresu - i daje jasne zalecenia dotycz\u0105ce lepszego samopoczucia, wi\u0119kszej r\u00f3wnowagi i inteligentniejszego treningu. Dzi\u0119ki temu ka\u017cdego dnia mo\u017cesz podejmowa\u0107 lepsze decyzje. <strong>W zestawie etui podr\u00f3\u017cne ze zintegrowan\u0105 podstawk\u0105 do \u0142adowania baterii<\/strong>, bezp\u0142atna aplikacja - bez subskrypcji, zgodna z RODO UE, wodoodporna z zaawansowan\u0105 technologi\u0105 czujnik\u00f3w.<\/p>\n<p><strong>Je\u015bli z\u0142o\u017cy\u0142e\u015b ju\u017c zam\u00f3wienie, mo\u017cesz zrealizowa\u0107 sw\u00f3j kupon na pier\u015bcionek w dowolnym momencie - w wybranym rozmiarze i ulubionym kolorze.<\/strong><\/p>\n<p>&nbsp;<\/p>","protected":false},"featured_media":4023,"comment_status":"closed","ping_status":"closed","template":"","meta":[],"product_brand":[],"product_cat":[32],"product_tag":[],"class_list":{"0":"post-2939","1":"product","2":"type-product","3":"status-publish","4":"has-post-thumbnail","6":"product_cat-mynextring","7":"product_shipping_class-freeshipping","9":"first","10":"instock","11":"sale","12":"taxable","13":"shipping-taxable","14":"purchasable","15":"product-type-variable"},"_links":{"self":[{"href":"https:\/\/mynextring.com\/pl\/wp-json\/wp\/v2\/product\/2939","targetHints":{"allow":["GET"]}}],"collection":[{"href":"https:\/\/mynextring.com\/pl\/wp-json\/wp\/v2\/product"}],"about":[{"href":"https:\/\/mynextring.com\/pl\/wp-json\/wp\/v2\/types\/product"}],"replies":[{"embeddable":true,"href":"https:\/\/mynextring.com\/pl\/wp-json\/wp\/v2\/comments?post=2939"}],"wp:featuredmedia":[{"embeddable":true,"href":"https:\/\/mynextring.com\/pl\/wp-json\/wp\/v2\/media\/4023"}],"wp:attachment":[{"href":"https:\/\/mynextring.com\/pl\/wp-json\/wp\/v2\/media?parent=2939"}],"wp:term":[{"taxonomy":"product_brand","embeddable":true,"href":"https:\/\/mynextring.com\/pl\/wp-json\/wp\/v2\/product_brand?post=2939"},{"taxonomy":"product_cat","embeddable":true,"href":"https:\/\/mynextring.com\/pl\/wp-json\/wp\/v2\/product_cat?post=2939"},{"taxonomy":"product_tag","embeddable":true,"href":"https:\/\/mynextring.com\/pl\/wp-json\/wp\/v2\/product_tag?post=2939"}],"curies":[{"name":"wp","href":"https:\/\/api.w.org\/{rel}","templated":true}]}}