{"id":443,"date":"2025-10-14T08:38:14","date_gmt":"2025-10-14T08:38:14","guid":{"rendered":"https:\/\/mynextring.com\/?page_id=443"},"modified":"2025-10-15T06:17:06","modified_gmt":"2025-10-15T06:17:06","slug":"cofniecie","status":"publish","type":"page","link":"https:\/\/mynextring.com\/pl\/widerruf\/","title":{"rendered":"Zasady dotycz\u0105ce zwrot\u00f3w i refundacji"},"content":{"rendered":"<section class=\"bde-section-443-100 bde-section\">\n  \n  \n\t\n\n\n\n<div class=\"section-container\"><h1 class=\"bde-heading-443-101 bde-heading\">\nOdst\u0105pienie od umowy i zwrot koszt\u00f3w\n<\/h1><div class=\"bde-rich-text-443-102 bde-rich-text breakdance-rich-text-styles\">\n<h2><strong>Prawo do odst\u0105pienia od umowy<\/strong><\/h2><p>Maj\u0105 Pa\u0144stwo prawo do odst\u0105pienia od umowy zawartej z<strong> Sklep MYnextRING<\/strong> . Termin odst\u0105pienia od umowy wynosi czterna\u015bcie dni od dnia, w kt\u00f3rym Pa\u0144stwo lub wskazana przez Pa\u0144stwa osoba trzecia, nieb\u0119d\u0105ca przewo\u017anikiem, weszli\u015bcie w posiadanie ostatniego towaru. Aby skorzysta\u0107 z prawa do odst\u0105pienia od umowy, musz\u0105 Pa\u0144stwo poinformowa\u0107 nas (ilogs smartwear GmbH, Krone Platz 1, A-9020 Klagenfurt a. W., <strong>E-mail:<\/strong>\u00a0<a href=\"mailto:support@mynextring.com\" target=\"_blank\" rel=\"noopener noreferrer nofollow\">support@mynextring.com<\/a>,\u00a0<strong>Tel.:<\/strong>\u00a0+43 463 305 003) za pomoc\u0105\u00a0<strong>jednoznaczne wyja\u015bnienie<\/strong>\u00a0(np. list wys\u0142any poczt\u0105 tradycyjn\u0105 lub e-mail) o swojej decyzji o odst\u0105pieniu od niniejszej umowy. Mo\u017cna w tym celu skorzysta\u0107 z za\u0142\u0105czonego wzoru formularza odst\u0105pienia od umowy, jednak nie jest to obowi\u0105zkowe. W przypadku skorzystania z tej mo\u017cliwo\u015bci niezw\u0142ocznie prze\u015blemy (e-mailem) potwierdzenie otrzymania takiego odst\u0105pienia od umowy.<\/p><p>Aby zachowa\u0107 termin odst\u0105pienia od umowy, wystarczy wys\u0142a\u0107 powiadomienie o skorzystaniu z prawa do odst\u0105pienia od umowy przed up\u0142ywem terminu odst\u0105pienia.<\/p><p><strong>Konsument nie ma prawa do odst\u0105pienia od umowy w przypadku um\u00f3w dotycz\u0105cych:<\/strong><br \/>Towary, kt\u00f3re s\u0105 produkowane zgodnie ze specyfikacjami klienta lub s\u0105 wyra\u017anie dostosowane do indywidualnych potrzeb.<\/p><h2><strong>Skutki odst\u0105pienia od umowy<\/strong><\/h2><p>W przypadku odst\u0105pienia od niniejszej umowy, jeste\u015bmy zobowi\u0105zani do zwrotu wszystkich otrzymanych od Pa\u0144stwa p\u0142atno\u015bci, w tym koszt\u00f3w dostawy (z wyj\u0105tkiem dodatkowych koszt\u00f3w wynikaj\u0105cych z wyboru innego rodzaju dostawy ni\u017c najta\u0144sza standardowa dostawa oferowana przez nas), niezw\u0142ocznie, a najp\u00f3\u017aniej w ci\u0105gu czternastu dni od dnia, w kt\u00f3rym otrzymali\u015bmy informacj\u0119 o odst\u0105pieniu od niniejszej umowy. Do zwrotu p\u0142atno\u015bci u\u017cyjemy tego samego \u015brodka p\u0142atniczego, kt\u00f3rego u\u017cy\u0142e\u015b w pierwotnej transakcji, chyba \u017ce wyra\u017anie uzgodniono z Tob\u0105 inaczej; w \u017cadnym wypadku nie poniesiesz \u017cadnych op\u0142at z tytu\u0142u tego zwrotu.<\/p><p>Mo\u017cemy odm\u00f3wi\u0107 zwrotu koszt\u00f3w do momentu otrzymania zwrotu towar\u00f3w lub do momentu dostarczenia przez Pa\u0144stwa dowodu, \u017ce towary zosta\u0142y odes\u0142ane, w zale\u017cno\u015bci od tego, kt\u00f3ra z tych dat jest wcze\u015bniejsza.<\/p><p>Musz\u0105 Pa\u0144stwo niezw\u0142ocznie, a w ka\u017cdym razie nie p\u00f3\u017aniej ni\u017c czterna\u015bcie dni od dnia, w kt\u00f3rym poinformowali nas Pa\u0144stwo o odst\u0105pieniu od niniejszej umowy, zwr\u00f3ci\u0107 lub przekaza\u0107 nam towary. Termin jest zachowany, je\u015bli wy\u015bl\u0105 Pa\u0144stwo towary przed up\u0142ywem czternastu dni. Koszty zwrotu towar\u00f3w ponosimy my. U\u017cytkownik ponosi odpowiedzialno\u015b\u0107 za ewentualn\u0105 utrat\u0119 warto\u015bci towar\u00f3w tylko wtedy, gdy utrata ta wynika z obchodzenia si\u0119 z towarami w spos\u00f3b niekonieczny do sprawdzenia ich stanu, w\u0142a\u015bciwo\u015bci i funkcjonowania.<\/p>\n<\/div><\/div>\n<\/section>","protected":false},"excerpt":{"rendered":"<p>Widerruf und R\u00fcckerstattung WiderrufsrechtSie haben das Recht, binnen vierzehn Tagen ohne Angabe von Gr\u00fcnden Ihren Vertrag mit MYnextRING Shop zu widerrufen. Die Widerrufsfrist betr\u00e4gt vierzehn Tage ab dem Tag, an dem Sie oder ein von Ihnen benannter Dritter, der nicht der Bef\u00f6rderer ist, die letzte Ware in Besitz genommen haben bzw. hat. Um Ihr Widerrufsrecht [&hellip;]<\/p>\n","protected":false},"author":1,"featured_media":0,"parent":0,"menu_order":0,"comment_status":"closed","ping_status":"closed","template":"","meta":{"_breakdance_hide_in_design_set":false,"_breakdance_tags":"","footnotes":""},"class_list":["post-443","page","type-page","status-publish","hentry"],"_links":{"self":[{"href":"https:\/\/mynextring.com\/pl\/wp-json\/wp\/v2\/pages\/443","targetHints":{"allow":["GET"]}}],"collection":[{"href":"https:\/\/mynextring.com\/pl\/wp-json\/wp\/v2\/pages"}],"about":[{"href":"https:\/\/mynextring.com\/pl\/wp-json\/wp\/v2\/types\/page"}],"author":[{"embeddable":true,"href":"https:\/\/mynextring.com\/pl\/wp-json\/wp\/v2\/users\/1"}],"replies":[{"embeddable":true,"href":"https:\/\/mynextring.com\/pl\/wp-json\/wp\/v2\/comments?post=443"}],"version-history":[{"count":0,"href":"https:\/\/mynextring.com\/pl\/wp-json\/wp\/v2\/pages\/443\/revisions"}],"wp:attachment":[{"href":"https:\/\/mynextring.com\/pl\/wp-json\/wp\/v2\/media?parent=443"}],"curies":[{"name":"wp","href":"https:\/\/api.w.org\/{rel}","templated":true}]}}