{"id":22,"date":"2025-07-10T07:05:05","date_gmt":"2025-07-10T07:05:05","guid":{"rendered":"https:\/\/mynextring.de\/?page_id=22"},"modified":"2025-08-20T10:52:10","modified_gmt":"2025-08-20T10:52:10","slug":"dostepnosc","status":"publish","type":"page","link":"https:\/\/mynextring.com\/pl\/barrierefreiheit\/","title":{"rendered":"Dost\u0119pno\u015b\u0107"},"content":{"rendered":"<section class=\"bde-section-22-100 bde-section\">\n  \n  \n\t\n\n\n\n<div class=\"section-container\"><h1 class=\"bde-heading-22-101 bde-heading\">\nDeklaracja w sprawie dost\u0119pno\u015bci\n<\/h1><div class=\"bde-rich-text-22-102 bde-rich-text breakdance-rich-text-styles\">\n<div class=\"et_pb_section et_pb_section_0 wak-datenschutz-texte et_pb_with_background et_section_regular wp-dark-mode-bg-image\"><div class=\"et_pb_row et_pb_row_0 et_pb_gutters1 et_had_animation\"><div class=\"et_pb_column et_pb_column_4_4 et_pb_column_0  et_pb_css_mix_blend_mode_passthrough et-last-child\"><div class=\"et_pb_module et_pb_text et_pb_text_2  et_pb_text_align_left et_pb_bg_layout_light\"><div class=\"et_pb_text_inner\"><p>ilogs smartwear GmbH dok\u0142ada wszelkich stara\u0144, aby jej us\u0142ugi online by\u0142y dost\u0119pne zgodnie z sekcj\u0105 15b ustawy o przeciwdzia\u0142aniu dyskryminacji w G\u00f3rnej Austrii i dyrektyw\u0105 (UE) 2016\/2102.<\/p><p>Niniejsze o\u015bwiadczenie o dost\u0119pno\u015bci ma zastosowanie do strony internetowej:<br \/>www.mynextring.com<\/p><p>Strona internetowa jest oparta na wymaganiach Web Content Accessibility Guidelines (WCAG) 2.1, poziom zgodno\u015bci AA i obowi\u0105zuj\u0105cej normy europejskiej EN 301 549 V2.1.2 (2018-08), aby zapewni\u0107 jak najszersz\u0105 dost\u0119pno\u015b\u0107 dla wszystkich u\u017cytkownik\u00f3w.<\/p><h5 tabindex=\"-1\">Status zgodno\u015bci z wymaganiami<\/h5><p>Niniejsza witryna jest cz\u0119\u015bciowo zgodna z powy\u017cszymi wymogami.<br \/>Cz\u0119\u015bciowa zgodno\u015b\u0107 wynika z faktu, \u017ce niekt\u00f3re tre\u015bci nie s\u0105 jeszcze w pe\u0142ni dost\u0119pne. Wdro\u017cono ju\u017c jednak liczne \u015brodki poprawy.<\/p><h5 tabindex=\"-1\">Wdro\u017cone \u015brodki dost\u0119pno\u015bci<\/h5><p>Nast\u0119puj\u0105ce punkty zosta\u0142y ju\u017c zrealizowane:<\/p><ul><li>Zmieniacz kontrastu: Prze\u0142\u0105cznik (w prawym dolnym rogu) umo\u017cliwia prze\u0142\u0105czenie na wy\u015bwietlacz o wysokim kontra\u015bcie i wsp\u00f3\u0142czynniku co najmniej 4,5:1.<\/li><li>Teksty alternatywne dla obraz\u00f3w: Wszystkie obrazy maj\u0105 znacz\u0105ce, opisowe teksty alternatywne.<\/li><li>Obs\u0142uga za pomoc\u0105 klawiatury: Wszystkie odpowiednie linki, elementy formularzy i przyciski mog\u0105 by\u0107 u\u017cywane w ca\u0142o\u015bci za pomoc\u0105 klawiatury w logicznej kolejno\u015bci.<\/li><li>Widoczno\u015b\u0107 fokusu: Podczas nawigacji za pomoc\u0105 klawiatury mo\u017cna wyra\u017anie zobaczy\u0107, kt\u00f3ry element ma aktualnie fokus.<\/li><li>\u0141\u0105cza pomijania: \u0141\u0105cza pomijania umo\u017cliwiaj\u0105 bezpo\u015bredni dost\u0119p do g\u0142\u00f3wnych obszar\u00f3w, takich jak menu, tre\u015b\u0107 i stopka.<\/li><li>Kompatybilno\u015b\u0107 z czytnikami ekranu: Ulepszona struktura semantyczna i podpowiedzi ARIA u\u0142atwiaj\u0105 korzystanie z czytnik\u00f3w ekranu.<\/li><li>Mo\u017cliwo\u015b\u0107 powi\u0119kszenia na urz\u0105dzeniach mobilnych: dla lepszej czytelno\u015bci.<\/li><li>Powi\u0119kszanie tekstu nie jest dodatkowo oferowane, poniewa\u017c wszystkie popularne przegl\u0105darki zapewniaj\u0105 funkcj\u0119 powi\u0119kszania (np. poprzez CTRL\/CMD +).<\/li><\/ul><h5 tabindex=\"-1\">Bariery, kt\u00f3re wci\u0105\u017c istniej\u0105<\/h5><p>Niekt\u00f3re tre\u015bci nie s\u0105 jeszcze w pe\u0142ni dost\u0119pne, np:<\/p><ul><li>Stare teksty obraz\u00f3w, kt\u00f3re s\u0105 dost\u0119pne, ale nie zosta\u0142y jeszcze sformu\u0142owane w znacz\u0105cy i kontekstowy spos\u00f3b we wszystkich przypadkach.<\/li><li>Niekt\u00f3re dokumenty PDF i Office nie s\u0105 dost\u0119pne. W przypadku nowych dokument\u00f3w staramy si\u0119, aby by\u0142y one jak najbardziej dost\u0119pne lub aby zawiera\u0142y najwa\u017cniejsze informacje w przyst\u0119pnej formie.<\/li><\/ul><p>Pracujemy nad dalszym zmniejszaniem tych barier w przysz\u0142o\u015bci i zapewnieniem jak najwi\u0119kszej dost\u0119pno\u015bci tre\u015bci.<\/p><h5 tabindex=\"-1\">Przygotowanie niniejszego o\u015bwiadczenia<\/h5><p>Niniejsze o\u015bwiadczenie zosta\u0142o sporz\u0105dzone w dniu 1 czerwca 2025 r.<br \/>Witryna zosta\u0142a przetestowana pod k\u0105tem dost\u0119pno\u015bci za pomoc\u0105 narz\u0119dzia WAVE Accessibility Tool, axe DevTools oraz r\u0119cznej nawigacji za pomoc\u0105 klawiatury i czytnika ekranu.<\/p><h5 tabindex=\"-1\">Informacje zwrotne i kontakt<\/h5><p>Je\u015bli odkryjesz jakiekolwiek bariery na naszej stronie internetowej lub masz sugestie dotycz\u0105ce ulepsze\u0144, z przyjemno\u015bci\u0105 si\u0119 z Tob\u0105 skontaktujemy.<\/p><p>Do\u0142o\u017cymy wszelkich stara\u0144, aby odpowiedzie\u0107 na wniosek w ci\u0105gu 7 dni roboczych.<\/p><\/div><\/div><\/div><\/div><\/div>\n<\/div><\/div>\n<\/section>","protected":false},"excerpt":{"rendered":"<p>Erkl\u00e4rung zur Barriere\u00adfreiheit Die ilogs smartwear GmbH ist bem\u00fcht, ihre Online-Angebote im Einklang mit \u00a7 15b O\u00f6. Antidiskriminierungsgesetz sowie der Richtlinie (EU) 2016\/2102 barrierefrei zug\u00e4nglich zu machen.Diese Erkl\u00e4rung zur Barrierefreiheit gilt f\u00fcr die Website:www.mynextring.comDie Website orientiert sich an den Anforderungen der Web Content Accessibility Guidelines (WCAG) 2.1, Konformit\u00e4tsstufe AA, sowie dem geltenden Europ\u00e4ischen Standard EN [&hellip;]<\/p>\n","protected":false},"author":1,"featured_media":0,"parent":0,"menu_order":0,"comment_status":"closed","ping_status":"closed","template":"","meta":{"_breakdance_hide_in_design_set":false,"_breakdance_tags":"","footnotes":""},"class_list":["post-22","page","type-page","status-publish","hentry"],"_links":{"self":[{"href":"https:\/\/mynextring.com\/pl\/wp-json\/wp\/v2\/pages\/22","targetHints":{"allow":["GET"]}}],"collection":[{"href":"https:\/\/mynextring.com\/pl\/wp-json\/wp\/v2\/pages"}],"about":[{"href":"https:\/\/mynextring.com\/pl\/wp-json\/wp\/v2\/types\/page"}],"author":[{"embeddable":true,"href":"https:\/\/mynextring.com\/pl\/wp-json\/wp\/v2\/users\/1"}],"replies":[{"embeddable":true,"href":"https:\/\/mynextring.com\/pl\/wp-json\/wp\/v2\/comments?post=22"}],"version-history":[{"count":0,"href":"https:\/\/mynextring.com\/pl\/wp-json\/wp\/v2\/pages\/22\/revisions"}],"wp:attachment":[{"href":"https:\/\/mynextring.com\/pl\/wp-json\/wp\/v2\/media?parent=22"}],"curies":[{"name":"wp","href":"https:\/\/api.w.org\/{rel}","templated":true}]}}