{"id":1040,"date":"2025-11-27T13:16:07","date_gmt":"2025-11-27T13:16:07","guid":{"rendered":"https:\/\/mynextring.com\/?page_id=1040"},"modified":"2025-12-09T10:38:33","modified_gmt":"2025-12-09T10:38:33","slug":"maly","status":"publish","type":"page","link":"https:\/\/mynextring.com\/pl\/kleine\/","title":{"rendered":"Kleine Zeitung i MYnextRING przedstawiaj\u0105 nowy model N2 Pro. Skorzystaj z zalet i z\u0142\u00f3\u017c zam\u00f3wienie ju\u017c teraz."},"content":{"rendered":"<section class=\"bde-section-1040-100 bde-section\">\n  \n  \n\t\n\n\n\n<div class=\"section-container\"><h5 class=\"bde-heading-1040-134 bde-heading\">\neine Leser-Aktion von MYnextRING & Kleine Zeitung\n<\/h5><div class=\"bde-fancy-divider-1040-135 bde-fancy-divider\">\n\n\n<div class=\"bde-fancy-divider__wrapper\">\n  <div class=\"bde-fancy-divider__separator   \">\n  \t  <\/div>\n<\/div>\n\n<\/div><div class=\"bde-div-1040-139 bde-div\">\n  \n  \n\t\n\n\n\n<img decoding=\"async\" class=\"bde-image2-1040-102 bde-image2\" src=\"https:\/\/mynextring.com\/wp-content\/uploads\/2025\/12\/Kleine_Zeitung_2021-01-21.svg\" loading=\"lazy\"><h2 class=\"bde-heading-1040-109 bde-heading\">\nKleine Zeitung Exklusiv-ANGEBOT<br>-20 % auf den neuen MYnextRING PRO\u00a0\n<\/h2>\n<\/div><div class=\"bde-columns-1040-106 bde-columns\"><div class=\"bde-column-1040-107 bde-column\">\n  \n  \n\t\n\n\n\n<div class=\"bde-advancedslider-1040-110 bde-advancedslider\">\n<div class=\"breakdance-swiper-wrapper\" data-swiper-id=\"110\">\n  <div class=\"swiper\">\n    <div class=\"swiper-wrapper\">\n      <div class=\"bde-advancedslide-1040-111 bde-advancedslide swiper-slide\"><div class=\"advanced-slider__slide\">\r\n  <img decoding=\"async\" class=\"bde-image2-1040-105 bde-image2\" src=\"https:\/\/mynextring.com\/wp-content\/uploads\/2025\/07\/n2_silber_matt.webp\" loading=\"lazy\" srcset=\"https:\/\/mynextring.com\/wp-content\/uploads\/2025\/07\/n2_silber_matt.webp 1983w, https:\/\/mynextring.com\/wp-content\/uploads\/2025\/07\/n2_silber_matt-300x300.webp 300w, https:\/\/mynextring.com\/wp-content\/uploads\/2025\/07\/n2_silber_matt-1024x1024.webp 1024w, https:\/\/mynextring.com\/wp-content\/uploads\/2025\/07\/n2_silber_matt-150x150.webp 150w, https:\/\/mynextring.com\/wp-content\/uploads\/2025\/07\/n2_silber_matt-768x768.webp 768w, https:\/\/mynextring.com\/wp-content\/uploads\/2025\/07\/n2_silber_matt-1536x1536.webp 1536w\" sizes=\"(max-width: 1983px) 100vw, 1983px\">\r\n<\/div><\/div><div class=\"bde-advancedslide-1040-125 bde-advancedslide swiper-slide\"><div class=\"advanced-slider__slide\">\r\n  <img decoding=\"async\" class=\"bde-image2-1040-126 bde-image2\" src=\"https:\/\/mynextring.com\/wp-content\/uploads\/2025\/07\/n2_silber_matt_glanz.webp\" loading=\"lazy\" srcset=\"https:\/\/mynextring.com\/wp-content\/uploads\/2025\/07\/n2_silber_matt_glanz.webp 1983w, https:\/\/mynextring.com\/wp-content\/uploads\/2025\/07\/n2_silber_matt_glanz-300x300.webp 300w, https:\/\/mynextring.com\/wp-content\/uploads\/2025\/07\/n2_silber_matt_glanz-1024x1024.webp 1024w, https:\/\/mynextring.com\/wp-content\/uploads\/2025\/07\/n2_silber_matt_glanz-150x150.webp 150w, https:\/\/mynextring.com\/wp-content\/uploads\/2025\/07\/n2_silber_matt_glanz-768x768.webp 768w, https:\/\/mynextring.com\/wp-content\/uploads\/2025\/07\/n2_silber_matt_glanz-1536x1536.webp 1536w\" sizes=\"(max-width: 1983px) 100vw, 1983px\">\r\n<\/div><\/div><div class=\"bde-advancedslide-1040-123 bde-advancedslide swiper-slide\"><div class=\"advanced-slider__slide\">\r\n  <img decoding=\"async\" class=\"bde-image2-1040-124 bde-image2\" src=\"https:\/\/mynextring.com\/wp-content\/uploads\/2025\/07\/n2_rosegold_glanz.webp\" loading=\"lazy\" srcset=\"https:\/\/mynextring.com\/wp-content\/uploads\/2025\/07\/n2_rosegold_glanz.webp 1983w, https:\/\/mynextring.com\/wp-content\/uploads\/2025\/07\/n2_rosegold_glanz-300x300.webp 300w, https:\/\/mynextring.com\/wp-content\/uploads\/2025\/07\/n2_rosegold_glanz-1024x1024.webp 1024w, https:\/\/mynextring.com\/wp-content\/uploads\/2025\/07\/n2_rosegold_glanz-150x150.webp 150w, https:\/\/mynextring.com\/wp-content\/uploads\/2025\/07\/n2_rosegold_glanz-768x768.webp 768w, https:\/\/mynextring.com\/wp-content\/uploads\/2025\/07\/n2_rosegold_glanz-1536x1536.webp 1536w\" sizes=\"(max-width: 1983px) 100vw, 1983px\">\r\n<\/div><\/div><div class=\"bde-advancedslide-1040-121 bde-advancedslide swiper-slide\"><div class=\"advanced-slider__slide\">\r\n  <img decoding=\"async\" class=\"bde-image2-1040-122 bde-image2\" src=\"https:\/\/mynextring.com\/wp-content\/uploads\/2025\/07\/n2_schwarz_matt.webp\" loading=\"lazy\" srcset=\"https:\/\/mynextring.com\/wp-content\/uploads\/2025\/07\/n2_schwarz_matt.webp 1983w, https:\/\/mynextring.com\/wp-content\/uploads\/2025\/07\/n2_schwarz_matt-300x300.webp 300w, https:\/\/mynextring.com\/wp-content\/uploads\/2025\/07\/n2_schwarz_matt-1024x1024.webp 1024w, https:\/\/mynextring.com\/wp-content\/uploads\/2025\/07\/n2_schwarz_matt-150x150.webp 150w, https:\/\/mynextring.com\/wp-content\/uploads\/2025\/07\/n2_schwarz_matt-768x768.webp 768w, https:\/\/mynextring.com\/wp-content\/uploads\/2025\/07\/n2_schwarz_matt-1536x1536.webp 1536w\" sizes=\"(max-width: 1983px) 100vw, 1983px\">\r\n<\/div><\/div>\n    <\/div>\n  <\/div>\n\n      \n    \n<\/div>\n\n<\/div><img decoding=\"async\" class=\"bde-image2-1040-103 bde-image2\" src=\"https:\/\/mynextring.com\/wp-content\/uploads\/2025\/11\/mnr_logo_n2pro@4x-scaled.webp\" loading=\"lazy\" srcset=\"https:\/\/mynextring.com\/wp-content\/uploads\/2025\/11\/mnr_logo_n2pro@4x-scaled.webp 2560w, https:\/\/mynextring.com\/wp-content\/uploads\/2025\/11\/mnr_logo_n2pro@4x-300x44.webp 300w, https:\/\/mynextring.com\/wp-content\/uploads\/2025\/11\/mnr_logo_n2pro@4x-1024x151.webp 1024w, https:\/\/mynextring.com\/wp-content\/uploads\/2025\/11\/mnr_logo_n2pro@4x-768x113.webp 768w, https:\/\/mynextring.com\/wp-content\/uploads\/2025\/11\/mnr_logo_n2pro@4x-1536x227.webp 1536w, https:\/\/mynextring.com\/wp-content\/uploads\/2025\/11\/mnr_logo_n2pro@4x-2048x302.webp 2048w, https:\/\/mynextring.com\/wp-content\/uploads\/2025\/11\/mnr_logo_n2pro@4x-18x3.webp 18w, https:\/\/mynextring.com\/wp-content\/uploads\/2025\/11\/mnr_logo_n2pro@4x-600x89.webp 600w\" sizes=\"(max-width: 2560px) 100vw, 2560px\">\n<\/div><div class=\"bde-column-1040-108 bde-column\">\n  \n  \n\t\n\n\n\n<div class=\"bde-rich-text-1040-133 bde-rich-text breakdance-rich-text-styles\">\n<p>NEU mit <span style=\"background: black; padding: 4px; color: #dcc5a2;\">KI-Gesundheitscoach<\/span>\u00a0inklusive. Ohne Abo.<\/p>\n<\/div><div class=\"bde-rich-text-1040-140 bde-rich-text breakdance-rich-text-styles\">\n<p><b><span data-contrast=\"auto\">Gesundheit, die am Finger beginnt<\/span><\/b><span data-ccp-props=\"{&quot;134233117&quot;:true,&quot;134233118&quot;:true,&quot;201341983&quot;:0,&quot;335559740&quot;:240}\">\u00a0<\/span><\/p><p><span data-contrast=\"auto\">Der <\/span><b><span data-contrast=\"auto\">MYnextRING PRO<\/span><\/b><span data-contrast=\"auto\"> erkennt rund um die Uhr, was Ihr K\u00f6rper wirklich braucht. Der neue <\/span><b><span data-contrast=\"auto\">KI-Coach (ohne Abo!)<\/span><\/b><span data-contrast=\"auto\"> erkennt Muster, Energie-Fenster und Stress-Spitzen \u2013 und gibt klare Empfehlungen f\u00fcr besseren Schlaf, mehr Balance und smarteres Training. <\/span><b><span data-contrast=\"auto\">Damit Sie jeden Tag bessere Entscheidungen treffen.<\/span><\/b><span data-ccp-props=\"{&quot;134233117&quot;:true,&quot;134233118&quot;:true,&quot;201341983&quot;:0,&quot;335559740&quot;:240}\">\u00a0<\/span><\/p><p><b><span data-contrast=\"auto\">Warum der N2 PRO begeistert:<\/span><\/b><span data-ccp-props=\"{&quot;201341983&quot;:0,&quot;335559739&quot;:0,&quot;335559740&quot;:240}\">\u00a0<\/span><\/p><ul><li aria-setsize=\"-1\" data-leveltext=\"\uf0b7\" data-font=\"Symbol\" data-listid=\"2\" data-list-defn-props=\"{&quot;335552541&quot;:1,&quot;335559685&quot;:720,&quot;335559991&quot;:360,&quot;469769226&quot;:&quot;Symbol&quot;,&quot;469769242&quot;:[8226],&quot;469777803&quot;:&quot;left&quot;,&quot;469777804&quot;:&quot;\uf0b7&quot;,&quot;469777815&quot;:&quot;multilevel&quot;}\" data-aria-posinset=\"1\" data-aria-level=\"1\"><b><span data-contrast=\"auto\">NEU: KI-Coach ohne Abo<\/span><\/b><span data-contrast=\"auto\"> \u2013 alle Funktionen inklusive<\/span><\/li><li aria-setsize=\"-1\" data-leveltext=\"\uf0b7\" data-font=\"Symbol\" data-listid=\"2\" data-list-defn-props=\"{&quot;335552541&quot;:1,&quot;335559685&quot;:720,&quot;335559991&quot;:360,&quot;469769226&quot;:&quot;Symbol&quot;,&quot;469769242&quot;:[8226],&quot;469777803&quot;:&quot;left&quot;,&quot;469777804&quot;:&quot;\uf0b7&quot;,&quot;469777815&quot;:&quot;multilevel&quot;}\" data-aria-posinset=\"1\" data-aria-level=\"1\"><b><span data-contrast=\"auto\">Schlafanalyse<\/span><\/b><span data-contrast=\"auto\"> mit Tiefschlaf, REM &amp; Micro-Wake-Ups<\/span><span data-ccp-props=\"{&quot;134233117&quot;:true,&quot;134233118&quot;:true,&quot;201341983&quot;:0,&quot;335559740&quot;:240}\">\u00a0<\/span><\/li><li aria-setsize=\"-1\" data-leveltext=\"\uf0b7\" data-font=\"Symbol\" data-listid=\"2\" data-list-defn-props=\"{&quot;335552541&quot;:1,&quot;335559685&quot;:720,&quot;335559991&quot;:360,&quot;469769226&quot;:&quot;Symbol&quot;,&quot;469769242&quot;:[8226],&quot;469777803&quot;:&quot;left&quot;,&quot;469777804&quot;:&quot;\uf0b7&quot;,&quot;469777815&quot;:&quot;multilevel&quot;}\" data-aria-posinset=\"1\" data-aria-level=\"1\"><b><span data-contrast=\"auto\">Stress- &amp; Erholungsanalyse<\/span><\/b><span data-contrast=\"auto\"> f\u00fcr bessere Balance<\/span><span data-ccp-props=\"{&quot;134233117&quot;:true,&quot;134233118&quot;:true,&quot;201341983&quot;:0,&quot;335559740&quot;:240}\">\u00a0<\/span><\/li><li aria-setsize=\"-1\" data-leveltext=\"\uf0b7\" data-font=\"Symbol\" data-listid=\"2\" data-list-defn-props=\"{&quot;335552541&quot;:1,&quot;335559685&quot;:720,&quot;335559991&quot;:360,&quot;469769226&quot;:&quot;Symbol&quot;,&quot;469769242&quot;:[8226],&quot;469777803&quot;:&quot;left&quot;,&quot;469777804&quot;:&quot;\uf0b7&quot;,&quot;469777815&quot;:&quot;multilevel&quot;}\" data-aria-posinset=\"1\" data-aria-level=\"1\"><b><span data-contrast=\"auto\">Sportmodus<\/span><\/b><span data-contrast=\"auto\"> &amp; Aktivit\u00e4tstracking<\/span><span data-ccp-props=\"{&quot;134233117&quot;:true,&quot;134233118&quot;:true,&quot;201341983&quot;:0,&quot;335559740&quot;:240}\">\u00a0<\/span><\/li><li aria-setsize=\"-1\" data-leveltext=\"\uf0b7\" data-font=\"Symbol\" data-listid=\"2\" data-list-defn-props=\"{&quot;335552541&quot;:1,&quot;335559685&quot;:720,&quot;335559991&quot;:360,&quot;469769226&quot;:&quot;Symbol&quot;,&quot;469769242&quot;:[8226],&quot;469777803&quot;:&quot;left&quot;,&quot;469777804&quot;:&quot;\uf0b7&quot;,&quot;469777815&quot;:&quot;multilevel&quot;}\" data-aria-posinset=\"1\" data-aria-level=\"1\"><b><span data-contrast=\"auto\">Zyklusmonitoring<\/span><\/b><span data-ccp-props=\"{&quot;134233117&quot;:true,&quot;134233118&quot;:true,&quot;201341983&quot;:0,&quot;335559740&quot;:240}\">\u00a0<\/span><\/li><li aria-setsize=\"-1\" data-leveltext=\"\uf0b7\" data-font=\"Symbol\" data-listid=\"2\" data-list-defn-props=\"{&quot;335552541&quot;:1,&quot;335559685&quot;:720,&quot;335559991&quot;:360,&quot;469769226&quot;:&quot;Symbol&quot;,&quot;469769242&quot;:[8226],&quot;469777803&quot;:&quot;left&quot;,&quot;469777804&quot;:&quot;\uf0b7&quot;,&quot;469777815&quot;:&quot;multilevel&quot;}\" data-aria-posinset=\"1\" data-aria-level=\"1\"><b><span data-contrast=\"auto\">NEU: Datenexport<\/span><\/b><span data-contrast=\"auto\"> per Smartphone oder E-Mail<\/span><span data-ccp-props=\"{&quot;134233117&quot;:true,&quot;134233118&quot;:true,&quot;201341983&quot;:0,&quot;335559740&quot;:240}\">\u00a0<\/span><\/li><li aria-setsize=\"-1\" data-leveltext=\"\uf0b7\" data-font=\"Symbol\" data-listid=\"2\" data-list-defn-props=\"{&quot;335552541&quot;:1,&quot;335559685&quot;:720,&quot;335559991&quot;:360,&quot;469769226&quot;:&quot;Symbol&quot;,&quot;469769242&quot;:[8226],&quot;469777803&quot;:&quot;left&quot;,&quot;469777804&quot;:&quot;\uf0b7&quot;,&quot;469777815&quot;:&quot;multilevel&quot;}\" data-aria-posinset=\"1\" data-aria-level=\"1\"><b><span data-contrast=\"auto\">Ultraleichtes Titan<\/span><\/b><span data-contrast=\"auto\"> (nur 3 g)<\/span><span data-ccp-props=\"{&quot;134233117&quot;:true,&quot;134233118&quot;:true,&quot;201341983&quot;:0,&quot;335559740&quot;:240}\">\u00a0<\/span><\/li><li aria-setsize=\"-1\" data-leveltext=\"\uf0b7\" data-font=\"Symbol\" data-listid=\"2\" data-list-defn-props=\"{&quot;335552541&quot;:1,&quot;335559685&quot;:720,&quot;335559991&quot;:360,&quot;469769226&quot;:&quot;Symbol&quot;,&quot;469769242&quot;:[8226],&quot;469777803&quot;:&quot;left&quot;,&quot;469777804&quot;:&quot;\uf0b7&quot;,&quot;469777815&quot;:&quot;multilevel&quot;}\" data-aria-posinset=\"1\" data-aria-level=\"1\"><b><span data-contrast=\"auto\">Wasserfest bis 50 m<\/span><\/b><span data-ccp-props=\"{&quot;134233117&quot;:true,&quot;134233118&quot;:true,&quot;201341983&quot;:0,&quot;335559740&quot;:240}\">\u00a0<\/span><\/li><li aria-setsize=\"-1\" data-leveltext=\"\uf0b7\" data-font=\"Symbol\" data-listid=\"2\" data-list-defn-props=\"{&quot;335552541&quot;:1,&quot;335559685&quot;:720,&quot;335559991&quot;:360,&quot;469769226&quot;:&quot;Symbol&quot;,&quot;469769242&quot;:[8226],&quot;469777803&quot;:&quot;left&quot;,&quot;469777804&quot;:&quot;\uf0b7&quot;,&quot;469777815&quot;:&quot;multilevel&quot;}\" data-aria-posinset=\"1\" data-aria-level=\"1\"><b><span data-contrast=\"auto\">Bis zu 10 Tage Akkulaufzeit<\/span><\/b><span data-ccp-props=\"{&quot;134233117&quot;:true,&quot;134233118&quot;:true,&quot;201341983&quot;:0,&quot;335559740&quot;:240}\">\u00a0<\/span><\/li><li aria-setsize=\"-1\" data-leveltext=\"\uf0b7\" data-font=\"Symbol\" data-listid=\"2\" data-list-defn-props=\"{&quot;335552541&quot;:1,&quot;335559685&quot;:720,&quot;335559991&quot;:360,&quot;469769226&quot;:&quot;Symbol&quot;,&quot;469769242&quot;:[8226],&quot;469777803&quot;:&quot;left&quot;,&quot;469777804&quot;:&quot;\uf0b7&quot;,&quot;469777815&quot;:&quot;multilevel&quot;}\" data-aria-posinset=\"1\" data-aria-level=\"1\"><b><span data-contrast=\"auto\">100 % EU-DSGVO-konform<\/span><\/b><span data-ccp-props=\"{&quot;134233117&quot;:true,&quot;134233118&quot;:true,&quot;201341983&quot;:0,&quot;335559740&quot;:240}\">\u00a0<\/span><\/li><\/ul>\n<\/div><a class=\"bde-container-link-1040-129 bde-container-link breakdance-link\" href=\"https:\/\/mynextring.com\/ringgroesse\/\" target=\"_blank\" data-type=\"url\">\n  \n  \n\t\n\n\n\n<div class=\"bde-icon-1040-130 bde-icon\">\n\n    \n            <div class=\"bde-icon-icon breakdance-icon-atom\" >\n    \n                    <svg xmlns=\"http:\/\/www.w3.org\/2000\/svg\" width=\"32\" height=\"32\" fill=\"#000000\" viewBox=\"0 0 256 256\"><path d=\"M208,34H160a14,14,0,0,0-14,14V208a14,14,0,0,0,14,14h48a14,14,0,0,0,14-14V48A14,14,0,0,0,208,34Zm2,174a2,2,0,0,1-2,2H160a2,2,0,0,1-2-2V174h26a6,6,0,0,0,0-12H158V134h26a6,6,0,0,0,0-12H158V94h26a6,6,0,0,0,0-12H158V48a2,2,0,0,1,2-2h48a2,2,0,0,1,2,2ZM76.24,27.76a6,6,0,0,0-8.48,0l-32,32A6,6,0,0,0,34,64V208a14,14,0,0,0,14,14H96a14,14,0,0,0,14-14V64a6,6,0,0,0-1.76-4.24ZM46,178V78H66V178ZM78,78H98V178H78ZM72,40.49,97.51,66h-51ZM96,210H48a2,2,0,0,1-2-2V190H98v18A2,2,0,0,1,96,210Z\"\/><\/svg>\n        \n        \n        \n            <\/div>\n    \n\n\n<\/div><div class=\"bde-text-1040-131 bde-text\">\nTIPP: Richtige Ringgr\u00f6\u00dfe feststellen!\n<\/div>\n\n<\/a><div class=\"bde-rich-text-1040-128 bde-rich-text breakdance-rich-text-styles\">\n<p><span class=\"TextRun SCXW168790610 BCX0\" lang=\"DE-AT\" xml:lang=\"DE-AT\" data-contrast=\"auto\"><span class=\"NormalTextRun SCXW168790610 BCX0\">Der neue <\/span><\/span><span class=\"TextRun MacChromeBold SCXW168790610 BCX0\" lang=\"DE-AT\" xml:lang=\"DE-AT\" data-contrast=\"auto\"><span class=\"NormalTextRun SpellingErrorV2Themed SCXW168790610 BCX0\">MYnextRING<\/span><span class=\"NormalTextRun SCXW168790610 BCX0\"> PRO<\/span><\/span><span class=\"TextRun SCXW168790610 BCX0\" lang=\"DE-AT\" xml:lang=\"DE-AT\" data-contrast=\"auto\"><span class=\"NormalTextRun SCXW168790610 BCX0\"> ist da<\/span><span class=\"NormalTextRun SCXW168790610 BCX0\"> &amp; <\/span><span class=\"NormalTextRun SCXW168790610 BCX0\">die Kleine Zeitung bringt Ihnen als Erste<\/span><span class=\"NormalTextRun SCXW168790610 BCX0\">r<\/span><span class=\"NormalTextRun SCXW168790610 BCX0\"> den Vorteil:<\/span><\/span><\/p>\n<\/div><div class=\"bde-rich-text-1040-141 bde-rich-text breakdance-rich-text-styles\">\n<p>Kleine Zeitung Preis:\u00a0 nur <strong>\u20ac 199,20<\/strong><\/p>\n<\/div><div class=\"bde-rich-text-1040-142 bde-rich-text breakdance-rich-text-styles\">\n<p>statt <del datetime=\"2025-12-01T14:30:14+00:00\">\u20ac 249 <\/del>\u00a0. Exklusives Angebot - solange der Vorrat reicht.<\/p>\n<\/div><div class=\"bde-button-1040-104 bde-button\">\n        \n    \n    \n    \n    \n            \n                    \n            \n            \n\n    \n    \n    \n    \n    \n    <a class=\"breakdance-link button-atom button-atom--custom bde-button__button\" href=\"https:\/\/mynextring.com\/produkt\/nextring\/?coupon-code=kleine20\" target=\"_self\" data-type=\"url\"  >\n\n    \n        <span class=\"button-atom__text\">Hier bestellen<\/span>\n\n        \n        \n                <\/a>\n\n    \n\n\n<\/div>\n<\/div><\/div><\/div>\n<\/section>","protected":false},"excerpt":{"rendered":"<p>eine Leser-Aktion von MYnextRING &#038; Kleine Zeitung Kleine Zeitung Exklusiv-ANGEBOT-20 % auf den neuen MYnextRING PRO\u00a0 NEU mit KI-Gesundheitscoach\u00a0inklusive. Ohne Abo. Gesundheit, die am Finger beginnt\u00a0Der MYnextRING PRO erkennt rund um die Uhr, was Ihr K\u00f6rper wirklich braucht. Der neue KI-Coach (ohne Abo!) erkennt Muster, Energie-Fenster und Stress-Spitzen \u2013 und gibt klare Empfehlungen f\u00fcr besseren [&hellip;]<\/p>\n","protected":false},"author":1,"featured_media":0,"parent":0,"menu_order":0,"comment_status":"closed","ping_status":"closed","template":"","meta":{"_breakdance_hide_in_design_set":false,"_breakdance_tags":"","footnotes":""},"class_list":["post-1040","page","type-page","status-publish","hentry"],"_links":{"self":[{"href":"https:\/\/mynextring.com\/pl\/wp-json\/wp\/v2\/pages\/1040","targetHints":{"allow":["GET"]}}],"collection":[{"href":"https:\/\/mynextring.com\/pl\/wp-json\/wp\/v2\/pages"}],"about":[{"href":"https:\/\/mynextring.com\/pl\/wp-json\/wp\/v2\/types\/page"}],"author":[{"embeddable":true,"href":"https:\/\/mynextring.com\/pl\/wp-json\/wp\/v2\/users\/1"}],"replies":[{"embeddable":true,"href":"https:\/\/mynextring.com\/pl\/wp-json\/wp\/v2\/comments?post=1040"}],"version-history":[{"count":5,"href":"https:\/\/mynextring.com\/pl\/wp-json\/wp\/v2\/pages\/1040\/revisions"}],"predecessor-version":[{"id":1254,"href":"https:\/\/mynextring.com\/pl\/wp-json\/wp\/v2\/pages\/1040\/revisions\/1254"}],"wp:attachment":[{"href":"https:\/\/mynextring.com\/pl\/wp-json\/wp\/v2\/media?parent=1040"}],"curies":[{"name":"wp","href":"https:\/\/api.w.org\/{rel}","templated":true}]}}