{"id":539,"date":"2025-10-13T11:53:14","date_gmt":"2025-10-13T11:53:14","guid":{"rendered":"https:\/\/mynextring.com\/?post_type=product&#038;p=539"},"modified":"2026-04-23T07:30:37","modified_gmt":"2026-04-23T07:30:37","slug":"nextring-pro","status":"publish","type":"product","link":"https:\/\/mynextring.com\/it\/produkt\/nextring-pro\/","title":{"rendered":"MYnextRING N2 Pro"},"content":{"rendered":"<h3 data-start=\"1583\" data-end=\"1694\">Un benessere che parte dalle dita<\/h3>\n<p data-start=\"363\" data-end=\"962\">Il MYnextRING N2 PRO \u00e8 un elegante anello intelligente in titanio che vi accompagna nella vita di tutti i giorni 24 ore su 24. Grazie alla moderna tecnologia dei sensori, registra costantemente l'attivit\u00e0, il sonno, il recupero e la frequenza cardiaca, in modo preciso, comodo e discreto. L'N2 PRO combina una tecnologia innovativa con un design elegante. Con un peso di soli 3 grammi, \u00e8 quasi senza peso sul dito. La durata della batteria fino a 10 giorni rende l'anello intelligente impermeabile un compagno affidabile in tutte le situazioni.<\/p>\n<p data-start=\"964\" data-end=\"1428\">L'AI coach integrato vi aiuta a riconoscere gli schemi personali nella vostra vita quotidiana e a classificare meglio i vostri dati, senza abbonamento o costi continui. Gli algoritmi intelligenti analizzano i dati nel loro contesto e li traducono in informazioni sul benessere chiare e di facile comprensione. Se volete essere pi\u00f9 consapevoli di come utilizzate l'energia, riconoscere meglio il recupero o pianificare le attivit\u00e0 in modo pi\u00f9 mirato, MYnextRING vi aiuta a capire meglio il vostro ritmo.<\/p>\n<p data-start=\"1430\" data-end=\"1709\">L'applicazione gratuita per iOS e Android riassume tutti i risultati in una chiara panoramica. Invece di una marea di cifre, si ottengono indicazioni, tendenze e intuizioni chiare. Il MYnextRING N2 PRO \u00e8 pi\u00f9 di un semplice indossabile: \u00e8 il vostro compagno intelligente per un maggiore equilibrio nella vita quotidiana.<br data-start=\"1655\" data-end=\"1658\" \/>MYnextRING \u00e8 sinonimo di protezione dei dati made in Europe - conforme al GDPR, sicura e trasparente.<\/p>\n<p data-start=\"1430\" data-end=\"1709\"><strong>Nota:<\/strong><em> MYnextRING non \u00e8 un dispositivo medico e non sostituisce la consulenza, la diagnosi o il trattamento medico.<\/em><br data-start=\"2411\" data-end=\"2414\" \/><em>Tutti i dati raccolti e le analisi sono utilizzati esclusivamente per informazioni personali e per l'orientamento generale al benessere e allo stile di vita.<\/em><\/p>\n<p>&nbsp;<\/p>","protected":false},"excerpt":{"rendered":"<p><span class=\"TextRun SCXW7973565 BCX0\" lang=\"DE-AT\" xml:lang=\"DE-AT\" data-contrast=\"auto\"><span class=\"NormalTextRun SCXW7973565 BCX0\">Il<\/span> nuovo <\/span><span class=\"TextRun MacChromeBold SCXW7973565 BCX0\" lang=\"DE-AT\" xml:lang=\"DE-AT\" data-contrast=\"auto\"><span class=\"NormalTextRun SpellingErrorV2Themed SCXW7973565 BCX0\">MYnextRING<\/span><span class=\"NormalTextRun SCXW7973565 BCX0\"> N2 PRO in titanio<\/span><\/span><span class=\"TextRun SCXW7973565 BCX0\" lang=\"DE-AT\" xml:lang=\"DE-AT\" data-contrast=\"auto\"> vi accompagna 24 ore su 24 e vi aiuta a classificare meglio il vostro benessere. L'AI coach integrato riconosce gli schemi personali, le fasi energetiche e lo stress nella vita di tutti i giorni e fornisce spunti di benessere chiari e comprensibili per un maggiore equilibrio e una routine consapevole. Cos\u00ec potrete prendere decisioni informate ogni giorno. Senza abbonamento, con app gratuita, conforme al GDPR, impermeabile e dotato di una moderna tecnologia di sensori.<\/span><\/p>","protected":false},"featured_media":9378,"comment_status":"closed","ping_status":"closed","template":"","meta":[],"product_brand":[],"product_cat":[32],"product_tag":[],"class_list":{"0":"post-539","1":"product","2":"type-product","3":"status-publish","4":"has-post-thumbnail","6":"product_cat-mynextring","7":"product_shipping_class-freeshipping","9":"first","10":"instock","11":"taxable","12":"shipping-taxable","13":"purchasable","14":"product-type-variable"},"_links":{"self":[{"href":"https:\/\/mynextring.com\/it\/wp-json\/wp\/v2\/product\/539","targetHints":{"allow":["GET"]}}],"collection":[{"href":"https:\/\/mynextring.com\/it\/wp-json\/wp\/v2\/product"}],"about":[{"href":"https:\/\/mynextring.com\/it\/wp-json\/wp\/v2\/types\/product"}],"replies":[{"embeddable":true,"href":"https:\/\/mynextring.com\/it\/wp-json\/wp\/v2\/comments?post=539"}],"wp:featuredmedia":[{"embeddable":true,"href":"https:\/\/mynextring.com\/it\/wp-json\/wp\/v2\/media\/9378"}],"wp:attachment":[{"href":"https:\/\/mynextring.com\/it\/wp-json\/wp\/v2\/media?parent=539"}],"wp:term":[{"taxonomy":"product_brand","embeddable":true,"href":"https:\/\/mynextring.com\/it\/wp-json\/wp\/v2\/product_brand?post=539"},{"taxonomy":"product_cat","embeddable":true,"href":"https:\/\/mynextring.com\/it\/wp-json\/wp\/v2\/product_cat?post=539"},{"taxonomy":"product_tag","embeddable":true,"href":"https:\/\/mynextring.com\/it\/wp-json\/wp\/v2\/product_tag?post=539"}],"curies":[{"name":"wp","href":"https:\/\/api.w.org\/{rel}","templated":true}]}}