{"id":2939,"date":"2026-02-20T13:49:43","date_gmt":"2026-02-20T13:49:43","guid":{"rendered":"https:\/\/mynextring.com\/?post_type=product&#038;p=2939"},"modified":"2026-04-14T13:55:51","modified_gmt":"2026-04-14T13:55:51","slug":"mynextring-n2-pro-julia-edition","status":"publish","type":"product","link":"https:\/\/mynextring.com\/it\/produkt\/mynextring-n2-pro-julia-edition\/","title":{"rendered":"MYnextRING N2 Pro Julia Edition, compresa la custodia da viaggio"},"content":{"rendered":"<h3 data-start=\"1583\" data-end=\"1694\">La salute inizia dalle dita<\/h3>\n<p data-start=\"1583\" data-end=\"1694\">MYnextRING N2 PRO \u00e8 un elegante smart ring in titanio che misura 24 ore su 24 la frequenza cardiaca, il sonno, lo stress e l'attivit\u00e0 fisica in modo discreto, preciso e confortevole. N2 PRO combina una tecnologia di sensori all'avanguardia e un design elegante in lega di titanio di alta qualit\u00e0. Con un peso di soli 3 grammi, \u00e8 quasi impercettibile al dito e ti accompagna discretamente durante la giornata. <strong>Fino a 12 giorni <\/strong><strong>durata della batteria<\/strong>\u00a0rendono lo Smartring impermeabile un compagno affidabile in tutte le situazioni.<\/p>\n<p data-start=\"1583\" data-end=\"1694\">Il nuovo e innovativo AI Coach riconosce le tue abitudini quotidiane e ti mostra come ottimizzare la tua routine quotidiana, senza abbonamento e senza costi ricorrenti. Il <strong>Algoritmo di deep learning<\/strong> analizza in tempo reale i valori, il monitoraggio del sonno, la capacit\u00e0 di recupero e i livelli di stress. L'AI coach trasforma questi dati in raccomandazioni chiare e di facile comprensione. Che si tratti di una panoramica sullo stress, del monitoraggio dei modelli di sonno o di un allenamento pi\u00f9 mirato, MYnextRING vi supporta dove conta davvero.<\/p>\n<p>Grazie alla sua app intelligente per iOS e Android, ti aiuta a comprendere meglio il tuo corpo. MYnextRING N2 PRO \u00e8 pi\u00f9 di un semplice dispositivo indossabile: \u00e8<strong> tuo <\/strong><strong>Allenatore personale di benessere<\/strong>, che vi fornisce ogni giorno un'assistenza intelligente. Protezione dei dati? Naturalmente 100 % conformi al GDPR. Questo anello viene fornito con una custodia da viaggio con batteria integrata.<\/p>\n<div class=\"page\" title=\"Pagina 2\">\n<div class=\"section\">\n<div class=\"layoutArea\">\n<div class=\"column\">\n<p>Nota importante: non \u00e8 un dispositivo medico. Non \u00e8 destinato alla diagnosi, al trattamento o alla prevenzione di malattie.<\/p>\n<\/div>\n<\/div>\n<\/div>\n<\/div>","protected":false},"excerpt":{"rendered":"<p>Il nuovo MYnextRING N2 PRO JULIA EDITION in titanio riconosce ci\u00f2 di cui il corpo ha realmente bisogno 24 ore su 24. Il nuovo AI coach riconosce gli schemi e i picchi di stress e fornisce raccomandazioni chiare per un maggiore benessere e un allenamento pi\u00f9 intelligente. Il nuovo AI coach riconosce gli schemi, le finestre energetiche e i picchi di stress e fornisce raccomandazioni chiare per un migliore benessere, un maggiore equilibrio e un allenamento pi\u00f9 intelligente. Cos\u00ec potrete prendere decisioni migliori ogni giorno. <strong>Include una custodia da viaggio con supporto integrato per la ricarica della batteria.<\/strong>, app gratuita - senza abbonamento, conforme al GDPR dell'UE, impermeabile con tecnologia di sensori di alta gamma.<\/p>\n<p><strong>Se avete gi\u00e0 ordinato, potete riscattare il vostro buono per l'anello in qualsiasi momento - nella misura e nel colore che preferite.<\/strong><\/p>\n<p>&nbsp;<\/p>","protected":false},"featured_media":4023,"comment_status":"closed","ping_status":"closed","template":"","meta":[],"product_brand":[],"product_cat":[32],"product_tag":[],"class_list":{"0":"post-2939","1":"product","2":"type-product","3":"status-publish","4":"has-post-thumbnail","6":"product_cat-mynextring","7":"product_shipping_class-freeshipping","9":"first","10":"instock","11":"sale","12":"taxable","13":"shipping-taxable","14":"purchasable","15":"product-type-variable"},"_links":{"self":[{"href":"https:\/\/mynextring.com\/it\/wp-json\/wp\/v2\/product\/2939","targetHints":{"allow":["GET"]}}],"collection":[{"href":"https:\/\/mynextring.com\/it\/wp-json\/wp\/v2\/product"}],"about":[{"href":"https:\/\/mynextring.com\/it\/wp-json\/wp\/v2\/types\/product"}],"replies":[{"embeddable":true,"href":"https:\/\/mynextring.com\/it\/wp-json\/wp\/v2\/comments?post=2939"}],"wp:featuredmedia":[{"embeddable":true,"href":"https:\/\/mynextring.com\/it\/wp-json\/wp\/v2\/media\/4023"}],"wp:attachment":[{"href":"https:\/\/mynextring.com\/it\/wp-json\/wp\/v2\/media?parent=2939"}],"wp:term":[{"taxonomy":"product_brand","embeddable":true,"href":"https:\/\/mynextring.com\/it\/wp-json\/wp\/v2\/product_brand?post=2939"},{"taxonomy":"product_cat","embeddable":true,"href":"https:\/\/mynextring.com\/it\/wp-json\/wp\/v2\/product_cat?post=2939"},{"taxonomy":"product_tag","embeddable":true,"href":"https:\/\/mynextring.com\/it\/wp-json\/wp\/v2\/product_tag?post=2939"}],"curies":[{"name":"wp","href":"https:\/\/api.w.org\/{rel}","templated":true}]}}