{"id":443,"date":"2025-10-14T08:38:14","date_gmt":"2025-10-14T08:38:14","guid":{"rendered":"https:\/\/mynextring.com\/?page_id=443"},"modified":"2025-10-15T06:17:06","modified_gmt":"2025-10-15T06:17:06","slug":"revoca","status":"publish","type":"page","link":"https:\/\/mynextring.com\/it\/widerruf\/","title":{"rendered":"Politica di rimborso e restituzione"},"content":{"rendered":"<section class=\"bde-section-443-100 bde-section\">\n  \n  \n\t\n\n\n\n<div class=\"section-container\"><h1 class=\"bde-heading-443-101 bde-heading\">\nRevoca e rimborso\n<\/h1><div class=\"bde-rich-text-443-102 bde-rich-text breakdance-rich-text-styles\">\n<h2><strong>Diritto di recesso<\/strong><\/h2><p>Hai il diritto di recedere dal contratto entro quattordici giorni senza fornire alcuna motivazione.<strong> Negozio MYnextRING<\/strong> Il termine di recesso \u00e8 di quattordici giorni a partire dal giorno in cui voi o un terzo da voi designato, che non sia il vettore, avete preso possesso dell'ultima merce. Per esercitare il vostro diritto di recesso, dovete inviarci (ilogs smartwear GmbH, Krone Platz 1, A-9020 Klagenfurt a. W., <strong>E-mail:<\/strong>\u00a0<a href=\"mailto:support@mynextring.com\" target=\"_blank\" rel=\"noopener noreferrer nofollow\">support@mynextring.com<\/a>,\u00a0<strong>Tel.:<\/strong>\u00a0+43 463 305 003) tramite una\u00a0<strong>dichiarazione chiara<\/strong>\u00a0(ad es. una lettera inviata per posta o un'e-mail) della vostra decisione di recedere dal presente contratto. A tal fine potete utilizzare il modulo di recesso allegato, che tuttavia non \u00e8 obbligatorio. Se decidete di avvalervi di questa possibilit\u00e0, vi invieremo immediatamente (via e-mail) una conferma della ricezione di tale recesso.<\/p><p>Per rispettare il termine di recesso \u00e8 sufficiente inviare la comunicazione relativa all'esercizio del diritto di recesso prima della scadenza del termine di recesso.<\/p><p><strong>Il consumatore non ha diritto di recesso nei contratti relativi a:<\/strong><br \/>Merci realizzate secondo le specifiche del cliente o chiaramente personalizzate in base alle esigenze individuali.<\/p><h2><strong>Conseguenze del recesso<\/strong><\/h2><p>Se recedi dal presente contratto, ti rimborseremo tutti i pagamenti che abbiamo ricevuto da te, comprese le spese di consegna (ad eccezione dei costi aggiuntivi derivanti dalla tua scelta di un tipo di consegna diverso dalla consegna standard pi\u00f9 economica da noi offerta), senza indugio e al pi\u00f9 tardi entro quattordici giorni dal giorno in cui abbiamo ricevuto la comunicazione del tuo recesso dal presente contratto. Per questo rimborso utilizzeremo lo stesso mezzo di pagamento da Lei utilizzato per la transazione originale, salvo diversamente concordato con Lei; in nessun caso Le saranno addebitati costi per questo rimborso.<\/p><p>Possiamo rifiutare il rimborso fino a quando non avremo ricevuto la merce o fino a quando non avrete fornito la prova di averla restituita, a seconda di quale delle due condizioni si verifichi per prima.<\/p><p>\u00c8 necessario restituire o consegnare la merce immediatamente e in ogni caso entro quattordici giorni dalla data in cui ci ha comunicato la revoca del presente contratto. Il termine \u00e8 rispettato se la merce viene spedita prima della scadenza del termine di quattordici giorni. I costi della restituzione della merce sono a nostro carico. L'utente \u00e8 responsabile di un'eventuale perdita di valore della merce solo se tale perdita di valore \u00e8 riconducibile a un trattamento della merce non necessario per verificarne la natura, le caratteristiche e il funzionamento.<\/p>\n<\/div><\/div>\n<\/section>","protected":false},"excerpt":{"rendered":"<p>Widerruf und R\u00fcckerstattung WiderrufsrechtSie haben das Recht, binnen vierzehn Tagen ohne Angabe von Gr\u00fcnden Ihren Vertrag mit MYnextRING Shop zu widerrufen. Die Widerrufsfrist betr\u00e4gt vierzehn Tage ab dem Tag, an dem Sie oder ein von Ihnen benannter Dritter, der nicht der Bef\u00f6rderer ist, die letzte Ware in Besitz genommen haben bzw. hat. Um Ihr Widerrufsrecht [&hellip;]<\/p>\n","protected":false},"author":1,"featured_media":0,"parent":0,"menu_order":0,"comment_status":"closed","ping_status":"closed","template":"","meta":{"_breakdance_hide_in_design_set":false,"_breakdance_tags":"","footnotes":""},"class_list":["post-443","page","type-page","status-publish","hentry"],"_links":{"self":[{"href":"https:\/\/mynextring.com\/it\/wp-json\/wp\/v2\/pages\/443","targetHints":{"allow":["GET"]}}],"collection":[{"href":"https:\/\/mynextring.com\/it\/wp-json\/wp\/v2\/pages"}],"about":[{"href":"https:\/\/mynextring.com\/it\/wp-json\/wp\/v2\/types\/page"}],"author":[{"embeddable":true,"href":"https:\/\/mynextring.com\/it\/wp-json\/wp\/v2\/users\/1"}],"replies":[{"embeddable":true,"href":"https:\/\/mynextring.com\/it\/wp-json\/wp\/v2\/comments?post=443"}],"version-history":[{"count":0,"href":"https:\/\/mynextring.com\/it\/wp-json\/wp\/v2\/pages\/443\/revisions"}],"wp:attachment":[{"href":"https:\/\/mynextring.com\/it\/wp-json\/wp\/v2\/media?parent=443"}],"curies":[{"name":"wp","href":"https:\/\/api.w.org\/{rel}","templated":true}]}}