{"id":19,"date":"2025-07-10T07:04:23","date_gmt":"2025-07-10T07:04:23","guid":{"rendered":"https:\/\/mynextring.de\/?page_id=19"},"modified":"2025-08-20T10:48:54","modified_gmt":"2025-08-20T10:48:54","slug":"informativa-sulla-privacy","status":"publish","type":"page","link":"https:\/\/mynextring.com\/it\/privacy-policy\/","title":{"rendered":"Informativa sulla privacy"},"content":{"rendered":"<section class=\"bde-section-19-100 bde-section\">\n  \n  \n\t\n\n\n\n<div class=\"section-container\"><h1 class=\"bde-heading-19-101 bde-heading\">\nInformativa sulla privacy\n<\/h1><div class=\"bde-rich-text-19-102 bde-rich-text breakdance-rich-text-styles\">\n<div class=\"et_pb_section et_pb_section_0 wak-datenschutz-texte et_pb_with_background et_section_regular wp-dark-mode-bg-image\"><div class=\"et_pb_row et_pb_row_0 et_pb_gutters1 et_had_animation\"><div class=\"et_pb_column et_pb_column_4_4 et_pb_column_0  et_pb_css_mix_blend_mode_passthrough et-last-child\"><div class=\"et_pb_module et_pb_text et_pb_text_2  et_pb_text_align_left et_pb_bg_layout_light\"><div class=\"et_pb_text_inner\"><h4 tabindex=\"-1\">Fondamenti<\/h4><p>ilogs smartwear GmbH - di seguito denominata \"ILOGS\" - attribuisce grande importanza alla protezione dei vostri dati personali. Nell'elaborazione dei vostri dati, ci atteniamo alle disposizioni vigenti del Regolamento generale europeo sulla protezione dei dati (GDPR) e successive modifiche. Di seguito troverete una spiegazione di come trattiamo i vostri dati personali quando utilizzate il nostro sito web, il web shop, l'applicazione web, le applicazioni per smartphone, il nostro smart ring o i nostri servizi e quando contattate il nostro team di assistenza.<\/p><\/div><\/div><div class=\"et_pb_module et_pb_text et_pb_text_3  et_pb_text_align_left et_pb_bg_layout_light\"><div class=\"et_pb_text_inner\"><h4 tabindex=\"-1\">Modifiche alla presente informativa sulla privacy<\/h4><p>La presente Informativa sulla privacy verr\u00e0 regolarmente rivista e aggiornata in base all'evoluzione delle leggi, delle tecniche e degli affari. Quando aggiorneremo la presente Informativa sulla privacy, annoteremo la data dell'ultima revisione all'inizio della presente informativa. Vi invitiamo a rivedere periodicamente questa Informativa sulla privacy per essere sempre informati su come stiamo proteggendo i vostri dati personali.<\/p><\/div><\/div><div class=\"et_pb_module et_pb_text et_pb_text_4  et_pb_text_align_left et_pb_bg_layout_light\"><div class=\"et_pb_text_inner\"><h4 tabindex=\"-1\">Responsabile del trattamento dei dati<\/h4><p>Responsabile del trattamento dei dati personali \u00e8 ilogs smartwear GmbH, Krone Platz 1, 9020 Klagenfurt am W\u00f6rthersee, Austria. In caso di domande, si prega di contattarci via e-mail: datenschutz@ilogs.care o di scrivere direttamente al nostro responsabile della protezione dei dati:<\/p><p>ilogs smartwear GmbH<br \/>All'attenzione di Andreas Jansa, Protezione dei dati personali<br \/>Krone Platz 1 | 9020 Klagenfurt am W\u00f6rthersee<br \/>Austria<\/p><\/div><\/div><div class=\"et_pb_module et_pb_text et_pb_text_5  et_pb_text_align_left et_pb_bg_layout_light\"><div class=\"et_pb_text_inner\"><h4 tabindex=\"-1\">Quali dati vengono raccolti da voi e come<\/h4><p>A seconda dello scopo e del modo in cui ci contattate o dei nostri prodotti che utilizzate, potreste fornirci dei dati che elaboriamo. Di seguito troverete una panoramica dei dati che potete trasmetterci attraverso quali canali.<\/p><\/div><\/div><div class=\"et_pb_module et_pb_text et_pb_text_6  et_pb_text_align_left et_pb_bg_layout_light\"><div class=\"et_pb_text_inner\"><h4 tabindex=\"-1\">Quali canali vengono utilizzati per raccogliere i dati<\/h4><p>Potete contattarci in vari modi. I dati vengono raccolti da voi per fornire i nostri servizi. Ci\u00f2 include il nostro sito web, il web shop, l'applicazione web, le applicazioni per smartphone (ad es. l'app Nextring) e i servizi, nonch\u00e9 la vostra comunicazione nell'ambito di una richiesta di assistenza.<\/p><h5 tabindex=\"-1\">I dati che ci trasmettete<\/h5><p>Quando utilizzate i nostri dispositivi (come lo Smartring N1) e servizi, potete fornirci i seguenti dati personali:<\/p><p>- Dati anagrafici come nome, cognome, nome utente, titolo<br \/>- Dati di contatto come l'indirizzo di fatturazione, l'indirizzo di consegna, l'indirizzo di casa, l'e-mail e il telefono.<br \/>- Informazioni sull'utente quali sesso, altezza e peso, ID utente e altre informazioni fornite dall'utente stesso<br \/>- Informazioni sull'attivit\u00e0 e sul contesto fornite dagli utenti, come attivit\u00e0, note, commenti, feedback dell'utente e tag inseriti nell'app.<br \/>- Calcolo dei dati relativi all'utente, al sonno, alla salute e all'attivit\u00e0, come le fasi del sonno (profondo, leggero, REM, veglia), il livello di attivit\u00e0 durante il giorno, la forma fisica giornaliera e l'indice di massa corporea.<br \/>- Dati di accesso come nome utente e password per i nostri sistemi<\/p><h5 tabindex=\"-1\">Dati che raccogliamo automaticamente dall'utente<\/h5><p>Oltre ai dati forniti dall'utente, vengono raccolti i seguenti dati:<\/p><p>- Dati tecnici quali indirizzo MAC e IP, tipo di browser, sistema operativo, tipo di dispositivo utilizzato per accedere ai nostri siti web e applicazioni<br \/>- Dati di utilizzo delle funzioni che utilizzate nei nostri siti web e nelle nostre applicazioni.<br \/>- Il contenuto delle conversazioni con il nostro servizio di assistenza pu\u00f2 essere trascritto in ticket per il follow-up.<\/p><\/div><\/div><\/div><\/div><\/div><div class=\"et_pb_section et_pb_section_1 wak-datenschutz-texte et_pb_with_background et_section_regular wp-dark-mode-bg-image\"><div class=\"et_pb_row et_pb_row_1 et_pb_gutters1\"><div class=\"et_pb_column et_pb_column_4_4 et_pb_column_1  et_pb_css_mix_blend_mode_passthrough et-last-child\"><div class=\"et_pb_module et_pb_text et_pb_text_7  et_pb_text_align_left et_pb_bg_layout_light\"><div class=\"et_pb_text_inner\"><h4 tabindex=\"-1\">Come proteggiamo i vostri dati<\/h4><h5 tabindex=\"-1\">Luogo di trattamento dei dati<\/h5><p>I vostri dati sono trattati all'interno dell'UE e dello Spazio economico europeo. Attualmente si tratta di un centro dati certificato ISO 9001:2015 e ISO 27001:2013 in Francia. Il trasferimento dei dati dall'APP al centro dati \u00e8 criptato.<\/p><h5 tabindex=\"-1\">Misure tecniche e organizzative (TOM)<\/h5><p>I TOM sono implementati da ILOGS in conformit\u00e0 al GDPR. Vengono continuamente valutati per la fattibilit\u00e0 e lo stato dell'arte e, se necessario, migliorati e portati a un livello superiore di sicurezza e protezione.<\/p><\/div><\/div><div class=\"et_pb_module et_pb_text et_pb_text_8  et_pb_text_align_left et_pb_bg_layout_light\"><div class=\"et_pb_text_inner\"><h4 tabindex=\"-1\">Per quali finalit\u00e0 saranno trattati i vostri dati<\/h4><p>I dati raccolti dall'utente saranno trattati per le seguenti finalit\u00e0 specifiche. Possono essere applicate contemporaneamente finalit\u00e0 diverse.<\/p><p>- Fornitura di prodotti e servizi<br \/>- Tariffazione dei nostri servizi<br \/>- Comunicare con voi in merito alle vostre richieste<br \/>- Miglioramento dei nostri prodotti e servizi<br \/>- Marketing: vi informiamo di nuovi prodotti via e-mail<\/p><p>Nota:<br \/>Se le informazioni vengono raggruppate o rese anonime, non sono pi\u00f9 dati personali.<\/p><\/div><\/div><div class=\"et_pb_module et_pb_text et_pb_text_9  et_pb_text_align_left et_pb_bg_layout_light\"><div class=\"et_pb_text_inner\"><h4 tabindex=\"-1\">Divulgazione a terzi<\/h4><p>ILOGS non vende n\u00e9 affitta i dati personali dell'utente e li condivide solo con alcuni fornitori di servizi e partner di fiducia per fornire e migliorare i nostri servizi, per attivare servizi di partner e altre offerte e per gestire la nostra attivit\u00e0. Ogni volta che condividiamo i dati con fornitori di servizi terzi, richiediamo che i vostri dati siano utilizzati solo per gli scopi da noi autorizzati e solo per i motivi indicati nella presente Informativa sulla privacy. Chiediamo inoltre a questi fornitori di servizi di proteggere i vostri dati personali almeno secondo gli stessi standard che applichiamo noi stessi.<\/p><p>Di seguito \u00e8 riportato un elenco dei fornitori di terze parti e dei sistemi utilizzati.<\/p><p>- Microsoft 365 per l'elaborazione delle vostre richieste via e-mail<br \/>- Atlassian Jira per l'elaborazione delle vostre richieste di informazioni (anche per telefono e via e-mail)<br \/>- Google Analytics per analizzare le attivit\u00e0 sul nostro sito web<br \/>- WooCommerce per l'elaborazione degli acquisti nel nostro negozio web<br \/>- GoCardless per l'elaborazione dei pagamenti SEPA<br \/>- Apple: se si condividono i dati dell'anello con Apple Health<\/p><h5 tabindex=\"-1\">Subappaltatore<\/h5><p>ILOGS lavora a stretto contatto con la societ\u00e0 Joint Chinese Limited - con indirizzo: Building 6 and 4, Huafeng Tech Park, Guangtian Road, Luotian Industrial Area, Songgang Town, Bao'an District, Shenzhen, P.R. China - per l'ulteriore sviluppo degli anelli e dell'APP e per il funzionamento del server nell'UE. Le due societ\u00e0 hanno stipulato un accordo per il rispetto delle norme sulla protezione dei dati.<\/p><\/div><\/div><div class=\"et_pb_module et_pb_text et_pb_text_10  et_pb_text_align_left et_pb_bg_layout_light\"><div class=\"et_pb_text_inner\"><h4 tabindex=\"-1\">Per quanto tempo saranno trattati i vostri dati<\/h4><p>Il periodo di conservazione dei vostri dati personali dipende generalmente dalla durata del ciclo di vita del vostro account Nextring. I vostri dati personali saranno cancellati non appena non saranno pi\u00f9 necessari per lo scopo per cui sono stati originariamente raccolti, a meno che la legge non ci imponga di conservarli pi\u00f9 a lungo. Ad esempio, i dati di misurazione del sonno, della forma fisica giornaliera e dell'attivit\u00e0 saranno conservati solo per il periodo in cui il vostro account Nextring \u00e8 attivo.<\/p><p>ILOGS \u00e8 inoltre tenuta per legge a conservare alcuni dati personali per un determinato periodo di tempo, ad esempio per scopi fiscali. Questi periodi di conservazione obbligatori possono riguardare, ad esempio, requisiti contabili e fiscali, rivendicazioni legali o altri scopi giuridici. Si noti che i periodi di conservazione obbligatoria dei dati personali variano a seconda della legge applicabile.<\/p><p>Potete cancellare il vostro account Nextring in qualsiasi momento dall'app. Potete anche comunicarci per iscritto che dobbiamo cancellare tutti i vostri dati.<\/p><\/div><\/div><div class=\"et_pb_module et_pb_text et_pb_text_11  et_pb_text_align_left et_pb_bg_layout_light\"><div class=\"et_pb_text_inner\"><h4 tabindex=\"-1\">Biscotti<\/h4><p>Il sito web o il software installato sul server utilizza i cookie. I cookie sono file di testo che ricevono informazioni e consentono di utilizzare funzionalit\u00e0 estese (ad esempio, il controllo della protezione antispam nel modulo di contatto, se attivato). (I cookie memorizzano solo le informazioni necessarie e non possono causare danni al vostro computer. Potete definire voi stessi la durata di memorizzazione dei cookie nel profilo del vostro browser e cancellare i cookie sul vostro computer in qualsiasi momento. I cookie sono tecnicamente necessari per garantire la piena funzionalit\u00e0 di questo sito web in qualsiasi momento.<\/p><\/div><\/div><div class=\"et_pb_module et_pb_text et_pb_text_12  et_pb_text_align_left et_pb_bg_layout_light\"><div class=\"et_pb_text_inner\"><h4 tabindex=\"-1\">Base giuridica del trattamento<\/h4><p>Le nostre basi giuridiche per il trattamento dei vostri dati dipendono dalle rispettive finalit\u00e0 di trattamento. Queste sono<\/p><p><strong>- Contratto<\/strong><br \/>Quando trattiamo i dati personali allo scopo di fornire servizi, ci\u00f2 avviene sulla base di un accordo con l'utente, che viene stipulato al momento della creazione del suo account e dell'accettazione delle nostre condizioni d'uso.<\/p><p><strong>- Consenso<\/strong><br \/>Trattiamo i vostri dati personali sensibili solo con il vostro consenso. In alcuni casi, le vostre azioni costituiscono un consenso al trattamento dei vostri dati, ad esempio quando aggiungete dati sanitari alle vostre note o aggiungete tag relativi alla salute nell'app.<\/p><p><strong>- Interesse legittimo<\/strong><br \/>Trattiamo i vostri dati personali sulla base dei nostri legittimi interessi quando li trattiamo per commercializzare i nostri prodotti e siti web, per fornire il nostro servizio clienti e per migliorare i nostri servizi. Quando decidiamo di utilizzare i vostri dati personali sulla base dei nostri legittimi interessi, valutiamo attentamente i nostri interessi e il vostro diritto alla protezione dei dati in conformit\u00e0 con la legge applicabile.<\/p><p><strong>- Obbligo legale<\/strong><br \/>Dobbiamo trattare determinate informazioni per adempiere agli obblighi di legge, che possono variare da paese a paese. Tali obblighi possono derivare, ad esempio, dalle leggi sulla protezione dei consumatori o dalle leggi fiscali.<\/p><\/div><\/div><div class=\"et_pb_module et_pb_text et_pb_text_13  et_pb_text_align_left et_pb_bg_layout_light\"><div class=\"et_pb_text_inner\"><h4 tabindex=\"-1\">Divulgazione dei dati personali<\/h4><p>Ci riserviamo il diritto di divulgare i dati personali in determinate circostanze, ad es:<\/p><p>- se abbiamo il vostro esplicito consenso a farlo<br \/>- se \u00e8 ragionevolmente necessario per i nostri legittimi interessi nella conduzione delle nostre attivit\u00e0, ad esempio in caso di fusione, acquisizione o vendita<br \/>- proteggere i diritti legali e la propriet\u00e0 di Nextring e<br \/>- per soddisfare requisiti legali. Tuttavia, ILOGS si opporr\u00e0 a qualsiasi richiesta di fornire alle autorit\u00e0 preposte all'applicazione della legge l'accesso ai dati degli utenti per scopi di sorveglianza o di applicazione della legge e informer\u00e0 gli utenti nel caso in cui ricevesse tale richiesta, nella misura consentita dalla legge.<\/p><p>In caso contrario, i vostri dati personali non saranno mai trasmessi a privati o ad altre organizzazioni.<\/p><\/div><\/div><div class=\"et_pb_module et_pb_text et_pb_text_14  et_pb_text_align_left et_pb_bg_layout_light\"><div class=\"et_pb_text_inner\"><h4 tabindex=\"-1\">I vostri diritti in materia di protezione dei dati<\/h4><p>In qualit\u00e0 di utente finale, avete questi diritti anche se avete un rapporto contrattuale con un partner commerciale ILOGS.<\/p><p><strong>Obbligo di informazione<\/strong><br \/>Gli interessati devono essere informati sui dettagli del trattamento dei dati e sui loro diritti (chi\/cosa\/dove\/come\/perch\u00e9).<\/p><p><strong>Diritto all'informazione<\/strong><br \/>Deve essere possibile separare le informazioni su quali dati dell'interessato vengono memorizzati o elaborati dai dati di altre persone.<\/p><p><strong>Diritto di rettifica<\/strong><br \/>Per evitare analisi errate.<\/p><p><strong>Diritto alla cancellazione (\"diritto all'oblio\")<\/strong><br \/>In assenza di necessit\u00e0, consenso e liceit\u00e0. I dati personali devono essere cancellati anche dopo la scadenza (ad esempio, dopo la cessazione di un rapporto commerciale).<\/p><p><strong>Diritto alla limitazione del trattamento<\/strong><br \/>Per la durata dei controlli o per la difesa di rivendicazioni legali. Deve essere possibile escludere i dati dal trattamento senza cancellarli.<\/p><p><strong>Diritto al trasferimento dei dati<\/strong><br \/>I dati personali devono essere trasmessi ad altri fornitori di servizi su richiesta. Ci\u00f2 deve avvenire automaticamente o in forma strutturata.<\/p><p><strong>Diritto di obiezione<\/strong><br \/>In caso di interessi superiori, l'interessato pu\u00f2 vietare il trattamento dei propri dati.<\/p><p><strong>Diritto di appello<\/strong><br \/>Se ritenete che il trattamento dei vostri dati violi la legge sulla protezione dei dati o che i vostri diritti di protezione dei dati siano stati violati in qualsiasi altro modo, potete presentare un reclamo all'autorit\u00e0 di vigilanza. In Austria, questa \u00e8 l'autorit\u00e0 di protezione dei dati\u00a0<a role=\"link\" href=\"https:\/\/www.dsb.gv.at\/\">https:\/\/www.dsb.gv.at<\/a>.<\/p><\/div><\/div><\/div><\/div><\/div>\n<\/div><\/div>\n<\/section>","protected":false},"excerpt":{"rendered":"<p>Datenschutz\u00aderkl\u00e4rung GrundlegendesDie ilogs smartwear GmbH \u2013 im Folgenden \u201eILOGS\u201c \u2013 legt gro\u00dfen Wert darauf, Ihre pers\u00f6nlichen Daten zu sch\u00fctzen. Bei der Verarbeitung halten wir uns an die aktuellen Bestimmungen der europ\u00e4ischen Datenschutzgrundverordnung (DSGVO) in der jeweils geltenden Fassung. Nachstehend finden Sie die Erl\u00e4uterung, in welcher Art und Weise wir Ihre personenbezogenen Daten verarbeiten, wenn sie [&hellip;]<\/p>\n","protected":false},"author":1,"featured_media":0,"parent":0,"menu_order":0,"comment_status":"closed","ping_status":"closed","template":"","meta":{"_breakdance_hide_in_design_set":false,"_breakdance_tags":"","footnotes":""},"class_list":["post-19","page","type-page","status-publish","hentry"],"_links":{"self":[{"href":"https:\/\/mynextring.com\/it\/wp-json\/wp\/v2\/pages\/19","targetHints":{"allow":["GET"]}}],"collection":[{"href":"https:\/\/mynextring.com\/it\/wp-json\/wp\/v2\/pages"}],"about":[{"href":"https:\/\/mynextring.com\/it\/wp-json\/wp\/v2\/types\/page"}],"author":[{"embeddable":true,"href":"https:\/\/mynextring.com\/it\/wp-json\/wp\/v2\/users\/1"}],"replies":[{"embeddable":true,"href":"https:\/\/mynextring.com\/it\/wp-json\/wp\/v2\/comments?post=19"}],"version-history":[{"count":0,"href":"https:\/\/mynextring.com\/it\/wp-json\/wp\/v2\/pages\/19\/revisions"}],"wp:attachment":[{"href":"https:\/\/mynextring.com\/it\/wp-json\/wp\/v2\/media?parent=19"}],"curies":[{"name":"wp","href":"https:\/\/api.w.org\/{rel}","templated":true}]}}