{"id":539,"date":"2025-10-13T11:53:14","date_gmt":"2025-10-13T11:53:14","guid":{"rendered":"https:\/\/mynextring.com\/?post_type=product&#038;p=539"},"modified":"2026-04-23T07:30:37","modified_gmt":"2026-04-23T07:30:37","slug":"nextring-pro","status":"publish","type":"product","link":"https:\/\/mynextring.com\/fr\/produkt\/nextring-pro\/","title":{"rendered":"MYnextRING N2 Pro"},"content":{"rendered":"<h3 data-start=\"1583\" data-end=\"1694\">Le bien-\u00eatre qui commence par le doigt<\/h3>\n<p data-start=\"363\" data-end=\"962\">La MYnextRING N2 PRO est une \u00e9l\u00e9gante smartring en titane qui t'accompagne 24 heures sur 24 dans ta vie quotidienne. Gr\u00e2ce \u00e0 des capteurs modernes, elle enregistre en continu l'activit\u00e9, le sommeil, le repos et l'\u00e9volution de la fr\u00e9quence cardiaque - de mani\u00e8re pr\u00e9cise, confortable et discr\u00e8te. Le N2 PRO allie une technologie innovante \u00e0 un design \u00e9l\u00e9gant. Avec un poids de seulement 3 grammes, il est presque en apesanteur sur le doigt. Jusqu'\u00e0 10 jours d'autonomie de la batterie font de ce smartring \u00e9tanche un compagnon fiable dans toutes les situations.<\/p>\n<p data-start=\"964\" data-end=\"1428\">Le coach IA int\u00e9gr\u00e9 t'aide \u00e0 identifier des mod\u00e8les personnels dans ton quotidien et \u00e0 mieux classer tes donn\u00e9es - sans abonnement, sans frais courants. Des algorithmes intelligents consid\u00e8rent tes donn\u00e9es dans leur contexte et les traduisent en informations claires et faciles \u00e0 comprendre sur le bien-\u00eatre. Qu'il s'agisse d'une gestion plus consciente de l'\u00e9nergie, d'une meilleure perception du repos ou d'une planification plus cibl\u00e9e des activit\u00e9s, MYnextRING t'aide \u00e0 mieux comprendre ton rythme.<\/p>\n<p data-start=\"1430\" data-end=\"1709\">Dans l'application gratuite pour iOS &amp; Android, toutes les connaissances sont clairement rassembl\u00e9es. Au lieu d'une avalanche de chiffres, tu obtiens une orientation, des tendances et des informations compr\u00e9hensibles. Le MYnextRING N2 PRO est plus qu'un wearable - c'est ton compagnon intelligent pour plus d'\u00e9quilibre au quotidien.<br data-start=\"1655\" data-end=\"1658\" \/>MYnextRING est synonyme de protection des donn\u00e9es made in Europe - conforme au RGPD, s\u00fbre et transparente.<\/p>\n<p data-start=\"1430\" data-end=\"1709\"><strong>Remarque :<\/strong><em> MYnextRING n'est pas un appareil m\u00e9dical et ne remplace pas une consultation, un diagnostic ou un traitement m\u00e9dical.<\/em><br data-start=\"2411\" data-end=\"2414\" \/><em>Toutes les donn\u00e9es et \u00e9valuations saisies servent exclusivement \u00e0 l'information personnelle et \u00e0 l'orientation g\u00e9n\u00e9rale vers le bien-\u00eatre et le style de vie.<\/em><\/p>\n<p>&nbsp;<\/p>","protected":false},"excerpt":{"rendered":"<p><span class=\"TextRun SCXW7973565 BCX0\" lang=\"DE-AT\" xml:lang=\"DE-AT\" data-contrast=\"auto\"><span class=\"NormalTextRun SCXW7973565 BCX0\">Le<\/span> nouveau <\/span><span class=\"TextRun MacChromeBold SCXW7973565 BCX0\" lang=\"DE-AT\" xml:lang=\"DE-AT\" data-contrast=\"auto\"><span class=\"NormalTextRun SpellingErrorV2Themed SCXW7973565 BCX0\">MYnextRING<\/span><span class=\"NormalTextRun SCXW7973565 BCX0\"> N2 PRO en titane<\/span><\/span><span class=\"TextRun SCXW7973565 BCX0\" lang=\"DE-AT\" xml:lang=\"DE-AT\" data-contrast=\"auto\"> t'accompagne 24 heures sur 24 et t'aide \u00e0 mieux classer ton bien-\u00eatre. Le coach IA int\u00e9gr\u00e9 reconna\u00eet les mod\u00e8les personnels, les phases d'\u00e9nergie et les contraintes du quotidien - et fournit des insights bien-\u00eatre clairs et compr\u00e9hensibles pour plus d'\u00e9quilibre et des routines conscientes. Pour que tu puisses prendre chaque jour des d\u00e9cisions en connaissance de cause. Sans abonnement, avec application gratuite, conforme au RGPD de l'UE, \u00e9tanche et \u00e9quip\u00e9 de capteurs modernes.<\/span><\/p>","protected":false},"featured_media":9378,"comment_status":"closed","ping_status":"closed","template":"","meta":[],"product_brand":[],"product_cat":[32],"product_tag":[],"class_list":{"0":"post-539","1":"product","2":"type-product","3":"status-publish","4":"has-post-thumbnail","6":"product_cat-mynextring","7":"product_shipping_class-freeshipping","9":"first","10":"instock","11":"taxable","12":"shipping-taxable","13":"purchasable","14":"product-type-variable"},"_links":{"self":[{"href":"https:\/\/mynextring.com\/fr\/wp-json\/wp\/v2\/product\/539","targetHints":{"allow":["GET"]}}],"collection":[{"href":"https:\/\/mynextring.com\/fr\/wp-json\/wp\/v2\/product"}],"about":[{"href":"https:\/\/mynextring.com\/fr\/wp-json\/wp\/v2\/types\/product"}],"replies":[{"embeddable":true,"href":"https:\/\/mynextring.com\/fr\/wp-json\/wp\/v2\/comments?post=539"}],"wp:featuredmedia":[{"embeddable":true,"href":"https:\/\/mynextring.com\/fr\/wp-json\/wp\/v2\/media\/9378"}],"wp:attachment":[{"href":"https:\/\/mynextring.com\/fr\/wp-json\/wp\/v2\/media?parent=539"}],"wp:term":[{"taxonomy":"product_brand","embeddable":true,"href":"https:\/\/mynextring.com\/fr\/wp-json\/wp\/v2\/product_brand?post=539"},{"taxonomy":"product_cat","embeddable":true,"href":"https:\/\/mynextring.com\/fr\/wp-json\/wp\/v2\/product_cat?post=539"},{"taxonomy":"product_tag","embeddable":true,"href":"https:\/\/mynextring.com\/fr\/wp-json\/wp\/v2\/product_tag?post=539"}],"curies":[{"name":"wp","href":"https:\/\/api.w.org\/{rel}","templated":true}]}}