{"id":2939,"date":"2026-02-20T13:49:43","date_gmt":"2026-02-20T13:49:43","guid":{"rendered":"https:\/\/mynextring.com\/?post_type=product&#038;p=2939"},"modified":"2026-04-14T13:55:51","modified_gmt":"2026-04-14T13:55:51","slug":"mynextring-n2-pro-julia-edition","status":"publish","type":"product","link":"https:\/\/mynextring.com\/fr\/produkt\/mynextring-n2-pro-julia-edition\/","title":{"rendered":"MYnextRING N2 Pro \u00e9dition Julia avec \u00e9tui de transport"},"content":{"rendered":"<h3 data-start=\"1583\" data-end=\"1694\">La sant\u00e9 commence au bout des doigts<\/h3>\n<p data-start=\"1583\" data-end=\"1694\">La MYnextRING N2 PRO est une \u00e9l\u00e9gante bague connect\u00e9e en titane qui mesure en continu votre fr\u00e9quence cardiaque, votre sommeil, votre niveau de stress et votre activit\u00e9 physique, de mani\u00e8re discr\u00e8te, pr\u00e9cise et confortable. La N2 PRO allie une technologie de capteurs de pointe \u00e0 un design \u00e9l\u00e9gant en alliage de titane de haute qualit\u00e9. Avec un poids de seulement 3 grammes, elle est presque imperceptible au doigt et vous accompagne discr\u00e8tement tout au long de la journ\u00e9e. <strong>Jusqu'\u00e0 12 jours <\/strong><strong>autonomie de la batterie<\/strong>\u00a0font de la smartring \u00e9tanche un compagnon fiable dans toutes les situations.<\/p>\n<p data-start=\"1583\" data-end=\"1694\">Le nouvel AI Coach innovant reconna\u00eet vos habitudes quotidiennes et vous montre comment optimiser votre quotidien, sans abonnement ni frais r\u00e9currents. Le <strong>Algorithme d'apprentissage profond<\/strong> analyse en temps r\u00e9el tes valeurs, le suivi de ton sommeil, ta capacit\u00e9 de r\u00e9cup\u00e9ration et ton niveau de stress. Le coach IA transforme ces donn\u00e9es en recommandations claires et faciles \u00e0 comprendre. Qu'il s'agisse d'un aper\u00e7u du stress, de l'observation de l'\u00e9volution du sommeil ou d'un entra\u00eenement plus cibl\u00e9, MYnextRING te soutient l\u00e0 o\u00f9 cela compte vraiment.<\/p>\n<p>Gr\u00e2ce \u00e0 son application intelligente pour iOS et Android, il t'aide \u00e0 mieux comprendre ton corps. Le MYnextRING N2 PRO est plus qu'un simple wearable, c'est<strong> ton <\/strong><strong>coach personnel en bien-\u00eatre<\/strong>, qui te soutient intelligemment chaque jour. La protection des donn\u00e9es ? Bien s\u00fbr, 100 % conforme au DSGVO. Cette bague est livr\u00e9e avec un \u00e9tui de voyage et une batterie int\u00e9gr\u00e9e.<\/p>\n<div class=\"page\" title=\"Page 2\">\n<div class=\"section\">\n<div class=\"layoutArea\">\n<div class=\"column\">\n<p>Remarque importante : il ne s'agit pas d'un appareil m\u00e9dical. Non destin\u00e9 au diagnostic, au traitement ou \u00e0 la pr\u00e9vention de maladies.<\/p>\n<\/div>\n<\/div>\n<\/div>\n<\/div>","protected":false},"excerpt":{"rendered":"<p>La nouvelle MYnextRING N2 PRO JULIA EDITION en titane d\u00e9tecte 24 heures sur 24 ce dont votre corps a vraiment besoin. Le nouveau coach IA reconna\u00eet les mod\u00e8les, les fen\u00eatres d'\u00e9nergie et les pics de stress - et donne des recommandations claires pour un meilleur bien-\u00eatre, un meilleur \u00e9quilibre et un entra\u00eenement plus intelligent. Pour que vous preniez chaque jour de meilleures d\u00e9cisions. <strong>Etui de voyage avec chargeur de batterie int\u00e9gr\u00e9 inclus<\/strong>, application gratuite - sans abonnement, conforme au RGPD de l'UE, \u00e9tanche avec des capteurs haut de gamme.<\/p>\n<p><strong>Si tu as d\u00e9j\u00e0 command\u00e9, tu peux utiliser ton bon pour une bague \u00e0 tout moment - dans la taille et la couleur de ton choix.<\/strong><\/p>\n<p>&nbsp;<\/p>","protected":false},"featured_media":4023,"comment_status":"closed","ping_status":"closed","template":"","meta":[],"product_brand":[],"product_cat":[32],"product_tag":[],"class_list":{"0":"post-2939","1":"product","2":"type-product","3":"status-publish","4":"has-post-thumbnail","6":"product_cat-mynextring","7":"product_shipping_class-freeshipping","9":"first","10":"instock","11":"sale","12":"taxable","13":"shipping-taxable","14":"purchasable","15":"product-type-variable"},"_links":{"self":[{"href":"https:\/\/mynextring.com\/fr\/wp-json\/wp\/v2\/product\/2939","targetHints":{"allow":["GET"]}}],"collection":[{"href":"https:\/\/mynextring.com\/fr\/wp-json\/wp\/v2\/product"}],"about":[{"href":"https:\/\/mynextring.com\/fr\/wp-json\/wp\/v2\/types\/product"}],"replies":[{"embeddable":true,"href":"https:\/\/mynextring.com\/fr\/wp-json\/wp\/v2\/comments?post=2939"}],"wp:featuredmedia":[{"embeddable":true,"href":"https:\/\/mynextring.com\/fr\/wp-json\/wp\/v2\/media\/4023"}],"wp:attachment":[{"href":"https:\/\/mynextring.com\/fr\/wp-json\/wp\/v2\/media?parent=2939"}],"wp:term":[{"taxonomy":"product_brand","embeddable":true,"href":"https:\/\/mynextring.com\/fr\/wp-json\/wp\/v2\/product_brand?post=2939"},{"taxonomy":"product_cat","embeddable":true,"href":"https:\/\/mynextring.com\/fr\/wp-json\/wp\/v2\/product_cat?post=2939"},{"taxonomy":"product_tag","embeddable":true,"href":"https:\/\/mynextring.com\/fr\/wp-json\/wp\/v2\/product_tag?post=2939"}],"curies":[{"name":"wp","href":"https:\/\/api.w.org\/{rel}","templated":true}]}}