{"id":443,"date":"2025-10-14T08:38:14","date_gmt":"2025-10-14T08:38:14","guid":{"rendered":"https:\/\/mynextring.com\/?page_id=443"},"modified":"2025-10-15T06:17:06","modified_gmt":"2025-10-15T06:17:06","slug":"revocation","status":"publish","type":"page","link":"https:\/\/mynextring.com\/fr\/widerruf\/","title":{"rendered":"Politique en mati\u00e8re de remboursements et de retours"},"content":{"rendered":"<section class=\"bde-section-443-100 bde-section\">\n  \n  \n\t\n\n\n\n<div class=\"section-container\"><h1 class=\"bde-heading-443-101 bde-heading\">\nR\u00e9vocation et remboursement\n<\/h1><div class=\"bde-rich-text-443-102 bde-rich-text breakdance-rich-text-styles\">\n<h2><strong>droit de r\u00e9tractation<\/strong><\/h2><p>Vous avez le droit de r\u00e9silier votre contrat avec<strong> Boutique MYnextRING<\/strong> . Le d\u00e9lai de r\u00e9tractation est de quatorze jours \u00e0 compter du jour o\u00f9 vous ou un tiers d\u00e9sign\u00e9 par vous, qui n'est pas le transporteur, avez pris possession de la derni\u00e8re marchandise. Pour exercer votre droit de r\u00e9tractation, vous devez nous informer (ilogs smartwear GmbH, Krone Platz 1, A-9020 Klagenfurt a. W., <strong>E-mail :<\/strong>\u00a0<a href=\"mailto:support@mynextring.com\" target=\"_blank\" rel=\"noopener noreferrer nofollow\">support@mynextring.com<\/a>,\u00a0<strong>T\u00e9l. :<\/strong>\u00a0+43 463 305 003) au moyen d'un\u00a0<strong>d\u00e9claration claire<\/strong>\u00a0(par exemple, une lettre envoy\u00e9e par la poste ou un e-mail) de votre d\u00e9cision de r\u00e9silier le pr\u00e9sent contrat. Vous pouvez utiliser le mod\u00e8le de formulaire de r\u00e9tractation ci-joint, mais ce n'est pas obligatoire. Si vous faites usage de cette possibilit\u00e9, nous vous enverrons imm\u00e9diatement (par e-mail) une confirmation de r\u00e9ception de cette r\u00e9tractation.<\/p><p>Pour respecter le d\u00e9lai de r\u00e9tractation, il suffit d'envoyer la notification relative \u00e0 l'exercice du droit de r\u00e9tractation avant l'expiration du d\u00e9lai de r\u00e9tractation.<\/p><p><strong>Le consommateur ne dispose d'aucun droit de r\u00e9tractation pour les contrats portant sur :<\/strong><br \/>Les marchandises fabriqu\u00e9es selon les sp\u00e9cifications du client ou clairement adapt\u00e9es \u00e0 ses besoins personnels.<\/p><h2><strong>Cons\u00e9quences de la r\u00e9tractation<\/strong><\/h2><p>Si vous r\u00e9voquez le pr\u00e9sent contrat, nous sommes tenus de vous rembourser tous les paiements que nous avons re\u00e7us de votre part, y compris les frais de livraison (\u00e0 l'exception des frais suppl\u00e9mentaires r\u00e9sultant du fait que vous avez choisi un autre mode de livraison que la livraison standard la moins ch\u00e8re que nous proposons), sans d\u00e9lai et au plus tard dans les quatorze jours \u00e0 compter de la date \u00e0 laquelle nous avons re\u00e7u la notification de votre r\u00e9vocation du pr\u00e9sent contrat. Pour ce remboursement, nous utilisons le m\u00eame moyen de paiement que celui que vous avez utilis\u00e9 pour la transaction initiale, sauf accord contraire express\u00e9ment convenu avec vous ; en aucun cas, ce remboursement ne vous sera factur\u00e9.<\/p><p>Nous pouvons refuser le remboursement jusqu'\u00e0 ce que nous ayons re\u00e7u les marchandises ou jusqu'\u00e0 ce que vous ayez fourni la preuve que vous avez renvoy\u00e9 les marchandises, selon la premi\u00e8re de ces \u00e9ventualit\u00e9s.<\/p><p>Vous devez nous renvoyer ou nous remettre les marchandises sans d\u00e9lai et, dans tous les cas, au plus tard dans les quatorze jours \u00e0 compter de la date \u00e0 laquelle vous nous avez inform\u00e9 de la r\u00e9siliation du pr\u00e9sent contrat. Le d\u00e9lai est respect\u00e9 si vous exp\u00e9diez les marchandises avant l'expiration du d\u00e9lai de quatorze jours. Nous prenons en charge les frais de retour des marchandises. Vous ne devez supporter une \u00e9ventuelle perte de valeur des marchandises que si cette perte de valeur est due \u00e0 une manipulation des marchandises qui n'est pas n\u00e9cessaire pour v\u00e9rifier leur nature, leurs propri\u00e9t\u00e9s et leur fonctionnement.<\/p>\n<\/div><\/div>\n<\/section>","protected":false},"excerpt":{"rendered":"<p>Widerruf und R\u00fcckerstattung WiderrufsrechtSie haben das Recht, binnen vierzehn Tagen ohne Angabe von Gr\u00fcnden Ihren Vertrag mit MYnextRING Shop zu widerrufen. Die Widerrufsfrist betr\u00e4gt vierzehn Tage ab dem Tag, an dem Sie oder ein von Ihnen benannter Dritter, der nicht der Bef\u00f6rderer ist, die letzte Ware in Besitz genommen haben bzw. hat. Um Ihr Widerrufsrecht [&hellip;]<\/p>\n","protected":false},"author":1,"featured_media":0,"parent":0,"menu_order":0,"comment_status":"closed","ping_status":"closed","template":"","meta":{"_breakdance_hide_in_design_set":false,"_breakdance_tags":"","footnotes":""},"class_list":["post-443","page","type-page","status-publish","hentry"],"_links":{"self":[{"href":"https:\/\/mynextring.com\/fr\/wp-json\/wp\/v2\/pages\/443","targetHints":{"allow":["GET"]}}],"collection":[{"href":"https:\/\/mynextring.com\/fr\/wp-json\/wp\/v2\/pages"}],"about":[{"href":"https:\/\/mynextring.com\/fr\/wp-json\/wp\/v2\/types\/page"}],"author":[{"embeddable":true,"href":"https:\/\/mynextring.com\/fr\/wp-json\/wp\/v2\/users\/1"}],"replies":[{"embeddable":true,"href":"https:\/\/mynextring.com\/fr\/wp-json\/wp\/v2\/comments?post=443"}],"version-history":[{"count":0,"href":"https:\/\/mynextring.com\/fr\/wp-json\/wp\/v2\/pages\/443\/revisions"}],"wp:attachment":[{"href":"https:\/\/mynextring.com\/fr\/wp-json\/wp\/v2\/media?parent=443"}],"curies":[{"name":"wp","href":"https:\/\/api.w.org\/{rel}","templated":true}]}}