{"id":16,"date":"2025-07-10T07:03:11","date_gmt":"2025-07-10T07:03:11","guid":{"rendered":"https:\/\/mynextring.de\/?page_id=16"},"modified":"2025-11-10T10:04:08","modified_gmt":"2025-11-10T10:04:08","slug":"mentions-legales","status":"publish","type":"page","link":"https:\/\/mynextring.com\/fr\/impressum\/","title":{"rendered":"Mentions l\u00e9gales"},"content":{"rendered":"<section class=\"bde-section-16-100 bde-section\">\n  \n  \n\t\n\n\n\n<div class=\"section-container\"><h1 class=\"bde-heading-16-101 bde-heading\">\nMentions l\u00e9gales<br>\n<\/h1><div class=\"bde-rich-text-16-102 bde-rich-text breakdance-rich-text-styles\">\n<p><b>ilogs smartwear GmbH<\/b><\/p><p>Couronne Place 1 Top 2.5<br \/>9020 Klagenfurt sur le lac de W\u00f6rthersee<br \/>Autriche<\/p><p>Registre du commerce : 426181m<br \/>UID : ATU69362815<\/p><p>T\u00e9l : <a href=\"phone:+43463393093\">+43 463 3 93 0 93<\/a><br \/>Email : <a role=\"link\" href=\"mailto:support@nextring.com\">support@mynextring.com<\/a><\/p>\n<\/div><\/div>\n<\/section>","protected":false},"excerpt":{"rendered":"<p>Contact ilogs smartwear GmbHKrone Platz 1 Top 2.59020 Klagenfurt am W\u00f6rthersee\u00d6sterreichR\u00e9pertoire des entreprises : 426181mUID : ATU69362815Tel : +43 463 3 93 0 93Email : support@mynextring.com<\/p>","protected":false},"author":1,"featured_media":0,"parent":0,"menu_order":0,"comment_status":"closed","ping_status":"closed","template":"","meta":{"_breakdance_hide_in_design_set":false,"_breakdance_tags":"","footnotes":""},"class_list":["post-16","page","type-page","status-publish","hentry"],"_links":{"self":[{"href":"https:\/\/mynextring.com\/fr\/wp-json\/wp\/v2\/pages\/16","targetHints":{"allow":["GET"]}}],"collection":[{"href":"https:\/\/mynextring.com\/fr\/wp-json\/wp\/v2\/pages"}],"about":[{"href":"https:\/\/mynextring.com\/fr\/wp-json\/wp\/v2\/types\/page"}],"author":[{"embeddable":true,"href":"https:\/\/mynextring.com\/fr\/wp-json\/wp\/v2\/users\/1"}],"replies":[{"embeddable":true,"href":"https:\/\/mynextring.com\/fr\/wp-json\/wp\/v2\/comments?post=16"}],"version-history":[{"count":2,"href":"https:\/\/mynextring.com\/fr\/wp-json\/wp\/v2\/pages\/16\/revisions"}],"predecessor-version":[{"id":908,"href":"https:\/\/mynextring.com\/fr\/wp-json\/wp\/v2\/pages\/16\/revisions\/908"}],"wp:attachment":[{"href":"https:\/\/mynextring.com\/fr\/wp-json\/wp\/v2\/media?parent=16"}],"curies":[{"name":"wp","href":"https:\/\/api.w.org\/{rel}","templated":true}]}}