{"id":539,"date":"2025-10-13T11:53:14","date_gmt":"2025-10-13T11:53:14","guid":{"rendered":"https:\/\/mynextring.com\/?post_type=product&#038;p=539"},"modified":"2026-04-23T07:30:37","modified_gmt":"2026-04-23T07:30:37","slug":"nextring-pro","status":"publish","type":"product","link":"https:\/\/mynextring.com\/fi\/produkt\/nextring-pro\/","title":{"rendered":"MYnextRING N2 Pro"},"content":{"rendered":"<h3 data-start=\"1583\" data-end=\"1694\">Hyvinvointi, joka alkaa sormesta<\/h3>\n<p data-start=\"363\" data-end=\"962\">MYnextRING N2 PRO on tyylik\u00e4s titaaninen \u00e4lysormus, joka seuraa sinua arjessasi ymp\u00e4ri vuorokauden. Nykyaikaisen sensoriteknologian avulla se tallentaa jatkuvasti aktiivisuutesi, unesi, palautumisesi ja sykkeesi - tarkasti, mukavasti ja huomaamattomasti. N2 PRO yhdist\u00e4\u00e4 innovatiivisen teknologian ja tyylikk\u00e4\u00e4n muotoilun. Se painaa vain 3 grammaa, joten se on l\u00e4hes painoton sormen p\u00e4\u00e4ll\u00e4. Jopa 10 p\u00e4iv\u00e4n akunkesto tekee vedenpit\u00e4v\u00e4st\u00e4 \u00e4lysormuksesta luotettavan kumppanin kaikissa tilanteissa.<\/p>\n<p data-start=\"964\" data-end=\"1428\">Integroitu teko\u00e4lyvalmentaja auttaa sinua tunnistamaan henkil\u00f6kohtaisia malleja jokap\u00e4iv\u00e4isess\u00e4 el\u00e4m\u00e4ss\u00e4si ja luokittelemaan tietosi paremmin - ilman tilausta tai jatkuvia kustannuksia. \u00c4lykk\u00e4\u00e4t algoritmit analysoivat tietojasi asiayhteydess\u00e4 ja k\u00e4\u00e4nt\u00e4v\u00e4t ne selkeiksi, helposti ymm\u00e4rrett\u00e4viksi hyvinvointiymm\u00e4rryksiksi. Halusitpa sitten olla tietoisempi energiank\u00e4yt\u00f6st\u00e4si, tunnistaa paremmin palautumisen tai suunnitella aktiviteetteja kohdennetummin - MYnextRING auttaa sinua ymm\u00e4rt\u00e4m\u00e4\u00e4n rytmi\u00e4si paremmin.<\/p>\n<p data-start=\"1430\" data-end=\"1709\">Ilmaisessa iOS- ja Android-sovelluksessa on selke\u00e4 yhteenveto kaikista tuloksista. Lukujen tulvan sijaan saat ohjeita, suuntauksia ja selkeit\u00e4 n\u00e4kemyksi\u00e4. MYnextRING N2 PRO on enemm\u00e4n kuin pelkk\u00e4 puettava laite - se on \u00e4lyk\u00e4s kumppanisi, jolla saat lis\u00e4\u00e4 tasapainoa jokap\u00e4iv\u00e4iseen el\u00e4m\u00e4\u00e4n.<br data-start=\"1655\" data-end=\"1658\" \/>MYnextRING tarkoittaa tietosuojaa Euroopassa - GDPR:n mukaista, turvallista ja l\u00e4pin\u00e4kyv\u00e4\u00e4.<\/p>\n<p data-start=\"1430\" data-end=\"1709\"><strong>Huom:<\/strong><em> MYnextRING ei ole l\u00e4\u00e4ketieteellinen laite eik\u00e4 korvaa l\u00e4\u00e4ketieteellist\u00e4 neuvontaa, diagnoosia tai hoitoa.<\/em><br data-start=\"2411\" data-end=\"2414\" \/><em>Kaikkia ker\u00e4ttyj\u00e4 tietoja ja analyysej\u00e4 k\u00e4ytet\u00e4\u00e4n yksinomaan henkil\u00f6kohtaisiin tietoihin sek\u00e4 yleiseen hyvinvointiin ja el\u00e4m\u00e4ntapaan liittyv\u00e4\u00e4n orientaatioon.<\/em><\/p>\n<p>&nbsp;<\/p>","protected":false},"excerpt":{"rendered":"<p><span class=\"TextRun SCXW7973565 BCX0\" lang=\"DE-AT\" xml:lang=\"DE-AT\" data-contrast=\"auto\"><span class=\"NormalTextRun SCXW7973565 BCX0\">Der<\/span> uusi <\/span><span class=\"TextRun MacChromeBold SCXW7973565 BCX0\" lang=\"DE-AT\" xml:lang=\"DE-AT\" data-contrast=\"auto\"><span class=\"NormalTextRun SpellingErrorV2Themed SCXW7973565 BCX0\">MYnextRING<\/span><span class=\"NormalTextRun SCXW7973565 BCX0\"> N2 PRO titaanista<\/span><\/span><span class=\"TextRun SCXW7973565 BCX0\" lang=\"DE-AT\" xml:lang=\"DE-AT\" data-contrast=\"auto\"> seuraa sinua ymp\u00e4ri vuorokauden ja auttaa sinua luokittelemaan hyvinvointisi paremmin. Integroitu teko\u00e4lyvalmentaja tunnistaa henkil\u00f6kohtaiset mallit, energiavaiheet ja stressin jokap\u00e4iv\u00e4isess\u00e4 el\u00e4m\u00e4ss\u00e4 - ja tarjoaa selkeit\u00e4, ymm\u00e4rrett\u00e4vi\u00e4 hyvinvointiymm\u00e4rryksi\u00e4 tasapainoisempaan ja tietoisempaan rutiiniin. N\u00e4in voit tehd\u00e4 tietoon perustuvia p\u00e4\u00e4t\u00f6ksi\u00e4 joka p\u00e4iv\u00e4. Ei tilausta, sis\u00e4lt\u00e4\u00e4 ilmaisen sovelluksen, on EU:n GDPR:n mukainen, vedenpit\u00e4v\u00e4 ja varustettu nykyaikaisella sensoriteknologialla.<\/span><\/p>","protected":false},"featured_media":9378,"comment_status":"closed","ping_status":"closed","template":"","meta":[],"product_brand":[],"product_cat":[32],"product_tag":[],"class_list":{"0":"post-539","1":"product","2":"type-product","3":"status-publish","4":"has-post-thumbnail","6":"product_cat-mynextring","7":"product_shipping_class-freeshipping","9":"first","10":"instock","11":"taxable","12":"shipping-taxable","13":"purchasable","14":"product-type-variable"},"_links":{"self":[{"href":"https:\/\/mynextring.com\/fi\/wp-json\/wp\/v2\/product\/539","targetHints":{"allow":["GET"]}}],"collection":[{"href":"https:\/\/mynextring.com\/fi\/wp-json\/wp\/v2\/product"}],"about":[{"href":"https:\/\/mynextring.com\/fi\/wp-json\/wp\/v2\/types\/product"}],"replies":[{"embeddable":true,"href":"https:\/\/mynextring.com\/fi\/wp-json\/wp\/v2\/comments?post=539"}],"wp:featuredmedia":[{"embeddable":true,"href":"https:\/\/mynextring.com\/fi\/wp-json\/wp\/v2\/media\/9378"}],"wp:attachment":[{"href":"https:\/\/mynextring.com\/fi\/wp-json\/wp\/v2\/media?parent=539"}],"wp:term":[{"taxonomy":"product_brand","embeddable":true,"href":"https:\/\/mynextring.com\/fi\/wp-json\/wp\/v2\/product_brand?post=539"},{"taxonomy":"product_cat","embeddable":true,"href":"https:\/\/mynextring.com\/fi\/wp-json\/wp\/v2\/product_cat?post=539"},{"taxonomy":"product_tag","embeddable":true,"href":"https:\/\/mynextring.com\/fi\/wp-json\/wp\/v2\/product_tag?post=539"}],"curies":[{"name":"wp","href":"https:\/\/api.w.org\/{rel}","templated":true}]}}