{"id":2939,"date":"2026-02-20T13:49:43","date_gmt":"2026-02-20T13:49:43","guid":{"rendered":"https:\/\/mynextring.com\/?post_type=product&#038;p=2939"},"modified":"2026-04-14T13:55:51","modified_gmt":"2026-04-14T13:55:51","slug":"mynextring-n2-pro-julia-painos","status":"publish","type":"product","link":"https:\/\/mynextring.com\/fi\/produkt\/mynextring-n2-pro-julia-edition\/","title":{"rendered":"MYnextRING N2 Pro Julia Edition sis. matkakotelon"},"content":{"rendered":"<h3 data-start=\"1583\" data-end=\"1694\">Terveys alkaa sormesta<\/h3>\n<p data-start=\"1583\" data-end=\"1694\">MYnextRING N2 PRO on tyylik\u00e4s titaanista valmistettu \u00e4lyrengas, joka mittaa syd\u00e4men sykett\u00e4, unta, stressi\u00e4 ja aktiivisuutta ymp\u00e4ri vuorokauden \u2013 huomaamattomasti, tarkasti ja mukavasti. N2 PRO yhdist\u00e4\u00e4 huippuluokan anturiteknologian ja tyylikk\u00e4\u00e4n muotoilun korkealaatuisesta titaaniseoksesta. Se painaa vain 3 grammaa, joten se tuntuu sormessa l\u00e4hes painottomalta ja seuraa sinua huomaamattomasti l\u00e4pi p\u00e4iv\u00e4n. <strong>Enint\u00e4\u00e4n 12 p\u00e4iv\u00e4\u00e4 <\/strong><strong>akun kesto<\/strong>\u00a0tekev\u00e4t vedenpit\u00e4v\u00e4st\u00e4 Smartringist\u00e4 luotettavan kumppanin kaikissa tilanteissa.<\/p>\n<p data-start=\"1583\" data-end=\"1694\">Uusi innovatiivinen AI-valmentaja tunnistaa p\u00e4ivitt\u00e4iset rutiinisi ja n\u00e4ytt\u00e4\u00e4, miten voit optimoida arjesi \u2013 ilman tilausta, ilman juoksevia kuluja. Integroitu <strong>Syv\u00e4oppimisalgoritmi<\/strong> analysoi arvosi, unen seuranta, palautumiskykysi ja stressitasosi reaaliajassa. Teko\u00e4lyvalmentaja muuntaa n\u00e4m\u00e4 tiedot selkeiksi, helposti ymm\u00e4rrett\u00e4viksi suosituksiksi. Olipa kyse sitten stressin yleiskatsauksesta, nukkumistottumusten seurannasta tai kohdennetummasta harjoittelusta - MYnextRING tukee sinua siell\u00e4, miss\u00e4 se todella on t\u00e4rke\u00e4\u00e4.<\/p>\n<p>\u00c4lykk\u00e4\u00e4n iOS- ja Android-sovelluksen ansiosta se auttaa sinua ymm\u00e4rt\u00e4m\u00e4\u00e4n kehoasi paremmin. MYnextRING N2 PRO on enemm\u00e4n kuin vain puettava laite \u2013 se on<strong> sinun <\/strong><strong>Henkil\u00f6kohtainen hyvinvointivalmentaja<\/strong>, joka tarjoaa sinulle \u00e4lyk\u00e4st\u00e4 tukea joka p\u00e4iv\u00e4. Tietosuoja? Tietenkin 100 % GDPR-yhteensopiva. T\u00e4m\u00e4n sormuksen mukana toimitetaan matkakotelo, jossa on integroitu akku.<\/p>\n<div class=\"page\" title=\"Sivu 2\">\n<div class=\"section\">\n<div class=\"layoutArea\">\n<div class=\"column\">\n<p>T\u00e4rke\u00e4 huomautus: Ei ole l\u00e4\u00e4kinn\u00e4llinen laite. Ei ole tarkoitettu sairauksien diagnosointiin, hoitoon tai ennaltaehk\u00e4isyyn.<\/p>\n<\/div>\n<\/div>\n<\/div>\n<\/div>","protected":false},"excerpt":{"rendered":"<p>Uusi titaanista valmistettu MYnextRING N2 PRO JULIA EDITION tunnistaa, mit\u00e4 kehosi todella tarvitsee ymp\u00e4ri vuorokauden. Uusi teko\u00e4lyvalmentaja tunnistaa mallit, energiaikkunat ja stressipiikit - ja antaa selkeit\u00e4 suosituksia paremman hyvinvoinnin, tasapainon ja \u00e4lykk\u00e4\u00e4mm\u00e4n harjoittelun saavuttamiseksi. Voit siis tehd\u00e4 parempia p\u00e4\u00e4t\u00f6ksi\u00e4 joka p\u00e4iv\u00e4. <strong>Mukana matkalaukku, jossa on integroitu akun latausteline.<\/strong>, ilmainen sovellus - ilman tilausta, EU GDPR-yhteensopiva, vedenpit\u00e4v\u00e4 ja huippuluokan anturitekniikalla varustettu.<\/p>\n<p><strong>Jos olet jo tilannut, voit lunastaa sormuskupongin milloin tahansa - haluamassasi koossa ja suosikkiv\u00e4riss\u00e4.<\/strong><\/p>\n<p>&nbsp;<\/p>","protected":false},"featured_media":4023,"comment_status":"closed","ping_status":"closed","template":"","meta":[],"product_brand":[],"product_cat":[32],"product_tag":[],"class_list":{"0":"post-2939","1":"product","2":"type-product","3":"status-publish","4":"has-post-thumbnail","6":"product_cat-mynextring","7":"product_shipping_class-freeshipping","9":"first","10":"instock","11":"sale","12":"taxable","13":"shipping-taxable","14":"purchasable","15":"product-type-variable"},"_links":{"self":[{"href":"https:\/\/mynextring.com\/fi\/wp-json\/wp\/v2\/product\/2939","targetHints":{"allow":["GET"]}}],"collection":[{"href":"https:\/\/mynextring.com\/fi\/wp-json\/wp\/v2\/product"}],"about":[{"href":"https:\/\/mynextring.com\/fi\/wp-json\/wp\/v2\/types\/product"}],"replies":[{"embeddable":true,"href":"https:\/\/mynextring.com\/fi\/wp-json\/wp\/v2\/comments?post=2939"}],"wp:featuredmedia":[{"embeddable":true,"href":"https:\/\/mynextring.com\/fi\/wp-json\/wp\/v2\/media\/4023"}],"wp:attachment":[{"href":"https:\/\/mynextring.com\/fi\/wp-json\/wp\/v2\/media?parent=2939"}],"wp:term":[{"taxonomy":"product_brand","embeddable":true,"href":"https:\/\/mynextring.com\/fi\/wp-json\/wp\/v2\/product_brand?post=2939"},{"taxonomy":"product_cat","embeddable":true,"href":"https:\/\/mynextring.com\/fi\/wp-json\/wp\/v2\/product_cat?post=2939"},{"taxonomy":"product_tag","embeddable":true,"href":"https:\/\/mynextring.com\/fi\/wp-json\/wp\/v2\/product_tag?post=2939"}],"curies":[{"name":"wp","href":"https:\/\/api.w.org\/{rel}","templated":true}]}}