{"id":515,"date":"2025-10-13T11:02:32","date_gmt":"2025-10-13T11:02:32","guid":{"rendered":"https:\/\/mynextring.com\/?page_id=515"},"modified":"2025-12-04T07:13:36","modified_gmt":"2025-12-04T07:13:36","slug":"agb","status":"publish","type":"page","link":"https:\/\/mynextring.com\/fi\/agb\/","title":{"rendered":"Yleiset ehdot"},"content":{"rendered":"<section class=\"bde-section-515-100 bde-section\">\n  \n  \n\t\n\n\n\n<div class=\"section-container\"><h1 class=\"bde-heading-515-101 bde-heading\">\nYleiset ehdot\u00a0\n<\/h1><h2 class=\"bde-heading-515-103 bde-heading\">\nYksityisasiakkaille (B2C)\u00a0\n<\/h2><div class=\"bde-rich-text-515-102 bde-rich-text breakdance-rich-text-styles\">\n<h2>1. Soveltamisala<\/h2><p><b>1.1.<\/b>\u00a0N\u00e4m\u00e4 yleiset sopimusehdot (j\u00e4ljemp\u00e4n\u00e4 \u201eYSE\") koskevat kaikkia kuluttajien tekem\u00e4 tavaroiden (erityisesti \u201eMYnextRing\" -\u00e4lyrenkaiden ja niihin liittyvien lis\u00e4varusteiden) tilauksia ilogs smartwear GmbH:n verkkokaupasta, Krone Platz 1, Top 2.5, 9020 Klagenfurt am W\u00f6rthersee, It\u00e4valta, FN 426181 m, UID: ATU69362815 (j\u00e4ljemp\u00e4n\u00e4 \u201eme\" tai \u201eilogs smartwear\").<\/p><p><b>1.2.<\/b>\u00a0Asiakkaiden poikkeavat, ristiriitaiset tai t\u00e4ydent\u00e4v\u00e4t yleiset sopimusehdot eiv\u00e4t ole osa sopimusta, ellei me ole nimenomaisesti hyv\u00e4ksynyt niiden voimassaoloa kirjallisesti.<\/p><p><b>1.3.<\/b>\u00a0N\u00e4m\u00e4 yleiset sopimusehdot koskevat kuluttajia kuluttajansuojalain (KSchG) mukaisesti. Yrityksille sovelletaan erillisi\u00e4 kumppanien yleisi\u00e4 sopimusehtoja (B2B).<\/p><h2>2. Sopimusosapuolet, yhteystiedot<\/h2><p><b>2.1.<\/b>\u00a0Asiakkaan sopimusosapuoli on:<\/p><div class=\"contact-block\">ilogs smartwear GmbH<br \/>Krone 1. sija, Top 2.5<br \/>9020 Klagenfurt am W\u00f6rthersee<br \/>It\u00e4valta<br \/><br \/>Yritysrekisterinumero: FN 426181 m<br \/>Yritysrekisterituomioistuin: Klagenfurtin maaoikeus<br \/>UID: ATU69362815<br \/>Puhelin: +43 463 3 93 0 93<br \/>S\u00e4hk\u00f6posti: support@mynextring.com<\/div><p><b>2.2.<\/b>\u00a0Lis\u00e4tietoja meist\u00e4 l\u00f6ytyy verkkokauppamme yhteystiedoista.<\/p><h2>3. Tarjous ja tuotekuvaus<\/h2><p><b>3.1.<\/b>\u00a0Verkkokaupassa esitellyt tuotteet, erityisesti MYnextRing-\u00e4lyrenkaat, eiv\u00e4t ole oikeudellisesti sitovia tarjouksia, vaan sitoumuksettomia kehotuksia asiakkaille tehd\u00e4 ostotarjous.<\/p><p><b>3.2.<\/b>\u00a0Tuotekuvat ovat havainnollistavia; v\u00e4rit, mittasuhteet ja yksityiskohdat voivat poiketa alkuper\u00e4isest\u00e4 tuotteesta laitteesta riippuen. Tuotekuvauksessa mainitut ominaisuudet ovat ratkaisevia.<\/p><p><b>3.3.<\/b>\u00a0MYnextRing-sovelluksen tiettyjen toimintojen (esim. terveys- ja kuntoilutiedot, unen seuranta) k\u00e4ytt\u00f6 edellytt\u00e4\u00e4 vastaavan My NextRing -sovelluksen asentamista ja yhteensopivan laitteen k\u00e4ytt\u00f6\u00e4. Sovelluksen k\u00e4ytt\u00f6\u00f6n sovelletaan erillisi\u00e4 k\u00e4ytt\u00f6- ja tietosuojaehtoja, jotka eiv\u00e4t kuulu n\u00e4iden yleisten k\u00e4ytt\u00f6ehtojen piiriin.<\/p><h2>4. Tilausprosessi ja sopimuksen solmiminen<\/h2><p><b>4.1.<\/b>\u00a0Asiakkaat voivat lis\u00e4t\u00e4 tuotteita virtuaaliseen ostoskoriin ilman velvoitetta. Ennen tilauksen l\u00e4hett\u00e4mist\u00e4 sy\u00f6tettyj\u00e4 tietoja voidaan milloin tahansa muuttaa ja tarkistaa.<\/p><p><b>4.2.<\/b>\u00a0Klikkaamalla tilauspainiketta (\u201emaksullinen tilaus\" tai vastaava selke\u00e4 ilmaisu) asiakkaat tekev\u00e4t sitovan tarjouksen ostoskorissa olevien tuotteiden ostosopimuksen tekemisest\u00e4.<\/p><p><b>4.3.<\/b>\u00a0Tilauksen l\u00e4hett\u00e4misen j\u00e4lkeen asiakkaat saavat automaattisesti s\u00e4hk\u00f6postiviestin, jossa vahvistetaan tilauksen vastaanottaminen (tilausvahvistus). T\u00e4m\u00e4 tilausvahvistus ei viel\u00e4 merkitse tarjouksen hyv\u00e4ksymist\u00e4, vaan se on vain ilmoitus tilauksen vastaanottamisesta.<\/p><p><b>4.4.<\/b>\u00a0Sopimus tulee voimaan vasta, kun olemme hyv\u00e4ksyneet asiakkaan tarjouksen nimenomaisella hyv\u00e4ksymisilmoituksella s\u00e4hk\u00f6postitse (tilausvahvistus) tai l\u00e4hett\u00e4m\u00e4ll\u00e4 tilatun tavaran \u2013 riippuen siit\u00e4, kumpi tapahtuma tapahtuu ensin.<\/p><p><b>4.5.<\/b>\u00a0Sopimuksen kieli on saksa (valinnaisesti: sek\u00e4 englanti kansainv\u00e4lisille asiakkaille).<\/p><p><b>4.6.<\/b>\u00a0Sopimuksen teksti tallennetaan meid\u00e4n toimesta. Asiakkaat saavat tilaus- ja sopimus tiedot sek\u00e4 yleiset sopimusehdot kirjallisessa muodossa (esim. s\u00e4hk\u00f6postitse).<\/p><h2>5. Hinnat, toimituskulut, toimitusehdot<\/h2><p><b>5.1.<\/b>\u00a0Kaikki verkkokaupassa ilmoitetut hinnat on ilmoitettu n\u00e4kyviss\u00e4 olevassa valuutassa (ensisijaisesti EUR, tarvittaessa my\u00f6s CHF tai muut valuutat) ja sis\u00e4lt\u00e4v\u00e4t, ellei toisin mainita, lakis\u00e4\u00e4teisen arvonlis\u00e4veron.<\/p><p><b>5.2.<\/b>\u00a0Ilmoitettujen hintojen lis\u00e4ksi voi tulla lis\u00e4kuluja toimituskuluista. Toimituskulujen m\u00e4\u00e4r\u00e4 ilmoitetaan erikseen tilausprosessin aikana ennen tilauksen lopullista l\u00e4hett\u00e4mist\u00e4.<\/p><p><b>5.3.<\/b>\u00a0Toimitus tapahtuu asiakkaan ilmoittamaan toimitusosoitteeseen verkkokaupassa mainituissa toimitusmaissa. Mahdolliset rajoitukset (esim. ei toimitusta tiettyihin maihin) ilmoitetaan tilausprosessin aikana.<\/p><p><b>5.4.<\/b>\u00a0Ellei toisin sovita, toimitus tapahtuu varastostamme tai meid\u00e4n toimeksiannosta toimivan logistiikkakumppanimme varastosta asiakkaan toimitusosoitteeseen.<\/p><p><b>5.5.<\/b>\u00a0Toimitusajat ilmenev\u00e4t kunkin tuotteen kuvauksesta tai tilausprosessista. Jos poikkeuksellisesti ei ole sovittu sitovasta toimitusajasta, kyseess\u00e4 ovat ohjeelliset arvot. Ilmoitamme asiakkaille viiv\u00e4styksist\u00e4 v\u00e4litt\u00f6m\u00e4sti.<\/p><p><b>5.6.<\/b>\u00a0Kuluttajien osalta myydyn tavaran vahingossa tapahtuvan katoamisen tai vahingossa tapahtuvan huonontumisen riski siirtyy kuluttajalle tai kuluttajan nime\u00e4m\u00e4lle kolmannelle henkil\u00f6lle, joka ei ole kuljettaja, tavaran luovuttamisen yhteydess\u00e4.<\/p><h2>6. Maksuv\u00e4lineet ja er\u00e4p\u00e4iv\u00e4, maksuviiv\u00e4stys<\/h2><p><b>6.1.<\/b>\u00a0Verkkokaupassa k\u00e4ytett\u00e4viss\u00e4 olevat maksutavat (esim. luottokortti, PayPal, v\u00e4lit\u00f6n tilisiirto, maksu maksupalveluntarjoajan kautta jne.) n\u00e4kyv\u00e4t tilausprosessin aikana. Pid\u00e4t\u00e4mme oikeuden sulkea yksitt\u00e4isi\u00e4 maksutapoja pois tapauskohtaisesti.<\/p><p><b>6.2.<\/b>\u00a0Ellei toisin mainita, ostohinta er\u00e4\u00e4ntyy maksettavaksi heti sopimuksen tekemisen yhteydess\u00e4.<\/p><p><b>6.3.<\/b>\u00a0Jos asiakas on maksuissa my\u00f6h\u00e4ss\u00e4, meill\u00e4 on oikeus vaatia lakis\u00e4\u00e4teisi\u00e4 viiv\u00e4styskorkoja. Mahdolliset lakis\u00e4\u00e4teiset muistutus- ja perint\u00e4kulut voidaan veloittaa asiakkaalta.<\/p><h2>7. Omistusoikeuden pid\u00e4tys<\/h2><p><b>7.1.<\/b>\u00a0Toimitetut tavarat ovat meid\u00e4n omaisuutta, kunnes kaikki kyseisest\u00e4 ostosopimuksesta johtuvat saatavat on maksettu kokonaan.<\/p><p><b>7.2.<\/b>\u00a0Ennen omistusoikeuden siirtymist\u00e4 panttaaminen, vakuudeksi luovuttaminen, jalostaminen tai muuntaminen ilman nimenomaista suostumustamme ei ole sallittua.<\/p><h2>8. My NextRing -sovelluksen k\u00e4ytt\u00f6<\/h2><p><b>8.1.<\/b>\u00a0MYnextRing-\u00e4lyrengas on suunniteltu k\u00e4ytett\u00e4v\u00e4ksi yhdess\u00e4 My NextRing -sovelluksen kanssa. Sovelluksen lataaminen ja k\u00e4ytt\u00f6 voivat olla alaisia sovelluskauppojen (Apple App Store, Google Play Store jne.) lis\u00e4ehdoille.<\/p><p><b>8.2.<\/b>\u00a0Sovelluksen k\u00e4ytt\u00f6 voi olla erillisten k\u00e4ytt\u00f6ehtojen ja tietosuojaselosteen alainen, jotka ovat saatavilla sovelluksessa tai verkkosivustollamme. N\u00e4m\u00e4 eiv\u00e4t kuulu n\u00e4iden yleisten k\u00e4ytt\u00f6ehtojen piiriin.<\/p><p><b>8.3.<\/b>\u00a0Ostosopimuksen puitteissa olemme velvollisia toimittamaan laitteiston (\u00e4lyrenkaan ja mahdolliset lis\u00e4varusteet). Mahdolliset lis\u00e4palvelut, analyysit tai ohjelmistotoiminnot voivat olla erillisi\u00e4 sopimuksia.<\/p><h2>9. Kuluttajien peruuttamisoikeus (et\u00e4myynti- ja ulkomyyntilaki \u2013 FAGG)<\/h2><p><em>Huomautus: T\u00e4m\u00e4 kohta koskee ainoastaan kuluttajia KSchG-lain (kuluttajansuojalaki) mukaisesti, jos sopimus on tehty et\u00e4myynniss\u00e4 (esim. verkkokaupassamme).<\/em><\/p><p><b>9.1. Peruuttamisoikeus<\/b><\/p><p><b>9.1.1.<\/b>\u00a0Kuluttajilla on oikeus peruuttaa verkkokaupastamme tehty sopimus 14 p\u00e4iv\u00e4n kuluessa ilman erityist\u00e4 syyt\u00e4.<\/p><p><b>9.1.2.<\/b>\u00a0Peruuttamisaika on: tavaroita koskevien ostosopimusten osalta 14 p\u00e4iv\u00e4\u00e4 siit\u00e4 p\u00e4iv\u00e4st\u00e4, jona kuluttaja tai h\u00e4nen nime\u00e4m\u00e4ns\u00e4 kolmas henkil\u00f6, joka ei ole kuljettaja, on ottanut tavarat haltuunsa; jos useita tavaroita on tilattu yhten\u00e4 tilauksena ja ne toimitetaan erikseen, 14 p\u00e4iv\u00e4\u00e4 siit\u00e4 p\u00e4iv\u00e4st\u00e4, jona kuluttaja tai h\u00e4nen nime\u00e4m\u00e4ns\u00e4 kolmas henkil\u00f6 on ottanut viimeisen tavaran haltuunsa.<\/p><p><b>9.1.3.<\/b>\u00a0K\u00e4ytt\u00e4j\u00e4 voi k\u00e4ytt\u00e4\u00e4 peruuttamisoikeuttaan ilmoittamalla meille (ilogs smartwear GmbH, yhteystiedot kohdassa 2) selke\u00e4ll\u00e4 ilmoituksella (esim. kirjeell\u00e4 tai s\u00e4hk\u00f6postilla) p\u00e4\u00e4t\u00f6ksest\u00e4\u00e4n peruuttaa t\u00e4m\u00e4 sopimus. M\u00e4\u00e4r\u00e4ajan noudattamiseksi riitt\u00e4\u00e4, ett\u00e4 ilmoitus l\u00e4hetet\u00e4\u00e4n ennen peruuttamisoikeuden m\u00e4\u00e4r\u00e4ajan p\u00e4\u00e4ttymist\u00e4.<\/p><p><b>9.2. Peruuttamisen seuraukset<\/b><\/p><p><b>9.2.1.<\/b>\u00a0Jos kuluttajat peruuttavat t\u00e4m\u00e4n sopimuksen, palautamme kaikki heilt\u00e4 saamamme maksut, mukaan lukien tavanomaiset toimituskulut (lukuun ottamatta lis\u00e4kustannuksia, jotka aiheutuvat siit\u00e4, ett\u00e4 on valittu muu toimitustapa kuin edullisin tavanomainen toimitustapa, jota tarjoamme), viipym\u00e4tt\u00e4 ja viimeist\u00e4\u00e4n 14 p\u00e4iv\u00e4n kuluessa siit\u00e4 p\u00e4iv\u00e4st\u00e4, jona olemme vastaanottaneet peruutusilmoituksen.<\/p><p><b>9.2.2.<\/b>\u00a0K\u00e4yt\u00e4mme t\u00e4h\u00e4n palautukseen samaa maksutapaa, jota kuluttaja k\u00e4ytti alkuper\u00e4isess\u00e4 maksutapahtumassa, ellei toisin ole nimenomaisesti sovittu. Palautuksesta ei miss\u00e4\u00e4n tapauksessa veloiteta maksuja.<\/p><p><b>9.2.3.<\/b>\u00a0Voimme kielt\u00e4yty\u00e4 palauttamasta maksua, kunnes olemme saaneet tavarat takaisin tai kunnes kuluttaja on toimittanut todisteen siit\u00e4, ett\u00e4 h\u00e4n on palauttanut tavarat \u2013 riippuen siit\u00e4, kumpi tapahtuu aikaisemmin.<\/p><p><b>9.2.4.<\/b>\u00a0Kuluttajan on palautettava tai luovutettava tavarat meille viipym\u00e4tt\u00e4 ja joka tapauksessa viimeist\u00e4\u00e4n 14 p\u00e4iv\u00e4n kuluessa siit\u00e4 p\u00e4iv\u00e4st\u00e4, jona h\u00e4n on ilmoittanut meille t\u00e4m\u00e4n sopimuksen peruuttamisesta. M\u00e4\u00e4r\u00e4aika on noudatettu, jos tavarat on l\u00e4hetetty ennen m\u00e4\u00e4r\u00e4ajan p\u00e4\u00e4ttymist\u00e4.<\/p><p><b>9.2.5.<\/b>\u00a0Kuluttaja vastaa tavaroiden palauttamisesta aiheutuvista v\u00e4litt\u00f6mist\u00e4 kustannuksista, ellei tilausprosessissa tai sopimuksessa ole toisin sovittu.<\/p><p><b>9.2.6.<\/b>\u00a0Kuluttaja on velvollinen korvaamaan tavaroiden mahdollisen arvonalenemisen vain, jos arvonaleneminen johtuu tavaroiden k\u00e4sittelyst\u00e4, joka ylitt\u00e4\u00e4 tavaroiden laadun, ominaisuuksien ja toimivuuden tarkastamisen.<\/p><p><b>9.3. Peruuttamisoikeuden poissulkeminen tai ennenaikainen raukeaminen<\/b><\/p><p>Peruuttamisoikeus voidaan tietyiss\u00e4 tapauksissa sulkea pois laissa tai se voi raukeaa ennenaikaisesti, esimerkiksi kun toimitetaan tavaroita, jotka on valmistettu asiakkaan toiveiden mukaisesti tai jotka on selv\u00e4sti r\u00e4\u00e4t\u00e4l\u00f6ity henkil\u00f6kohtaisiin tarpeisiin.<\/p><p><b>9.4. Mallilomake peruuttamista varten<\/b><\/p><p>Kuluttajat voivat k\u00e4ytt\u00e4\u00e4 seuraavaa lomaketta peruuttamiseen, mutta sen k\u00e4ytt\u00f6 ei ole pakollista.<\/p><div class=\"form-block\"><p><strong>Mallilomake peruuttamista varten<\/strong><\/p><p><em>(Jos haluat peruuttaa sopimuksen, t\u00e4yt\u00e4 t\u00e4m\u00e4 lomake ja l\u00e4het\u00e4 se takaisin osoitteeseen:)<\/em><\/p><p>ilogs smartwear GmbH<br \/>Krone 1. sija, Top 2.5<br \/>9020 Klagenfurt am W\u00f6rthersee<br \/>It\u00e4valta<br \/>S\u00e4hk\u00f6posti: support@mynextring.com<\/p><p>T\u00e4ten peruutan\/peruutamme tekem\u00e4ni\/tekem\u00e4mme sopimuksen seuraavien tuotteiden ostamisesta:<\/p><p>Tilatut tuotteet:\u00a0<\/p><p>Tilausp\u00e4iv\u00e4:\u00a0<\/p><p>Vastaanotettu:\u00a0<\/p><p>Kuluttajan nimi:\u00a0<\/p><p>Kuluttajan osoite:\u00a0<\/p><p>P\u00e4iv\u00e4ys:\u00a0<\/p><p>Kuluttajan allekirjoitus (vain paperisessa ilmoituksessa):<\/p><\/div><h2>10. Takuu ja takuu<\/h2><p><b>10.1.<\/b>\u00a0Sovelletaan It\u00e4vallan lains\u00e4\u00e4d\u00e4nn\u00f6n mukaisia takuuehtoja. Kuluttajien takuuaika on periaatteessa kaksi vuotta tavaran luovuttamisesta.<\/p><p><b>10.2.<\/b>\u00a0Lis\u00e4takuu on voimassa vain, jos se on nimenomaisesti mainittu kyseisen tuotteen kohdalla. Yksityiskohdat ilmenev\u00e4t kyseisen valmistajan takuuehdoista.<\/p><p><b>10.3.<\/b>\u00a0Mahdolliset takuut eiv\u00e4t vaikuta lakis\u00e4\u00e4teisiin takuuoikeuksiin.<\/p><h2>11. Vastuu<\/h2><p><b>11.1.<\/b>\u00a0Olemme rajoittamattomasti vastuussa vahingoista, jotka johtuvat hengen, ruumiin tai terveyden loukkaamisesta ja jotka perustuvat meid\u00e4n, laillisten edustajiemme tai apulaisiemme tahalliseen tai huolimattomaan velvollisuuden laiminly\u00f6ntiin.<\/p><p><b>11.2.<\/b>\u00a0Muista vahingoista vastaamme vain tahallisesta toiminnasta ja t\u00f6rke\u00e4st\u00e4 huolimattomuudesta. Liev\u00e4ss\u00e4 huolimattomuudessa vastaamme vain olennaisten sopimusvelvoitteiden (keskeisten velvoitteiden) rikkomisesta; t\u00e4ss\u00e4 tapauksessa vastuu rajoittuu tyypillisesti ennakoitaviin vahinkoihin.<\/p><p><b>11.3.<\/b>\u00a0Tuotevastuulain mukainen vastuu s\u00e4ilyy ennallaan.<\/p><p><b>11.4.<\/b>\u00a0Toimintah\u00e4iri\u00f6ist\u00e4 tai vikoista, jotka johtuvat v\u00e4\u00e4rink\u00e4yt\u00f6st\u00e4, yhteensopimattomista p\u00e4\u00e4telaitteista, ulkopuolisesta ohjelmistosta tai asiakkaan tekemist\u00e4 muutoksista laitteistoon\/sovellukseen, vastaamme vain edell\u00e4 mainittujen periaatteiden mukaisesti.<\/p><h2>12. Tietosuoja<\/h2><p><b>12.1.<\/b>\u00a0Henkil\u00f6tietojen k\u00e4sittely tapahtuu sovellettavien tietosuojas\u00e4\u00e4nn\u00f6sten, erityisesti yleisen tietosuoja-asetuksen (GDPR) ja It\u00e4vallan tietosuojalain (DSG) mukaisesti.<\/p><p><b>12.2.<\/b>\u00a0Yksityiskohtaiset tiedot henkil\u00f6tietojen k\u00e4sittelyst\u00e4, erityisesti verkkokaupassa ja My NextRing -sovelluksen k\u00e4yt\u00f6ss\u00e4, on esitetty tietosuojaselosteessamme, joka on saatavilla verkkosivuillamme.<\/p><h2>13. Tekij\u00e4noikeudet ja immateriaalioikeudet<\/h2><p><b>13.1.<\/b>\u00a0Kaikki verkkokaupassa k\u00e4ytetyt sis\u00e4ll\u00f6t, tekstit, kuvat, tuotemerkit ja logot ovat tekij\u00e4noikeuksien ja tavaramerkkioikeuksien suojaamia, eik\u00e4 niit\u00e4 saa k\u00e4ytt\u00e4\u00e4, j\u00e4ljent\u00e4\u00e4 tai julkaista ilman nimenomaista suostumustamme.<\/p><p><b>13.2.<\/b>\u00a0Asiakkaat eiv\u00e4t saa oikeuksia ohjelmistoihin, tavaramerkkeihin tai muihin immateriaalioikeuksiin, paitsi silt\u00e4 osin kuin se on ehdottomasti tarpeen tavaroiden ja mahdollisesti sovelluksen sopimuksenmukaiseksi k\u00e4yt\u00f6ksi.<\/p><h2>14. Verkkov\u00e4litteinen riidanratkaisu, valitusmenettely<\/h2><p><b>14.1.<\/b>\u00a0Euroopan komissio tarjoaa alustan verkkov\u00e4litteiseen riidanratkaisuun (OS). Kuluttajat voivat k\u00e4ytt\u00e4\u00e4 t\u00e4t\u00e4 alustaa verkkokauppasopimuksista johtuvien riitojen ratkaisemiseen.<\/p><p><b>14.2.<\/b>\u00a0Pyrimme ratkaisemaan mahdolliset erimielisyydet sovinnollisesti. Valitusten s\u00e4hk\u00f6postiosoitteemme on: support@mynextring.com.<\/p><p><b>14.3.<\/b>\u00a0Muuten kuluttajat voivat k\u00e4\u00e4nty\u00e4 tunnustettujen sovitteluelinten ja kuluttajansuojaj\u00e4rjest\u00f6jen puoleen.<\/p><h2>15. Sovellettava laki, oikeuspaikka<\/h2><p><b>15.1.<\/b>\u00a0Sovelletaan It\u00e4vallan lakia, lukuun ottamatta YK:n kauppalakia (CISG).<\/p><p><b>15.2.<\/b>\u00a0Kuluttajien osalta t\u00e4m\u00e4 lainvalinta koskee vain silt\u00e4 osin, kuin se ei poista kuluttajan tavanomaisen asuinpaikan valtion pakottavien s\u00e4\u00e4nn\u00f6sten tarjoamaa suojaa.<\/p><p><b>15.3.<\/b>\u00a0Kuluttajia koskevat pakolliset lailliset oikeuspaikat eiv\u00e4t muutu.<\/p><h2>16. Loppum\u00e4\u00e4r\u00e4ykset<\/h2><p><b>16.1.<\/b>\u00a0Sopimuksen muutokset ja lis\u00e4ykset, mukaan lukien n\u00e4m\u00e4 yleiset sopimusehdot, on teht\u00e4v\u00e4 kirjallisesti (esim. s\u00e4hk\u00f6postitse), ellei pakottavat lakis\u00e4\u00e4teiset m\u00e4\u00e4r\u00e4ykset est\u00e4 sit\u00e4.<\/p><p><b>16.2.<\/b>\u00a0Mik\u00e4li yksitt\u00e4iset m\u00e4\u00e4r\u00e4ykset n\u00e4iss\u00e4 yleisehdoissa ovat tai tulevat kokonaan tai osittain p\u00e4tem\u00e4tt\u00f6miksi tai t\u00e4yt\u00e4nt\u00f6\u00f6npanokelvottomiksi, muiden m\u00e4\u00e4r\u00e4ysten p\u00e4tevyys ei muutu. P\u00e4tem\u00e4t\u00f6n m\u00e4\u00e4r\u00e4ys korvataan vastaavalla lakis\u00e4\u00e4teisell\u00e4 m\u00e4\u00e4r\u00e4yksell\u00e4.<\/p><p><b>16.3.<\/b>\u00a0N\u00e4iden yleisten sopimusehtojen kulloinkin voimassa oleva versio on saatavilla verkkokaupassa.<\/p>\n<\/div><div class=\"bde-text-515-104 bde-text\">\nViimeisin p\u00e4ivitys:  1. joulukuuta 2025\n<\/div><\/div>\n<\/section>","protected":false},"excerpt":{"rendered":"<p>Allgemeine Gesch\u00e4ftsbedingungen\u00a0 F\u00fcr Privatkunden (B2C)\u00a0 1. Geltungsbereich1.1.\u00a0Diese Allgemeinen Gesch\u00e4ftsbedingungen (im Folgenden \u201eAGB&#8220;) gelten f\u00fcr alle Bestellungen von Waren (insbesondere \u201eMYnextRing&#8220; Smartringe und dazugeh\u00f6riges Zubeh\u00f6r) durch Verbraucher:innen \u00fcber den Online-Shop der ilogs smartwear GmbH, Krone Platz 1, Top 2.5, 9020 Klagenfurt am W\u00f6rthersee, \u00d6sterreich, FN 426181 m, UID: ATU69362815 (im Folgenden \u201ewir&#8220; oder \u201eilogs smartwear&#8220;).1.2.\u00a0Abweichende, entgegenstehende [&hellip;]<\/p>\n","protected":false},"author":1,"featured_media":0,"parent":0,"menu_order":0,"comment_status":"closed","ping_status":"closed","template":"","meta":{"_breakdance_hide_in_design_set":false,"_breakdance_tags":"","footnotes":""},"class_list":["post-515","page","type-page","status-publish","hentry"],"_links":{"self":[{"href":"https:\/\/mynextring.com\/fi\/wp-json\/wp\/v2\/pages\/515","targetHints":{"allow":["GET"]}}],"collection":[{"href":"https:\/\/mynextring.com\/fi\/wp-json\/wp\/v2\/pages"}],"about":[{"href":"https:\/\/mynextring.com\/fi\/wp-json\/wp\/v2\/types\/page"}],"author":[{"embeddable":true,"href":"https:\/\/mynextring.com\/fi\/wp-json\/wp\/v2\/users\/1"}],"replies":[{"embeddable":true,"href":"https:\/\/mynextring.com\/fi\/wp-json\/wp\/v2\/comments?post=515"}],"version-history":[{"count":4,"href":"https:\/\/mynextring.com\/fi\/wp-json\/wp\/v2\/pages\/515\/revisions"}],"predecessor-version":[{"id":1146,"href":"https:\/\/mynextring.com\/fi\/wp-json\/wp\/v2\/pages\/515\/revisions\/1146"}],"wp:attachment":[{"href":"https:\/\/mynextring.com\/fi\/wp-json\/wp\/v2\/media?parent=515"}],"curies":[{"name":"wp","href":"https:\/\/api.w.org\/{rel}","templated":true}]}}