{"id":443,"date":"2025-10-14T08:38:14","date_gmt":"2025-10-14T08:38:14","guid":{"rendered":"https:\/\/mynextring.com\/?page_id=443"},"modified":"2025-10-15T06:17:06","modified_gmt":"2025-10-15T06:17:06","slug":"peruuttaminen","status":"publish","type":"page","link":"https:\/\/mynextring.com\/fi\/widerruf\/","title":{"rendered":"Palautus- ja palautusk\u00e4yt\u00e4nt\u00f6"},"content":{"rendered":"<section class=\"bde-section-443-100 bde-section\">\n  \n  \n\t\n\n\n\n<div class=\"section-container\"><h1 class=\"bde-heading-443-101 bde-heading\">\nPeruuttaminen ja hyvitys\n<\/h1><div class=\"bde-rich-text-443-102 bde-rich-text breakdance-rich-text-styles\">\n<h2><strong>Peruuttamisoikeus<\/strong><\/h2><p>Sinulla on oikeus peruuttaa sopimus 14 p\u00e4iv\u00e4n kuluessa ilman erityist\u00e4 syyt\u00e4.<strong> MYnextRING-kauppa<\/strong> peruuttaa. Peruuttamisaika on nelj\u00e4toista p\u00e4iv\u00e4\u00e4 siit\u00e4 p\u00e4iv\u00e4st\u00e4, jona sin\u00e4 tai sinun nime\u00e4m\u00e4si kolmas osapuoli, joka ei ole kuljettaja, on ottanut viimeisen tavaran haltuunsa. K\u00e4ytt\u00e4\u00e4ksesi peruuttamisoikeuttasi sinun on ilmoitettava siit\u00e4 meille (ilogs smartwear GmbH, Krone Platz 1, A-9020 Klagenfurt a. W., <strong>S\u00e4hk\u00f6posti:<\/strong>\u00a0<a href=\"mailto:support@mynextring.com\" target=\"_blank\" rel=\"noopener noreferrer nofollow\">support@mynextring.com<\/a>,\u00a0<strong>Puh.:<\/strong>\u00a0+43 463 305 003) k\u00e4ytt\u00e4m\u00e4ll\u00e4\u00a0<strong>selke\u00e4 selitys<\/strong>\u00a0(esim. postitse l\u00e4hetetty kirje tai s\u00e4hk\u00f6posti) p\u00e4\u00e4t\u00f6ksest\u00e4si peruuttaa t\u00e4m\u00e4 sopimus. Voit k\u00e4ytt\u00e4\u00e4 t\u00e4h\u00e4n oheista mallipohjaista peruutuslomaketta, mutta se ei ole pakollista. Jos k\u00e4yt\u00e4t t\u00e4t\u00e4 mahdollisuutta, l\u00e4het\u00e4mme sinulle viipym\u00e4tt\u00e4 (s\u00e4hk\u00f6postitse) vahvistuksen t\u00e4llaisen peruutusilmoituksen vastaanottamisesta.<\/p><p>Peruuttamisoikeuden k\u00e4ytt\u00e4miseksi riitt\u00e4\u00e4, ett\u00e4 l\u00e4het\u00e4t ilmoituksen peruuttamisoikeuden k\u00e4ytt\u00e4misest\u00e4 ennen peruuttamisajan p\u00e4\u00e4ttymist\u00e4.<\/p><p><strong>Kuluttajalla ei ole peruuttamisoikeutta seuraavien sopimusten osalta:<\/strong><br \/>Tuotteet, jotka on valmistettu asiakkaan toiveiden mukaisesti tai jotka on selv\u00e4sti r\u00e4\u00e4t\u00e4l\u00f6ity henkil\u00f6kohtaisiin tarpeisiin.<\/p><h2><strong>Peruuttamisen seuraukset<\/strong><\/h2><p>Jos peruutat t\u00e4m\u00e4n sopimuksen, meid\u00e4n on palautettava sinulle kaikki sinulta saamamme maksut, mukaan lukien toimituskulut (lukuun ottamatta lis\u00e4kustannuksia, jotka aiheutuvat siit\u00e4, ett\u00e4 olet valinnut muun kuin tarjoamamme edullisimman vakiotoimituksen), viipym\u00e4tt\u00e4 ja viimeist\u00e4\u00e4n nelj\u00e4ntoista p\u00e4iv\u00e4n kuluessa siit\u00e4 p\u00e4iv\u00e4st\u00e4, jona olemme saaneet ilmoituksen sopimuksen peruuttamisesta. K\u00e4yt\u00e4mme palautukseen samaa maksutapaa, jota k\u00e4ytit alkuper\u00e4isess\u00e4 maksutapahtumassa, ellei kanssasi ole nimenomaisesti sovittu toisin; palautuksesta ei miss\u00e4\u00e4n tapauksessa veloiteta sinulta maksuja.<\/p><p>Voimme kielt\u00e4yty\u00e4 palauttamasta maksua, kunnes olemme saaneet tavarat takaisin tai kunnes olet toimittanut todisteen tavaroiden palauttamisesta, riippuen siit\u00e4, kumpi tapahtuu aikaisemmin.<\/p><p>Sinun on palautettava tai luovutettava tavarat meille viipym\u00e4tt\u00e4 ja joka tapauksessa viimeist\u00e4\u00e4n nelj\u00e4ntoista p\u00e4iv\u00e4n kuluessa siit\u00e4 p\u00e4iv\u00e4st\u00e4, jona olet ilmoittanut meille t\u00e4m\u00e4n sopimuksen peruuttamisesta. M\u00e4\u00e4r\u00e4aika on noudatettu, jos l\u00e4het\u00e4t tavarat ennen nelj\u00e4ntoista p\u00e4iv\u00e4n m\u00e4\u00e4r\u00e4ajan p\u00e4\u00e4ttymist\u00e4. Me vastaamme tavaroiden palauttamisesta aiheutuvista kustannuksista. Sinun on vastattava tavaroiden mahdollisesta arvonmenetyksest\u00e4 vain, jos arvonmenetys johtuu tavaroiden laadun, ominaisuuksien ja toimivuuden tarkastamiseen tarpeettomasta k\u00e4sittelyst\u00e4.<\/p>\n<\/div><\/div>\n<\/section>","protected":false},"excerpt":{"rendered":"<p>Widerruf und R\u00fcckerstattung WiderrufsrechtSie haben das Recht, binnen vierzehn Tagen ohne Angabe von Gr\u00fcnden Ihren Vertrag mit MYnextRING Shop zu widerrufen. Die Widerrufsfrist betr\u00e4gt vierzehn Tage ab dem Tag, an dem Sie oder ein von Ihnen benannter Dritter, der nicht der Bef\u00f6rderer ist, die letzte Ware in Besitz genommen haben bzw. hat. Um Ihr Widerrufsrecht [&hellip;]<\/p>\n","protected":false},"author":1,"featured_media":0,"parent":0,"menu_order":0,"comment_status":"closed","ping_status":"closed","template":"","meta":{"_breakdance_hide_in_design_set":false,"_breakdance_tags":"","footnotes":""},"class_list":["post-443","page","type-page","status-publish","hentry"],"_links":{"self":[{"href":"https:\/\/mynextring.com\/fi\/wp-json\/wp\/v2\/pages\/443","targetHints":{"allow":["GET"]}}],"collection":[{"href":"https:\/\/mynextring.com\/fi\/wp-json\/wp\/v2\/pages"}],"about":[{"href":"https:\/\/mynextring.com\/fi\/wp-json\/wp\/v2\/types\/page"}],"author":[{"embeddable":true,"href":"https:\/\/mynextring.com\/fi\/wp-json\/wp\/v2\/users\/1"}],"replies":[{"embeddable":true,"href":"https:\/\/mynextring.com\/fi\/wp-json\/wp\/v2\/comments?post=443"}],"version-history":[{"count":0,"href":"https:\/\/mynextring.com\/fi\/wp-json\/wp\/v2\/pages\/443\/revisions"}],"wp:attachment":[{"href":"https:\/\/mynextring.com\/fi\/wp-json\/wp\/v2\/media?parent=443"}],"curies":[{"name":"wp","href":"https:\/\/api.w.org\/{rel}","templated":true}]}}