{"id":442,"date":"2025-10-10T09:54:52","date_gmt":"2025-10-10T09:54:52","guid":{"rendered":"https:\/\/mynextring.com\/mein-konto\/"},"modified":"2025-10-30T10:20:12","modified_gmt":"2025-10-30T10:20:12","slug":"tili","status":"publish","type":"page","link":"https:\/\/mynextring.com\/fi\/account\/","title":{"rendered":"MYnextRING-tili"},"content":{"rendered":"<section class=\"bde-section-442-100 bde-section\">\n  \n  \n\t\n\n\n\n<div class=\"section-container\"><h1 class=\"bde-heading-442-102 bde-heading\">\nMYnextRING-tilisi\n<\/h1><div class=\"bde-woopageaccount-442-101 bde-woopageaccount breakdance-woocommerce\">    <div class=\"breakdance-empty-ssr-message breakdance-empty-ssr-message-error\">\n        <div>\n            The <b>\"Account Page\"<\/b> elementin voi lis\u00e4t\u00e4 vain <b>WooCommerce Account Page<\/b>.<br \/><br \/>\n            The <b>WooCommerce Account Page<\/b> on t\u00e4ll\u00e4 hetkell\u00e4 asetettu <b>\"MYnextRING Account\" (ID: 442)<\/b>.<br \/><br \/>\n            Aseta <b>WooCommerce Account Page<\/b> WP:n hallinnassa osoitteessa <b>WooCommerce &gt; Asetukset &gt; Lis\u00e4asetukset &gt; Sivun asetukset<\/b>.\n    <\/div><\/div><\/div>\n<\/section>","protected":false},"excerpt":{"rendered":"<p>Dein MYnextRING Account The &#8222;Account Page&#8220; element can only be added to the WooCommerce Account Page. The WooCommerce Account Page is currently set to &#8222;MYnextRING Account&#8220; (ID: 442). Set the WooCommerce Account Page in the WP admin at WooCommerce &gt; Settings &gt; Advanced &gt; Page Setup.<\/p>","protected":false},"author":1,"featured_media":0,"parent":0,"menu_order":0,"comment_status":"closed","ping_status":"closed","template":"","meta":{"_breakdance_hide_in_design_set":false,"_breakdance_tags":"","footnotes":""},"class_list":["post-442","page","type-page","status-publish","hentry"],"_links":{"self":[{"href":"https:\/\/mynextring.com\/fi\/wp-json\/wp\/v2\/pages\/442","targetHints":{"allow":["GET"]}}],"collection":[{"href":"https:\/\/mynextring.com\/fi\/wp-json\/wp\/v2\/pages"}],"about":[{"href":"https:\/\/mynextring.com\/fi\/wp-json\/wp\/v2\/types\/page"}],"author":[{"embeddable":true,"href":"https:\/\/mynextring.com\/fi\/wp-json\/wp\/v2\/users\/1"}],"replies":[{"embeddable":true,"href":"https:\/\/mynextring.com\/fi\/wp-json\/wp\/v2\/comments?post=442"}],"version-history":[{"count":5,"href":"https:\/\/mynextring.com\/fi\/wp-json\/wp\/v2\/pages\/442\/revisions"}],"predecessor-version":[{"id":782,"href":"https:\/\/mynextring.com\/fi\/wp-json\/wp\/v2\/pages\/442\/revisions\/782"}],"wp:attachment":[{"href":"https:\/\/mynextring.com\/fi\/wp-json\/wp\/v2\/media?parent=442"}],"curies":[{"name":"wp","href":"https:\/\/api.w.org\/{rel}","templated":true}]}}