{"id":440,"date":"2025-10-10T09:54:47","date_gmt":"2025-10-10T09:54:47","guid":{"rendered":"https:\/\/mynextring.com\/warenkorb\/"},"modified":"2025-10-31T12:19:51","modified_gmt":"2025-10-31T12:19:51","slug":"ostoskori","status":"publish","type":"page","link":"https:\/\/mynextring.com\/fi\/warenkorb\/","title":{"rendered":"Ostoskori"},"content":{"rendered":"<section class=\"bde-section-440-100 bde-section\">\n  \n  \n\t\n\n\n\n<div class=\"section-container\"><h1 class=\"bde-heading-440-102 bde-heading\">\nOstoskori\n<\/h1><div class=\"bde-cart-440-101 bde-cart breakdance-woocommerce\">    <div class=\"breakdance-empty-ssr-message breakdance-empty-ssr-message-error\">\n        <div>\n            The <b>\"Ostoskorin sivu\"<\/b> elementin voi lis\u00e4t\u00e4 vain <b>WooCommerce ostoskorin sivu<\/b>.<br \/><br \/>\n            The <b>WooCommerce ostoskorin sivu<\/b> on t\u00e4ll\u00e4 hetkell\u00e4 asetettu <b>\"Ostoskori\" (ID: 440)<\/b>.<br \/><br \/>\n            Aseta <b>WooCommerce ostoskorin sivu<\/b> WP:n hallinnassa osoitteessa <b>WooCommerce &gt; Asetukset &gt; Lis\u00e4asetukset &gt; Sivun asetukset<\/b>.\n        <\/div>\n    <\/div>\n<\/div><\/div>\n<\/section>","protected":false},"excerpt":{"rendered":"<p>Ostoskori \u201eOstoskorisivu\u201c -elementti voidaan lis\u00e4t\u00e4 vain WooCommercen ostoskorisivulle. WooCommerce Cart Page on t\u00e4ll\u00e4 hetkell\u00e4 asetettu \u201eOstoskori\u201c (ID: 440). Aseta WooCommerce Cart Page (WooCommerce-korisivu) WP:n hallinnassa osoitteessa WooCommerce &gt; Settings (Asetukset) &gt; Advanced (Lis\u00e4asetukset) &gt; Page Setup (Sivun asetukset).<\/p>","protected":false},"author":1,"featured_media":0,"parent":0,"menu_order":0,"comment_status":"closed","ping_status":"closed","template":"","meta":{"_breakdance_hide_in_design_set":false,"_breakdance_tags":"","footnotes":""},"class_list":["post-440","page","type-page","status-publish","hentry"],"_links":{"self":[{"href":"https:\/\/mynextring.com\/fi\/wp-json\/wp\/v2\/pages\/440","targetHints":{"allow":["GET"]}}],"collection":[{"href":"https:\/\/mynextring.com\/fi\/wp-json\/wp\/v2\/pages"}],"about":[{"href":"https:\/\/mynextring.com\/fi\/wp-json\/wp\/v2\/types\/page"}],"author":[{"embeddable":true,"href":"https:\/\/mynextring.com\/fi\/wp-json\/wp\/v2\/users\/1"}],"replies":[{"embeddable":true,"href":"https:\/\/mynextring.com\/fi\/wp-json\/wp\/v2\/comments?post=440"}],"version-history":[{"count":1,"href":"https:\/\/mynextring.com\/fi\/wp-json\/wp\/v2\/pages\/440\/revisions"}],"predecessor-version":[{"id":829,"href":"https:\/\/mynextring.com\/fi\/wp-json\/wp\/v2\/pages\/440\/revisions\/829"}],"wp:attachment":[{"href":"https:\/\/mynextring.com\/fi\/wp-json\/wp\/v2\/media?parent=440"}],"curies":[{"name":"wp","href":"https:\/\/api.w.org\/{rel}","templated":true}]}}