{"id":22,"date":"2025-07-10T07:05:05","date_gmt":"2025-07-10T07:05:05","guid":{"rendered":"https:\/\/mynextring.de\/?page_id=22"},"modified":"2025-08-20T10:52:10","modified_gmt":"2025-08-20T10:52:10","slug":"saavutettavuus","status":"publish","type":"page","link":"https:\/\/mynextring.com\/fi\/barrierefreiheit\/","title":{"rendered":"Saavutettavuus"},"content":{"rendered":"<section class=\"bde-section-22-100 bde-section\">\n  \n  \n\t\n\n\n\n<div class=\"section-container\"><h1 class=\"bde-heading-22-101 bde-heading\">\nJulkilausuma esteett\u00f6myydest\u00e4\n<\/h1><div class=\"bde-rich-text-22-102 bde-rich-text breakdance-rich-text-styles\">\n<div class=\"et_pb_section et_pb_section_0 wak-datenschutz-texte et_pb_with_background et_section_regular wp-dark-mode-bg-image\"><div class=\"et_pb_row et_pb_row_0 et_pb_gutters1 et_had_animation\"><div class=\"et_pb_column et_pb_column_4_4 et_pb_column_0  et_pb_css_mix_blend_mode_passthrough et-last-child\"><div class=\"et_pb_module et_pb_text et_pb_text_2  et_pb_text_align_left et_pb_bg_layout_light\"><div class=\"et_pb_text_inner\"><p>ilogs smartwear GmbH pyrkii tekem\u00e4\u00e4n verkkopalvelunsa esteett\u00f6miksi Yl\u00e4-It\u00e4vallan syrjinn\u00e4n vastaisen lain 15b \u00a7:n ja direktiivin (EU) 2016\/2102 mukaisesti.<\/p><p>T\u00e4m\u00e4 saavutettavuuslausuma koskee verkkosivustoa:<br \/>www.mynextring.com<\/p><p>Verkkosivusto perustuu verkkosis\u00e4ll\u00f6n saavutettavuusohjeiden (WCAG) 2.1 vaatimuksiin, vaatimustenmukaisuustaso AA, ja sovellettavaan eurooppalaiseen standardiin EN 301 549 V2.1.2 (2018-08), jotta varmistetaan mahdollisimman laaja saavutettavuus kaikille k\u00e4ytt\u00e4jille.<\/p><h5 tabindex=\"-1\">Vaatimusten mukaisuuden tila<\/h5><p>T\u00e4m\u00e4 verkkosivusto t\u00e4ytt\u00e4\u00e4 osittain edell\u00e4 mainitut vaatimukset.<br \/>Osittainen yhteensopivuus johtuu siit\u00e4, ett\u00e4 osa sis\u00e4ll\u00f6st\u00e4 ei ole viel\u00e4 t\u00e4ysin saatavilla. Useita parannustoimenpiteit\u00e4 on kuitenkin jo toteutettu.<\/p><h5 tabindex=\"-1\">Toteutetut esteett\u00f6myystoimenpiteet<\/h5><p>Seuraavat seikat on jo toteutettu:<\/p><ul><li>Kontrastinvaihtaja: Kytkimen (alhaalla oikealla) avulla voit vaihtaa korkeakontrastiseen n\u00e4ytt\u00f6\u00f6n, jonka kontrastisuhde on v\u00e4hint\u00e4\u00e4n 4,5:1.<\/li><li>Kuvien vaihtoehtoiset tekstit: Kaikissa kuvissa on mielekk\u00e4\u00e4t, kuvaavat vaihtoehtoiset tekstit.<\/li><li>N\u00e4pp\u00e4imist\u00f6k\u00e4ytt\u00f6isyys: Kaikkia asiaankuuluvia linkkej\u00e4, lomake-elementtej\u00e4 ja painikkeita voidaan k\u00e4ytt\u00e4\u00e4 kokonaan n\u00e4pp\u00e4imist\u00f6ll\u00e4 loogisessa j\u00e4rjestyksess\u00e4.<\/li><li>Tarkennuksen n\u00e4kyvyys: Kun navigoit n\u00e4pp\u00e4imist\u00f6ll\u00e4, n\u00e4et selv\u00e4sti, mik\u00e4 elementti on t\u00e4ll\u00e4 hetkell\u00e4 tarkennettuna.<\/li><li>Ohita linkit: Ohituslinkit mahdollistavat suoran p\u00e4\u00e4syn t\u00e4rkeimpiin alueisiin, kuten valikkoon, sis\u00e4lt\u00f6\u00f6n ja alatunnisteeseen.<\/li><li>Yhteensopivuus ruudunlukijoiden kanssa: Parannettu semanttinen rakenne ja ARIA-vihjeet helpottavat k\u00e4ytt\u00f6\u00e4 ruudunlukijoiden kanssa.<\/li><li>Zoomausmahdollisuus mobiililaitteissa: parantaa luettavuutta.<\/li><li>Tekstin suurennusta ei ole tarjolla, koska kaikki yleiset selaimet tarjoavat zoomaustoiminnon (esim. CTRL\/CMD +).<\/li><\/ul><h5 tabindex=\"-1\">Viel\u00e4 olemassa olevat esteet<\/h5><p>Jotkin sis\u00e4ll\u00f6t eiv\u00e4t ole viel\u00e4 t\u00e4ysin saatavilla, esimerkiksi seuraavat:<\/p><ul><li>Vanhat kuvatekstit, jotka ovat saatavilla, mutta joita ei ole viel\u00e4 kaikissa tapauksissa muotoiltu mielekk\u00e4\u00e4sti ja kontekstisidonnaisesti.<\/li><li>Jotkin PDF- ja Office-asiakirjat eiv\u00e4t ole k\u00e4ytett\u00e4viss\u00e4. Uusista asiakirjoista pyrit\u00e4\u00e4n tekem\u00e4\u00e4n mahdollisimman helppok\u00e4ytt\u00f6isi\u00e4 tai toimittamaan olennaiset tiedot helppok\u00e4ytt\u00f6isess\u00e4 muodossa.<\/li><\/ul><p>Pyrimme tulevaisuudessa v\u00e4hent\u00e4m\u00e4\u00e4n n\u00e4it\u00e4 esteit\u00e4 entisest\u00e4\u00e4n ja tekem\u00e4\u00e4n sis\u00e4ll\u00f6st\u00e4 mahdollisimman helppok\u00e4ytt\u00f6ist\u00e4.<\/p><h5 tabindex=\"-1\">T\u00e4m\u00e4n ilmoituksen laatiminen<\/h5><p>T\u00e4m\u00e4 julistus laadittiin 1. kes\u00e4kuuta 2025.<br \/>Verkkosivuston esteett\u00f6myys testattiin WAVE Accessibility Tool -ty\u00f6kalulla, axe DevTools -ty\u00f6kalulla sek\u00e4 manuaalisella n\u00e4pp\u00e4imist\u00f6- ja ruudunlukijanavigoinnilla.<\/p><h5 tabindex=\"-1\">Palaute ja yhteystiedot<\/h5><p>Jos havaitset sivustollamme esteit\u00e4 tai sinulla on parannusehdotuksia, otamme mielell\u00e4mme yhteytt\u00e4 sinuun.<\/p><p>Pyrimme vastaamaan pyynt\u00f6\u00f6si 7 ty\u00f6p\u00e4iv\u00e4n kuluessa.<\/p><\/div><\/div><\/div><\/div><\/div>\n<\/div><\/div>\n<\/section>","protected":false},"excerpt":{"rendered":"<p>Erkl\u00e4rung zur Barriere\u00adfreiheit Die ilogs smartwear GmbH ist bem\u00fcht, ihre Online-Angebote im Einklang mit \u00a7 15b O\u00f6. Antidiskriminierungsgesetz sowie der Richtlinie (EU) 2016\/2102 barrierefrei zug\u00e4nglich zu machen.Diese Erkl\u00e4rung zur Barrierefreiheit gilt f\u00fcr die Website:www.mynextring.comDie Website orientiert sich an den Anforderungen der Web Content Accessibility Guidelines (WCAG) 2.1, Konformit\u00e4tsstufe AA, sowie dem geltenden Europ\u00e4ischen Standard EN [&hellip;]<\/p>\n","protected":false},"author":1,"featured_media":0,"parent":0,"menu_order":0,"comment_status":"closed","ping_status":"closed","template":"","meta":{"_breakdance_hide_in_design_set":false,"_breakdance_tags":"","footnotes":""},"class_list":["post-22","page","type-page","status-publish","hentry"],"_links":{"self":[{"href":"https:\/\/mynextring.com\/fi\/wp-json\/wp\/v2\/pages\/22","targetHints":{"allow":["GET"]}}],"collection":[{"href":"https:\/\/mynextring.com\/fi\/wp-json\/wp\/v2\/pages"}],"about":[{"href":"https:\/\/mynextring.com\/fi\/wp-json\/wp\/v2\/types\/page"}],"author":[{"embeddable":true,"href":"https:\/\/mynextring.com\/fi\/wp-json\/wp\/v2\/users\/1"}],"replies":[{"embeddable":true,"href":"https:\/\/mynextring.com\/fi\/wp-json\/wp\/v2\/comments?post=22"}],"version-history":[{"count":0,"href":"https:\/\/mynextring.com\/fi\/wp-json\/wp\/v2\/pages\/22\/revisions"}],"wp:attachment":[{"href":"https:\/\/mynextring.com\/fi\/wp-json\/wp\/v2\/media?parent=22"}],"curies":[{"name":"wp","href":"https:\/\/api.w.org\/{rel}","templated":true}]}}