{"id":19,"date":"2025-07-10T07:04:23","date_gmt":"2025-07-10T07:04:23","guid":{"rendered":"https:\/\/mynextring.de\/?page_id=19"},"modified":"2025-08-20T10:48:54","modified_gmt":"2025-08-20T10:48:54","slug":"tietosuojakaeytaentoe","status":"publish","type":"page","link":"https:\/\/mynextring.com\/fi\/privacy-policy\/","title":{"rendered":"Tietosuojak\u00e4yt\u00e4nt\u00f6"},"content":{"rendered":"<section class=\"bde-section-19-100 bde-section\">\n  \n  \n\t\n\n\n\n<div class=\"section-container\"><h1 class=\"bde-heading-19-101 bde-heading\">\nTietosuojak\u00e4yt\u00e4nt\u00f6\n<\/h1><div class=\"bde-rich-text-19-102 bde-rich-text breakdance-rich-text-styles\">\n<div class=\"et_pb_section et_pb_section_0 wak-datenschutz-texte et_pb_with_background et_section_regular wp-dark-mode-bg-image\"><div class=\"et_pb_row et_pb_row_0 et_pb_gutters1 et_had_animation\"><div class=\"et_pb_column et_pb_column_4_4 et_pb_column_0  et_pb_css_mix_blend_mode_passthrough et-last-child\"><div class=\"et_pb_module et_pb_text et_pb_text_2  et_pb_text_align_left et_pb_bg_layout_light\"><div class=\"et_pb_text_inner\"><h4 tabindex=\"-1\">Perusteet<\/h4><p>ilogs smartwear GmbH - j\u00e4ljemp\u00e4n\u00e4 \"ILOGS\" - pit\u00e4\u00e4 henkil\u00f6tietojesi suojaamista eritt\u00e4in t\u00e4rke\u00e4n\u00e4. Tietojasi k\u00e4sitelless\u00e4mme noudatamme Euroopan yleisen tietosuoja-asetuksen (GDPR) voimassa olevia s\u00e4\u00e4nn\u00f6ksi\u00e4, sellaisina kuin ne ovat muutettuina. Alla on selitys siit\u00e4, miten k\u00e4sittelemme henkil\u00f6tietojasi, kun k\u00e4yt\u00e4t verkkosivustoamme, verkkokauppaa, verkkosovellusta, \u00e4lypuhelinsovelluksia, \u00e4lysormustamme tai palveluitamme ja kun otat yhteytt\u00e4 tukitiimiimme.<\/p><\/div><\/div><div class=\"et_pb_module et_pb_text et_pb_text_3  et_pb_text_align_left et_pb_bg_layout_light\"><div class=\"et_pb_text_inner\"><h4 tabindex=\"-1\">Muutokset t\u00e4h\u00e4n tietosuojak\u00e4yt\u00e4nt\u00f6\u00f6n<\/h4><p>Tarkistamme ja p\u00e4ivit\u00e4mme t\u00e4t\u00e4 tietosuojaselostetta s\u00e4\u00e4nn\u00f6llisesti muuttuvan oikeudellisen, teknisen ja liiketoiminnallisen kehityksen mukaisesti. Kun p\u00e4ivit\u00e4mme t\u00e4t\u00e4 tietosuojaselostetta, merkitsemme viimeisimm\u00e4n tarkistuksen p\u00e4iv\u00e4m\u00e4\u00e4r\u00e4n t\u00e4m\u00e4n selosteen yl\u00e4osaan. Kehotamme sinua tarkistamaan t\u00e4m\u00e4n tietosuojaselosteen s\u00e4\u00e4nn\u00f6llisesti, jotta pysyt ajan tasalla siit\u00e4, miten suojaamme henkil\u00f6tietojasi.<\/p><\/div><\/div><div class=\"et_pb_module et_pb_text et_pb_text_4  et_pb_text_align_left et_pb_bg_layout_light\"><div class=\"et_pb_text_inner\"><h4 tabindex=\"-1\">Tietojen k\u00e4sittelyst\u00e4 vastaava henkil\u00f6<\/h4><p>Henkil\u00f6tietojen k\u00e4sittelyst\u00e4 vastaa ilogs smartwear GmbH, Krone Platz 1, 9020 Klagenfurt am W\u00f6rthersee, It\u00e4valta. Jos sinulla on kysytt\u00e4v\u00e4\u00e4, ota meihin yhteytt\u00e4 s\u00e4hk\u00f6postitse: datenschutz@ilogs.care tai kirjoita suoraan tietosuojavastaavalle:<\/p><p>ilogs smartwear GmbH<br \/>Tietosuojasta vastaavalle Andreas Jansalle, tietosuojasta vastaava henkil\u00f6<br \/>Krone Platz 1 | 9020 Klagenfurt am W\u00f6rthersee<br \/>It\u00e4valta<\/p><\/div><\/div><div class=\"et_pb_module et_pb_text et_pb_text_5  et_pb_text_align_left et_pb_bg_layout_light\"><div class=\"et_pb_text_inner\"><h4 tabindex=\"-1\">Mit\u00e4 tietoja sinusta ker\u00e4t\u00e4\u00e4n ja miten<\/h4><p>Riippuen siit\u00e4, mihin tarkoitukseen ja mill\u00e4 tavalla otat meihin yhteytt\u00e4 tai mit\u00e4 tuotteitamme k\u00e4yt\u00e4t, saatat antaa meille tietoja, joita k\u00e4sittelemme. Alla on yleiskatsaus siit\u00e4, mit\u00e4 tietoja voit siirt\u00e4\u00e4 meille mit\u00e4 kanavia pitkin.<\/p><\/div><\/div><div class=\"et_pb_module et_pb_text et_pb_text_6  et_pb_text_align_left et_pb_bg_layout_light\"><div class=\"et_pb_text_inner\"><h4 tabindex=\"-1\">Mit\u00e4 kanavia k\u00e4ytet\u00e4\u00e4n tietojen ker\u00e4\u00e4miseen<\/h4><p>Voit ottaa meihin yhteytt\u00e4 eri tavoin. Tietoja ker\u00e4t\u00e4\u00e4n sinulta, jotta voimme tarjota palveluitamme. T\u00e4m\u00e4 koskee verkkosivustoamme, verkkokauppaa, verkkosovellusta, \u00e4lypuhelinsovelluksia (esim. Nextring-sovellusta) ja palveluita sek\u00e4 yhteydenottojasi tukitiedustelun yhteydess\u00e4.<\/p><h5 tabindex=\"-1\">Meille siirt\u00e4m\u00e4si tiedot<\/h5><p>Kun k\u00e4yt\u00e4t laitteitamme (kuten Smartring N1) ja palveluitamme, saatat antaa meille seuraavia henkil\u00f6tietoja:<\/p><p>- Perustiedot, kuten etunimi, sukunimi, k\u00e4ytt\u00e4j\u00e4n nimi, titteli.<br \/>- Yhteystiedot, kuten laskutusosoite, toimitusosoite, kotiosoite, s\u00e4hk\u00f6postiosoite, puhelin.<br \/>- K\u00e4ytt\u00e4j\u00e4tiedot, kuten sukupuoli, pituus ja paino, k\u00e4ytt\u00e4j\u00e4tunnus ja muut meille antamasi tiedot.<br \/>- K\u00e4ytt\u00e4jien antamat toiminta- ja asiayhteystiedot, kuten toiminnot, muistiinpanot, kommentit, k\u00e4ytt\u00e4j\u00e4palaute ja sovellukseen sy\u00f6tetyt tunnisteet.<br \/>- Lasketut k\u00e4ytt\u00e4j\u00e4-, uni-, terveys- ja aktiivisuustiedot, kuten univaiheet (syv\u00e4, kevyt, REM, valve), aktiivisuustaso p\u00e4iv\u00e4n aikana, p\u00e4ivitt\u00e4inen muoto ja painoindeksi.<br \/>- Sis\u00e4\u00e4nkirjautumistiedot, kuten k\u00e4ytt\u00e4j\u00e4tunnus ja salasana j\u00e4rjestelmiimme.<\/p><h5 tabindex=\"-1\">Sinulta automaattisesti ker\u00e4\u00e4m\u00e4mme tiedot<\/h5><p>Antamiesi tietojen lis\u00e4ksi ker\u00e4t\u00e4\u00e4n seuraavia tietoja:<\/p><p>- Tekniset tiedot, kuten MAC- ja IP-osoite, selaimen tyyppi, k\u00e4ytt\u00f6j\u00e4rjestelm\u00e4, laitteen tyyppi, jolla k\u00e4yt\u00e4t verkkosivustojamme ja sovelluksiamme.<br \/>- Verkkosivustoillamme ja sovelluksissamme k\u00e4ytt\u00e4miesi toimintojen k\u00e4ytt\u00f6tiedot.<br \/>- Tukiosastomme kanssa k\u00e4ytyjen keskustelujen sis\u00e4lt\u00f6 voidaan kirjata tiketteihin seurantaa varten.<\/p><\/div><\/div><\/div><\/div><\/div><div class=\"et_pb_section et_pb_section_1 wak-datenschutz-texte et_pb_with_background et_section_regular wp-dark-mode-bg-image\"><div class=\"et_pb_row et_pb_row_1 et_pb_gutters1\"><div class=\"et_pb_column et_pb_column_4_4 et_pb_column_1  et_pb_css_mix_blend_mode_passthrough et-last-child\"><div class=\"et_pb_module et_pb_text et_pb_text_7  et_pb_text_align_left et_pb_bg_layout_light\"><div class=\"et_pb_text_inner\"><h4 tabindex=\"-1\">Miten suojaamme tietojasi<\/h4><h5 tabindex=\"-1\">Tietojen k\u00e4sittelypaikka<\/h5><p>Tietojasi k\u00e4sitell\u00e4\u00e4n EU:ssa ja Euroopan talousalueella. Kyseess\u00e4 on t\u00e4ll\u00e4 hetkell\u00e4 ISO 9001:2015 ja ISO 27001:2013 -sertifioitu tietokeskus Ranskassa. Tietojen siirto APP:st\u00e4 datakeskukseen on salattu.<\/p><h5 tabindex=\"-1\">Tekniset ja organisatoriset toimenpiteet (TOM)<\/h5><p>ILOGS panee TOM:t t\u00e4yt\u00e4nt\u00f6\u00f6n yleisen tietosuoja-asetuksen mukaisesti. Niit\u00e4 arvioidaan jatkuvasti toteutettavuuden ja uusimman tekniikan tason kannalta, ja tarvittaessa niit\u00e4 parannetaan ja saatetaan korkeammalle turvallisuus- ja suojaustasolle.<\/p><\/div><\/div><div class=\"et_pb_module et_pb_text et_pb_text_8  et_pb_text_align_left et_pb_bg_layout_light\"><div class=\"et_pb_text_inner\"><h4 tabindex=\"-1\">Mihin tarkoituksiin tietojasi k\u00e4sitell\u00e4\u00e4n<\/h4><p>Sinusta ker\u00e4ttyj\u00e4 tietoja k\u00e4sitell\u00e4\u00e4n seuraaviin erityistarkoituksiin. Eri tarkoituksia voidaan soveltaa samanaikaisesti.<\/p><p>- Tuotteen ja palvelujen tarjoaminen<br \/>- Palveluistamme veloittaminen<br \/>- yhteydenpito kanssasi tiedusteluihisi liittyen<br \/>- Tuotteidemme ja palveluidemme parantaminen<br \/>- Markkinointi: tiedotamme sinulle uusista tuotteista s\u00e4hk\u00f6postitse.<\/p><p>Huom:<br \/>Jos tiedot niputetaan tai anonymisoidaan, ne eiv\u00e4t ole en\u00e4\u00e4 henkil\u00f6tietoja.<\/p><\/div><\/div><div class=\"et_pb_module et_pb_text et_pb_text_9  et_pb_text_align_left et_pb_bg_layout_light\"><div class=\"et_pb_text_inner\"><h4 tabindex=\"-1\">Tietojen luovuttaminen kolmansille osapuolille<\/h4><p>ILOGS ei myy tai vuokraa henkil\u00f6kohtaisia tietojasi, vaan jakaa niit\u00e4 vain tiettyjen luotettavien palveluntarjoajien ja kumppaneiden kanssa, jotta voimme tarjota ja parantaa palveluitamme, mahdollistaa kumppanipalvelut ja muut tarjoukset sek\u00e4 harjoittaa liiketoimintaamme. Kun jaamme tietoja kolmannen osapuolen palveluntarjoajien kanssa, edellyt\u00e4mme, ett\u00e4 tietojasi k\u00e4ytet\u00e4\u00e4n vain niihin tarkoituksiin, joihin olemme antaneet luvan, ja vain t\u00e4ss\u00e4 tietosuojak\u00e4yt\u00e4nn\u00f6ss\u00e4 esitetyist\u00e4 syist\u00e4. Edellyt\u00e4mme my\u00f6s, ett\u00e4 n\u00e4m\u00e4 palveluntarjoajat suojaavat henkil\u00f6tietojasi v\u00e4hint\u00e4\u00e4n samoilla standardeilla kuin me itse sovellamme.<\/p><p>Alla on luettelo k\u00e4ytetyist\u00e4 kolmannen osapuolen palveluntarjoajista ja j\u00e4rjestelmist\u00e4.<\/p><p>- Microsoft 365 s\u00e4hk\u00f6postitiedustelujen k\u00e4sittely\u00e4 varten<br \/>- Atlassian Jira meille tekemiesi tiedustelujen k\u00e4sittelyyn (my\u00f6s puhelimitse ja s\u00e4hk\u00f6postitse).<br \/>- Google Analytics analysoimaan verkkosivustomme toimintaa.<br \/>- WooCommerce ostosten k\u00e4sittelyyn verkkokaupassamme<br \/>- GoCardless SEPA-maksujen k\u00e4sittely\u00e4 varten<br \/>- Apple - jos jaat renkaan tiedot Apple Healthin kanssa.<\/p><h5 tabindex=\"-1\">Alihankkija<\/h5><p>ILOGS toimii l\u00e4heisess\u00e4 yhteisty\u00f6ss\u00e4 yrityksen Joint Chinese Limited kanssa, jonka osoite on: Building 6 and 4, Huafeng Tech Park, Guangtian Road, Luotian Industrial Area, Songgang Town, Bao'an District, Shenzhen, P.R. China - renkaiden ja APP:n jatkokehityksess\u00e4 sek\u00e4 palvelimen toiminnassa EU:ssa. Yritykset ovat sopineet tietosuojas\u00e4\u00e4nn\u00f6sten noudattamisesta.<\/p><\/div><\/div><div class=\"et_pb_module et_pb_text et_pb_text_10  et_pb_text_align_left et_pb_bg_layout_light\"><div class=\"et_pb_text_inner\"><h4 tabindex=\"-1\">Kuinka kauan tietojasi k\u00e4sitell\u00e4\u00e4n<\/h4><p>Henkil\u00f6tietojesi s\u00e4ilytysaika riippuu yleens\u00e4 Nextring-tilisi elinkaaren kestosta. Henkil\u00f6tietosi poistetaan heti, kun niit\u00e4 ei en\u00e4\u00e4 tarvita siihen tarkoitukseen, johon ne alun perin ker\u00e4ttiin, ellei laki vaadi meit\u00e4 s\u00e4ilytt\u00e4m\u00e4\u00e4n tietoja pidemp\u00e4\u00e4n. Esimerkiksi unta, p\u00e4iv\u00e4muotoa ja aktiivisuutta koskevia mittaustietojasi s\u00e4ilytet\u00e4\u00e4n vain niin kauan kuin Nextring-tilisi on aktiivinen.<\/p><p>ILOGSin on my\u00f6s lain mukaan s\u00e4ilytett\u00e4v\u00e4 tiettyj\u00e4 henkil\u00f6tietoja tietyn ajan, esimerkiksi verotustarkoituksiin. N\u00e4m\u00e4 pakolliset s\u00e4ilytysajat voivat liitty\u00e4 esimerkiksi kirjanpito- ja verovaatimuksiin, oikeudellisiin vaatimuksiin tai muihin oikeudellisiin tarkoituksiin. Huomaa, ett\u00e4 henkil\u00f6tietojen pakolliset s\u00e4ilytysajat vaihtelevat sovellettavan lain mukaan.<\/p><p>Voit poistaa Nextring-tilisi itse sovelluksessa milloin tahansa. Voit my\u00f6s ilmoittaa meille kirjallisesti, ett\u00e4 meid\u00e4n pit\u00e4isi poistaa kaikki tietosi.<\/p><\/div><\/div><div class=\"et_pb_module et_pb_text et_pb_text_11  et_pb_text_align_left et_pb_bg_layout_light\"><div class=\"et_pb_text_inner\"><h4 tabindex=\"-1\">Ev\u00e4steet<\/h4><p>Verkkosivusto tai palvelimelle asennettu ohjelmisto k\u00e4ytt\u00e4\u00e4 ev\u00e4steit\u00e4. Ev\u00e4steet ovat tekstitiedostoja, jotka vastaanottavat tietoja ja joiden avulla voit k\u00e4ytt\u00e4\u00e4 laajennettuja toimintoja (esim. roskapostisuojan tarkistus yhteydenottolomakkeessa - jos se on aktivoitu). (esim. roskapostisuojan tarkistus yhteydenottolomakkeessa - jos se on aktivoitu.) Ev\u00e4steet tallentavat vain tarvittavat tiedot, eiv\u00e4tk\u00e4 ne voi aiheuttaa vahinkoa tietokoneellesi. Voit itse m\u00e4\u00e4ritell\u00e4 ev\u00e4steiden s\u00e4ilytysajan selainprofiilissasi ja poistaa ev\u00e4steet tietokoneeltasi milloin tahansa. Ev\u00e4steet ovat teknisesti v\u00e4ltt\u00e4m\u00e4tt\u00f6mi\u00e4, jotta t\u00e4m\u00e4n verkkosivuston t\u00e4ysi toimivuus voidaan taata kaikkina aikoina.<\/p><\/div><\/div><div class=\"et_pb_module et_pb_text et_pb_text_12  et_pb_text_align_left et_pb_bg_layout_light\"><div class=\"et_pb_text_inner\"><h4 tabindex=\"-1\">K\u00e4sittelyn oikeusperusta<\/h4><p>Tietojesi k\u00e4sittelyn oikeusperustat riippuvat k\u00e4sittelyn tarkoituksesta. N\u00e4m\u00e4 ovat<\/p><p><strong>- Sopimus<\/strong><br \/>Kun k\u00e4sittelemme henkil\u00f6tietoja palvelujen tarjoamiseksi, t\u00e4m\u00e4 tapahtuu k\u00e4ytt\u00e4j\u00e4sopimuksen perusteella, joka tehd\u00e4\u00e4n, kun luot tilisi ja hyv\u00e4ksyt k\u00e4ytt\u00f6ehtomme.<\/p><p><strong>- Suostumus<\/strong><br \/>K\u00e4sittelemme arkaluonteisia henkil\u00f6tietojasi vain suostumuksellasi. Joissakin tapauksissa toimintasi on suostumus tietojesi k\u00e4sittelyyn, esimerkiksi kun lis\u00e4\u00e4t terveystietoja muistiinpanoihisi tai lis\u00e4\u00e4t sovelluksessa terveyteen liittyvi\u00e4 tunnisteita.<\/p><p><strong>- Oikeutettu etu<\/strong><br \/>K\u00e4sittelemme henkil\u00f6tietojasi oikeutettujen etujemme perusteella, kun k\u00e4sittelemme niit\u00e4 markkinoidaksemme tuotteitamme ja verkkosivustojamme, tarjotaksemme asiakaspalvelua ja parantaaksemme palveluitamme. Kun p\u00e4\u00e4t\u00e4mme k\u00e4ytt\u00e4\u00e4 henkil\u00f6tietojasi oikeutettujen etujemme perusteella, tasapainotamme huolellisesti omia etujamme ja oikeuttasi tietosuojaan sovellettavan lains\u00e4\u00e4d\u00e4nn\u00f6n mukaisesti.<\/p><p><strong>- Lakis\u00e4\u00e4teinen velvoite<\/strong><br \/>Meid\u00e4n on k\u00e4sitelt\u00e4v\u00e4 tiettyj\u00e4 tietoja t\u00e4ytt\u00e4\u00e4kseen lakis\u00e4\u00e4teiset velvoitteet, jotka voivat vaihdella maittain. T\u00e4llaisia velvoitteita voi aiheutua esimerkiksi kuluttajansuoja- tai verolains\u00e4\u00e4d\u00e4nn\u00f6st\u00e4.<\/p><\/div><\/div><div class=\"et_pb_module et_pb_text et_pb_text_13  et_pb_text_align_left et_pb_bg_layout_light\"><div class=\"et_pb_text_inner\"><h4 tabindex=\"-1\">Henkil\u00f6tietojen luovuttaminen<\/h4><p>Pid\u00e4t\u00e4mme oikeuden luovuttaa henkil\u00f6tietoja tietyiss\u00e4 olosuhteissa, esim. seuraavissa:<\/p><p>- jos meill\u00e4 on siihen nimenomainen suostumuksesi<br \/>- jos se on kohtuullisen v\u00e4ltt\u00e4m\u00e4t\u00f6nt\u00e4 oikeutettujen etujemme vuoksi liiketoimintamme harjoittamiseksi, esimerkiksi sulautumisen, yritysoston tai myynnin yhteydess\u00e4.<br \/>- Nextringin lakis\u00e4\u00e4teisten oikeuksien ja omaisuuden suojaamiseksi ja<br \/>- oikeudellisten vaatimusten t\u00e4ytt\u00e4miseksi. ILOGS vastustaa kuitenkin kaikkia pyynt\u00f6j\u00e4 antaa lainvalvontaviranomaisille p\u00e4\u00e4sy k\u00e4ytt\u00e4j\u00e4tietoihin valvonta- tai lainvalvontatarkoituksiin ja ilmoittaa k\u00e4ytt\u00e4jille, jos saamme t\u00e4llaisen pyynn\u00f6n lain sallimissa rajoissa.<\/p><p>Muutoin henkil\u00f6tietojasi ei koskaan luovuteta yksityishenkil\u00f6ille tai muille organisaatioille.<\/p><\/div><\/div><div class=\"et_pb_module et_pb_text et_pb_text_14  et_pb_text_align_left et_pb_bg_layout_light\"><div class=\"et_pb_text_inner\"><h4 tabindex=\"-1\">Tietosuojaoikeutesi<\/h4><p>Loppuk\u00e4ytt\u00e4j\u00e4n\u00e4 sinulla on n\u00e4m\u00e4 oikeudet my\u00f6s, jos sinulla on sopimussuhde ILOGSin myyntikumppanin kanssa.<\/p><p><strong>Tiedottamisvelvollisuus<\/strong><br \/>Rekister\u00f6idyille on tiedotettava tietojenk\u00e4sittelyn yksityiskohdista ja heid\u00e4n oikeuksistaan (kuka\/mit\u00e4\/miss\u00e4\/miss\u00e4\/miss\u00e4\/miss\u00e4\/miss\u00e4\/miss\u00e4\/mill\u00e4 tavalla\/miksi).<\/p><p><strong>Oikeus saada tietoa<\/strong><br \/>On oltava mahdollista erottaa toisistaan tiedot siit\u00e4, mit\u00e4 rekister\u00f6idyn tietoja s\u00e4ilytet\u00e4\u00e4n tai k\u00e4sitell\u00e4\u00e4n, ja mit\u00e4 muiden henkil\u00f6iden tietoja.<\/p><p><strong>Oikeus oikaisuun<\/strong><br \/>V\u00e4\u00e4r\u00e4nlaisten analyysien v\u00e4ltt\u00e4miseksi.<\/p><p><strong>Oikeus tietojen poistamiseen (\"oikeus tulla unohdetuksi\").<\/strong><br \/>Ilman v\u00e4ltt\u00e4m\u00e4tt\u00f6myytt\u00e4, suostumusta ja laillisuutta. Henkil\u00f6tiedot on poistettava my\u00f6s niiden voimassaolon p\u00e4\u00e4ttymisen j\u00e4lkeen (esim. liikesuhteen p\u00e4\u00e4ttymisen j\u00e4lkeen).<\/p><p><strong>Oikeus k\u00e4sittelyn rajoittamiseen<\/strong><br \/>Tarkastusten tai oikeudellisten vaateiden puolustamisen ajaksi. Tiedot on voitava sulkea k\u00e4sittelyn ulkopuolelle poistamatta niit\u00e4.<\/p><p><strong>Oikeus tietojen siirtoon<\/strong><br \/>Henkil\u00f6tiedot on pyynn\u00f6st\u00e4 luovutettava muille palveluntarjoajille. T\u00e4m\u00e4n on tapahduttava automaattisesti tai j\u00e4sennellyss\u00e4 muodossa.<\/p><p><strong>Vastustamisoikeus<\/strong><br \/>Jos kyseess\u00e4 on ylivoimainen etu, rekister\u00f6ity voi kielt\u00e4\u00e4 tietojensa k\u00e4sittelyn.<\/p><p><strong>Valitusoikeus<\/strong><br \/>Jos uskot, ett\u00e4 tietojesi k\u00e4sittelyss\u00e4 rikotaan tietosuojalains\u00e4\u00e4d\u00e4nt\u00f6\u00e4 tai ett\u00e4 tietosuojaoikeuksiasi on muutoin loukattu, voit tehd\u00e4 valituksen valvontaviranomaiselle. It\u00e4vallassa t\u00e4m\u00e4 on tietosuojaviranomainen\u00a0<a role=\"link\" href=\"https:\/\/www.dsb.gv.at\/\">https:\/\/www.dsb.gv.at<\/a>.<\/p><\/div><\/div><\/div><\/div><\/div>\n<\/div><\/div>\n<\/section>","protected":false},"excerpt":{"rendered":"<p>Datenschutz\u00aderkl\u00e4rung GrundlegendesDie ilogs smartwear GmbH \u2013 im Folgenden \u201eILOGS\u201c \u2013 legt gro\u00dfen Wert darauf, Ihre pers\u00f6nlichen Daten zu sch\u00fctzen. Bei der Verarbeitung halten wir uns an die aktuellen Bestimmungen der europ\u00e4ischen Datenschutzgrundverordnung (DSGVO) in der jeweils geltenden Fassung. Nachstehend finden Sie die Erl\u00e4uterung, in welcher Art und Weise wir Ihre personenbezogenen Daten verarbeiten, wenn sie [&hellip;]<\/p>\n","protected":false},"author":1,"featured_media":0,"parent":0,"menu_order":0,"comment_status":"closed","ping_status":"closed","template":"","meta":{"_breakdance_hide_in_design_set":false,"_breakdance_tags":"","footnotes":""},"class_list":["post-19","page","type-page","status-publish","hentry"],"_links":{"self":[{"href":"https:\/\/mynextring.com\/fi\/wp-json\/wp\/v2\/pages\/19","targetHints":{"allow":["GET"]}}],"collection":[{"href":"https:\/\/mynextring.com\/fi\/wp-json\/wp\/v2\/pages"}],"about":[{"href":"https:\/\/mynextring.com\/fi\/wp-json\/wp\/v2\/types\/page"}],"author":[{"embeddable":true,"href":"https:\/\/mynextring.com\/fi\/wp-json\/wp\/v2\/users\/1"}],"replies":[{"embeddable":true,"href":"https:\/\/mynextring.com\/fi\/wp-json\/wp\/v2\/comments?post=19"}],"version-history":[{"count":0,"href":"https:\/\/mynextring.com\/fi\/wp-json\/wp\/v2\/pages\/19\/revisions"}],"wp:attachment":[{"href":"https:\/\/mynextring.com\/fi\/wp-json\/wp\/v2\/media?parent=19"}],"curies":[{"name":"wp","href":"https:\/\/api.w.org\/{rel}","templated":true}]}}