{"id":861,"date":"2025-11-07T08:01:59","date_gmt":"2025-11-07T08:01:59","guid":{"rendered":"https:\/\/mynextring.com\/?page_id=861"},"modified":"2026-02-05T15:20:22","modified_gmt":"2026-02-05T15:20:22","slug":"ring-size","status":"publish","type":"page","link":"https:\/\/mynextring.com\/en\/ringgroesse\/","title":{"rendered":"Ring size"},"content":{"rendered":"<section class=\"bde-section-861-100 bde-section\">\n  \n  \n\t\n\n\n\n<div class=\"section-container\"><h1 class=\"bde-heading-861-102 bde-heading\">\nFind your perfect ring size!\n<\/h1><\/div>\n<\/section><section class=\"bde-section-861-103 bde-section\">\n  \n  \n\t\n\n\n\n<div class=\"section-container\"><h2 class=\"bde-heading-861-104 bde-heading\">\nDetermine the correct RING size - here's how it works\n<\/h2><div class=\"bde-rich-text-861-105 bde-rich-text breakdance-rich-text-styles\">\n<p class=\"p1\">To ensure that MYnextRING fits your finger perfectly, it is important to choose the correct ring size. Please take a moment to do this - it's worth it!<\/p><ol><li class=\"p3\">The ring should fit snugly but not cut in or be too loose.<\/li><li class=\"p3\">Remember: Fingers can change over the course of the day (e.g. due to swelling in the morning or after sporting activity). Ideally, you should therefore check the fit at the optimum time of day.<\/li><\/ol>\n<\/div><div class=\"de-advanced-table-861-106 de-advanced-table\" role=\"table\" data-breakpoint=\"767\" table-id=\"103\" data-acc=\"true\"><div class=\"de-col-wrapper de-col-headers\" role=\"rowgroup\"><div class=\"de-col-header\" role=\"columnheader\" aria-colindex=\"2\" aria-rowindex=\"1\">Ring size (US standard)<span class=\"de-adv-table-open-icon\"><svg xmlns=\"http:\/\/www.w3.org\/2000\/svg\" viewbox=\"0 0 448 512\"><!-- Font Awesome Free 5.15.1 by @fontawesome - https:\/\/fontawesome.com License - https:\/\/fontawesome.com\/license\/free (Icons: CC BY 4.0, Fonts: SIL OFL 1.1, Code: MIT License) --><path d=\"M416 208H272V64c0-17.67-14.33-32-32-32h-32c-17.67 0-32 14.33-32 32v144H32c-17.67 0-32 14.33-32 32v32c0 17.67 14.33 32 32 32h144v144c0 17.67 14.33 32 32 32h32c17.67 0 32-14.33 32-32V304h144c17.67 0 32-14.33 32-32v-32c0-17.67-14.33-32-32-32z\"\/><\/svg><\/span><span class=\"de-adv-table-close-icon\"><svg xmlns=\"http:\/\/www.w3.org\/2000\/svg\" id=\"icon-minus\" viewbox=\"0 0 32 32\">\r\n<path d=\"M0 13v6c0 0.552 0.448 1 1 1h30c0.552 0 1-0.448 1-1v-6c0-0.552-0.448-1-1-1h-30c-0.552 0-1 0.448-1 1z\"\/>\r\n<\/svg><\/span><\/div><div class=\"de-col-header\" role=\"columnheader\" aria-colindex=\"3\" aria-rowindex=\"1\">Ring circumference<span class=\"de-adv-table-open-icon\"><svg xmlns=\"http:\/\/www.w3.org\/2000\/svg\" viewbox=\"0 0 448 512\"><!-- Font Awesome Free 5.15.1 by @fontawesome - https:\/\/fontawesome.com License - https:\/\/fontawesome.com\/license\/free (Icons: CC BY 4.0, Fonts: SIL OFL 1.1, Code: MIT License) --><path d=\"M416 208H272V64c0-17.67-14.33-32-32-32h-32c-17.67 0-32 14.33-32 32v144H32c-17.67 0-32 14.33-32 32v32c0 17.67 14.33 32 32 32h144v144c0 17.67 14.33 32 32 32h32c17.67 0 32-14.33 32-32V304h144c17.67 0 32-14.33 32-32v-32c0-17.67-14.33-32-32-32z\"\/><\/svg><\/span><span class=\"de-adv-table-close-icon\"><svg xmlns=\"http:\/\/www.w3.org\/2000\/svg\" id=\"icon-minus\" viewbox=\"0 0 32 32\">\r\n<path d=\"M0 13v6c0 0.552 0.448 1 1 1h30c0.552 0 1-0.448 1-1v-6c0-0.552-0.448-1-1-1h-30c-0.552 0-1 0.448-1 1z\"\/>\r\n<\/svg><\/span><\/div><div class=\"de-col-header\" role=\"columnheader\" aria-colindex=\"4\" aria-rowindex=\"1\">Ring diameter<span class=\"de-adv-table-open-icon\"><svg xmlns=\"http:\/\/www.w3.org\/2000\/svg\" viewbox=\"0 0 448 512\"><!-- Font Awesome Free 5.15.1 by @fontawesome - https:\/\/fontawesome.com License - https:\/\/fontawesome.com\/license\/free (Icons: CC BY 4.0, Fonts: SIL OFL 1.1, Code: MIT License) --><path d=\"M416 208H272V64c0-17.67-14.33-32-32-32h-32c-17.67 0-32 14.33-32 32v144H32c-17.67 0-32 14.33-32 32v32c0 17.67 14.33 32 32 32h144v144c0 17.67 14.33 32 32 32h32c17.67 0 32-14.33 32-32V304h144c17.67 0 32-14.33 32-32v-32c0-17.67-14.33-32-32-32z\"\/><\/svg><\/span><span class=\"de-adv-table-close-icon\"><svg xmlns=\"http:\/\/www.w3.org\/2000\/svg\" id=\"icon-minus\" viewbox=\"0 0 32 32\">\r\n<path d=\"M0 13v6c0 0.552 0.448 1 1 1h30c0.552 0 1-0.448 1-1v-6c0-0.552-0.448-1-1-1h-30c-0.552 0-1 0.448-1 1z\"\/>\r\n<\/svg><\/span><\/div><\/div><div class=\"de-col-wrapper\" role=\"rowgroup\"><div class=\"de-cell\" role=\"cell\" aria-colindex=\"2\" aria-rowindex=\"2\" aria-label=\" Ring size (US standard)\">\n                        6\n                        \n                     <\/div><div class=\"de-cell\" role=\"cell\" aria-colindex=\"3\" aria-rowindex=\"2\" aria-label=\" Ring circumference\">\n                        54 mm\n                        \n                     <\/div><div class=\"de-cell\" role=\"cell\" aria-colindex=\"4\" aria-rowindex=\"2\" aria-label=\" Ring diameter\">\n                        17.2 mm\n                        \n                     <\/div><\/div><div class=\"de-col-wrapper\" role=\"rowgroup\"><div class=\"de-cell\" role=\"cell\" aria-colindex=\"2\" aria-rowindex=\"3\" aria-label=\" Ring size (US standard)\">\n                        7\n                        \n                     <\/div><div class=\"de-cell\" role=\"cell\" aria-colindex=\"3\" aria-rowindex=\"3\" aria-label=\" Ring circumference\">\n                        57 mm\n                        \n                     <\/div><div class=\"de-cell\" role=\"cell\" aria-colindex=\"4\" aria-rowindex=\"3\" aria-label=\" Ring diameter\">\n                        18.0 mm\n                        \n                     <\/div><\/div><div class=\"de-col-wrapper\" role=\"rowgroup\"><div class=\"de-cell\" role=\"cell\" aria-colindex=\"2\" aria-rowindex=\"4\" aria-label=\" Ring size (US standard)\">\n                        8\n                        \n                     <\/div><div class=\"de-cell\" role=\"cell\" aria-colindex=\"3\" aria-rowindex=\"4\" aria-label=\" Ring circumference\">\n                        60 mm\n                        \n                     <\/div><div class=\"de-cell\" role=\"cell\" aria-colindex=\"4\" aria-rowindex=\"4\" aria-label=\" Ring diameter\">\n                        19.0 mm\n                        \n                     <\/div><\/div><div class=\"de-col-wrapper\" role=\"rowgroup\"><div class=\"de-cell\" role=\"cell\" aria-colindex=\"2\" aria-rowindex=\"5\" aria-label=\" Ring size (US standard)\">\n                        9\n                        \n                     <\/div><div class=\"de-cell\" role=\"cell\" aria-colindex=\"3\" aria-rowindex=\"5\" aria-label=\" Ring circumference\">\n                        62 mm\n                        \n                     <\/div><div class=\"de-cell\" role=\"cell\" aria-colindex=\"4\" aria-rowindex=\"5\" aria-label=\" Ring diameter\">\n                        19.8 mm\n                        \n                     <\/div><\/div><div class=\"de-col-wrapper\" role=\"rowgroup\"><div class=\"de-cell\" role=\"cell\" aria-colindex=\"2\" aria-rowindex=\"6\" aria-label=\" Ring size (US standard)\">\n                        10\n                        \n                     <\/div><div class=\"de-cell\" role=\"cell\" aria-colindex=\"3\" aria-rowindex=\"6\" aria-label=\" Ring circumference\">\n                        64 mm\n                        \n                     <\/div><div class=\"de-cell\" role=\"cell\" aria-colindex=\"4\" aria-rowindex=\"6\" aria-label=\" Ring diameter\">\n                        20.5 mm\n                        \n                     <\/div><\/div><div class=\"de-col-wrapper\" role=\"rowgroup\"><div class=\"de-cell\" role=\"cell\" aria-colindex=\"2\" aria-rowindex=\"7\" aria-label=\" Ring size (US standard)\">\n                        11\n                        \n                     <\/div><div class=\"de-cell\" role=\"cell\" aria-colindex=\"3\" aria-rowindex=\"7\" aria-label=\" Ring circumference\">\n                        67 mm\n                        \n                     <\/div><div class=\"de-cell\" role=\"cell\" aria-colindex=\"4\" aria-rowindex=\"7\" aria-label=\" Ring diameter\">\n                        21.5 mm\n                        \n                     <\/div><\/div><div class=\"de-col-wrapper\" role=\"rowgroup\"><div class=\"de-cell\" role=\"cell\" aria-colindex=\"2\" aria-rowindex=\"8\" aria-label=\" Ring size (US standard)\">\n                        12\n                        \n                     <\/div><div class=\"de-cell\" role=\"cell\" aria-colindex=\"3\" aria-rowindex=\"8\" aria-label=\" Ring circumference\">\n                        69 mm\n                        \n                     <\/div><div class=\"de-cell\" role=\"cell\" aria-colindex=\"4\" aria-rowindex=\"8\" aria-label=\" Ring diameter\">\n                        22.0 mm\n                        \n                     <\/div><\/div><div class=\"de-col-wrapper\" role=\"rowgroup\"><div class=\"de-cell\" role=\"cell\" aria-colindex=\"2\" aria-rowindex=\"9\" aria-label=\" Ring size (US standard)\">\n                        13\n                        \n                     <\/div><div class=\"de-cell\" role=\"cell\" aria-colindex=\"3\" aria-rowindex=\"9\" aria-label=\" Ring circumference\">\n                        72 mm\n                        \n                     <\/div><div class=\"de-cell\" role=\"cell\" aria-colindex=\"4\" aria-rowindex=\"9\" aria-label=\" Ring diameter\">\n                        23.0 mm\n                        \n                     <\/div><\/div>\n<\/div><\/div>\n<\/section><section class=\"bde-section-861-107 bde-section\">\n  \n  \n\t\n\n\n\n<div class=\"section-container\"><h2 class=\"bde-heading-861-108 bde-heading\">\nSIMPLE METHOD FOR SIZE DETERMINATION\n<\/h2><div class=\"bde-columns-861-111 bde-columns\"><div class=\"bde-column-861-112 bde-column\">\n  \n  \n\t\n\n\n\n<h4 class=\"bde-heading-861-115 bde-heading\">\n1. with an existing ring\n<\/h4><ul class=\"bde-basic-list-861-114 bde-basic-list\">\n  <li  >    \n          Place an existing ring that sits well on the desired finger flat on a ruler.\n      <\/li>\n  <li  >    \n          Measure the inside diameter in mm.<br>\n      <\/li>\n  <li  >    \n          Compare the value with our size chart to determine your ring size.<br>\n      <\/li>\n<\/ul>\n<\/div><div class=\"bde-column-861-113 bde-column\">\n  \n  \n\t\n\n\n\n<img decoding=\"async\" class=\"bde-image2-861-131 bde-image2\" src=\"https:\/\/mynextring.com\/wp-content\/uploads\/2025\/11\/ringmeten.webp\" loading=\"lazy\" srcset=\"https:\/\/mynextring.com\/wp-content\/uploads\/2025\/11\/ringmeten.webp 706w, https:\/\/mynextring.com\/wp-content\/uploads\/2025\/11\/ringmeten-300x151.webp 300w, https:\/\/mynextring.com\/wp-content\/uploads\/2025\/11\/ringmeten-18x9.webp 18w, https:\/\/mynextring.com\/wp-content\/uploads\/2025\/11\/ringmeten-600x302.webp 600w\" sizes=\"(max-width: 706px) 100vw, 706px\">\n<\/div><\/div><div class=\"bde-columns-861-118 bde-columns\"><div class=\"bde-column-861-119 bde-column\">\n  \n  \n\t\n\n\n\n<h4 class=\"bde-heading-861-122 bde-heading\">\n2. with a strip of paper\u00a0\n<\/h4><ul class=\"bde-basic-list-861-123 bde-basic-list\">\n  <li  >    \n          Cut a strip of paper approx. 1 cm wide.\n      <\/li>\n  <li  >    \n          Wrap it tightly around the desired finger base.<br>\n      <\/li>\n  <li  >    \n          Mark the point where the end overlaps.<br>\n      <\/li>\n  <li  >    \n          Measure the length up to the marking (ring circumference in mm) <br><br>\n      <\/li>\n<\/ul>\n<\/div><div class=\"bde-column-861-124 bde-column\">\n  \n  \n\t\n\n\n\n<img decoding=\"async\" class=\"bde-image2-861-130 bde-image2\" src=\"https:\/\/mynextring.com\/wp-content\/uploads\/2025\/11\/ringmaatmeten.webp\" loading=\"lazy\" srcset=\"https:\/\/mynextring.com\/wp-content\/uploads\/2025\/11\/ringmaatmeten.webp 643w, https:\/\/mynextring.com\/wp-content\/uploads\/2025\/11\/ringmaatmeten-300x177.webp 300w, https:\/\/mynextring.com\/wp-content\/uploads\/2025\/11\/ringmaatmeten-18x12.webp 18w, https:\/\/mynextring.com\/wp-content\/uploads\/2025\/11\/ringmaatmeten-600x354.webp 600w\" sizes=\"(max-width: 643px) 100vw, 643px\">\n<\/div><\/div><div class=\"bde-columns-861-125 bde-columns\"><div class=\"bde-column-861-126 bde-column\">\n  \n  \n\t\n\n\n\n<h4 class=\"bde-heading-861-127 bde-heading\">\n3. order a free size set from MYnextRING\n<\/h4><ul class=\"bde-basic-list-861-128 bde-basic-list\">\n  <li  >    \n          Cut a strip of paper approx. 1 cm wide.\n      <\/li>\n  <li  >    \n          Wrap it tightly around the desired finger base.<br>\n      <\/li>\n  <li  >    \n          Mark the point where the end overlaps.<br>\n      <\/li>\n  <li  >    \n          Measure the length up to the marking (ring circumference in mm) <br><br>\n      <\/li>\n<\/ul><div class=\"bde-button-861-135 bde-button\">\n    \n                                    \n    \n    \n    \n    \n            \n                    \n            \n            \n\n    \n    \n    \n    \n    \n    <a class=\"breakdance-link button-atom button-atom--primary bde-button__button\" href=\"https:\/\/mynextring.com\/en\/product\/nextring-size-samples\/\" target=\"_self\" data-type=\"url\"  >\n\n    \n        <span class=\"button-atom__text\">Order ring size kit free of charge<\/span>\n\n        \n        \n                <\/a>\n\n    \n\n\n<\/div>\n<\/div><div class=\"bde-column-861-129 bde-column\">\n  \n  \n\t\n\n\n\n<img decoding=\"async\" class=\"bde-image2-861-134 bde-image2\" src=\"https:\/\/mynextring.com\/wp-content\/uploads\/2025\/08\/2-scaled.webp\" loading=\"lazy\" srcset=\"https:\/\/mynextring.com\/wp-content\/uploads\/2025\/08\/2-scaled.webp 2560w, https:\/\/mynextring.com\/wp-content\/uploads\/2025\/08\/2-300x300.webp 300w, https:\/\/mynextring.com\/wp-content\/uploads\/2025\/08\/2-1024x1024.webp 1024w, https:\/\/mynextring.com\/wp-content\/uploads\/2025\/08\/2-150x150.webp 150w, https:\/\/mynextring.com\/wp-content\/uploads\/2025\/08\/2-768x768.webp 768w, https:\/\/mynextring.com\/wp-content\/uploads\/2025\/08\/2-1536x1536.webp 1536w, https:\/\/mynextring.com\/wp-content\/uploads\/2025\/08\/2-2048x2048.webp 2048w, https:\/\/mynextring.com\/wp-content\/uploads\/2025\/08\/2-12x12.webp 12w\" sizes=\"(max-width: 2560px) 100vw, 2560px\">\n<\/div><\/div><\/div>\n<\/section><section class=\"bde-section-861-132 bde-section\">\n  \n  \n\t\n\n\n\n<div class=\"section-container\"><div class=\"bde-rich-text-861-133 bde-rich-text breakdance-rich-text-styles\">\n<p class=\"p1\">If you are unsure, you can also request a free size set in our shop. This allows you to try on different ring sizes directly and find the best fit.<\/p><p class=\"p1\"><strong>Tip: Place the ring from the size set on a finger on your non-dominant hand, e.g. the ring finger. Wear the ring on your finger for 1-2 days and check whether it fits comfortably. If the ring does not fit well, try a different size.<\/strong><\/p>\n<\/div><\/div>\n<\/section><section class=\"bde-section-861-136 bde-section\">\n  \n  \n\t\n\n\n\n<div class=\"section-container\"><div class=\"bde-div-861-138 bde-div\">\n  \n  \n\t\n\n\n\n<div class=\"bde-product-861-137 bde-product breakdance-woocommerce\"><div class=\"woocommerce-notices-wrapper\"><\/div><div id=\"product-574\" class=\"product type-product post-574 status-publish first instock product_cat-unkategorisiert has-post-thumbnail taxable shipping-taxable purchasable product-type-simple\">\n\n\t<div class=\"woocommerce-product-gallery woocommerce-product-gallery--with-images woocommerce-product-gallery--columns-4 images\" data-columns=\"4\" style=\"opacity: 0; transition: opacity .25s ease-in-out;\">\n\t<div class=\"woocommerce-product-gallery__wrapper\">\n\t\t<div data-thumb=\"https:\/\/mynextring.com\/wp-content\/uploads\/2025\/08\/4_transparent-300x300.webp\" data-thumb-alt=\"MYnextRING Size-Kit N2 Pro\" data-thumb-srcset=\"https:\/\/mynextring.com\/wp-content\/uploads\/2025\/08\/4_transparent-300x300.webp 300w, https:\/\/mynextring.com\/wp-content\/uploads\/2025\/08\/4_transparent-1024x1024.webp 1024w, https:\/\/mynextring.com\/wp-content\/uploads\/2025\/08\/4_transparent-150x150.webp 150w, https:\/\/mynextring.com\/wp-content\/uploads\/2025\/08\/4_transparent-768x768.webp 768w, https:\/\/mynextring.com\/wp-content\/uploads\/2025\/08\/4_transparent-1536x1536.webp 1536w, https:\/\/mynextring.com\/wp-content\/uploads\/2025\/08\/4_transparent-2048x2048.webp 2048w, https:\/\/mynextring.com\/wp-content\/uploads\/2025\/08\/4_transparent-12x12.webp 12w\"  data-thumb-sizes=\"(max-width: 300px) 100vw, 300px\" class=\"woocommerce-product-gallery__image\"><a href=\"https:\/\/mynextring.com\/wp-content\/uploads\/2025\/08\/4_transparent-scaled.webp\"><img loading=\"lazy\" decoding=\"async\" width=\"600\" height=\"600\" src=\"https:\/\/mynextring.com\/wp-content\/uploads\/2025\/08\/4_transparent-scaled.webp\" class=\"wp-post-image\" alt=\"MYnextRING Size-Kit N2 Pro\" data-caption=\"\" data-src=\"https:\/\/mynextring.com\/wp-content\/uploads\/2025\/08\/4_transparent-scaled.webp\" data-large_image=\"https:\/\/mynextring.com\/wp-content\/uploads\/2025\/08\/4_transparent-scaled.webp\" data-large_image_width=\"2560\" data-large_image_height=\"2560\" srcset=\"https:\/\/mynextring.com\/wp-content\/uploads\/2025\/08\/4_transparent-scaled.webp 2560w, https:\/\/mynextring.com\/wp-content\/uploads\/2025\/08\/4_transparent-300x300.webp 300w, https:\/\/mynextring.com\/wp-content\/uploads\/2025\/08\/4_transparent-1024x1024.webp 1024w, https:\/\/mynextring.com\/wp-content\/uploads\/2025\/08\/4_transparent-150x150.webp 150w, https:\/\/mynextring.com\/wp-content\/uploads\/2025\/08\/4_transparent-768x768.webp 768w, https:\/\/mynextring.com\/wp-content\/uploads\/2025\/08\/4_transparent-1536x1536.webp 1536w, https:\/\/mynextring.com\/wp-content\/uploads\/2025\/08\/4_transparent-2048x2048.webp 2048w, https:\/\/mynextring.com\/wp-content\/uploads\/2025\/08\/4_transparent-12x12.webp 12w\" sizes=\"auto, (max-width: 600px) 100vw, 600px\" \/><\/a><\/div><div data-thumb=\"https:\/\/mynextring.com\/wp-content\/uploads\/2025\/08\/2-300x300.webp\" data-thumb-alt=\"MYnextRING Size-Kit N2 Pro - Image 2\" data-thumb-srcset=\"https:\/\/mynextring.com\/wp-content\/uploads\/2025\/08\/2-300x300.webp 300w, https:\/\/mynextring.com\/wp-content\/uploads\/2025\/08\/2-1024x1024.webp 1024w, https:\/\/mynextring.com\/wp-content\/uploads\/2025\/08\/2-150x150.webp 150w, https:\/\/mynextring.com\/wp-content\/uploads\/2025\/08\/2-768x768.webp 768w, https:\/\/mynextring.com\/wp-content\/uploads\/2025\/08\/2-1536x1536.webp 1536w, https:\/\/mynextring.com\/wp-content\/uploads\/2025\/08\/2-2048x2048.webp 2048w, https:\/\/mynextring.com\/wp-content\/uploads\/2025\/08\/2-12x12.webp 12w\"  data-thumb-sizes=\"(max-width: 300px) 100vw, 300px\" class=\"woocommerce-product-gallery__image\" data-no-translation-data-thumb-alt=\"\"><a href=\"https:\/\/mynextring.com\/wp-content\/uploads\/2025\/08\/2-scaled.webp\"><img loading=\"lazy\" decoding=\"async\" width=\"600\" height=\"600\" src=\"https:\/\/mynextring.com\/wp-content\/uploads\/2025\/08\/2-scaled.webp\" class=\"\" alt=\"MYnextRING Size-Kit N2 Pro - Image 2\" data-caption=\"\" data-src=\"https:\/\/mynextring.com\/wp-content\/uploads\/2025\/08\/2-scaled.webp\" data-large_image=\"https:\/\/mynextring.com\/wp-content\/uploads\/2025\/08\/2-scaled.webp\" data-large_image_width=\"2560\" data-large_image_height=\"2560\" srcset=\"https:\/\/mynextring.com\/wp-content\/uploads\/2025\/08\/2-scaled.webp 2560w, https:\/\/mynextring.com\/wp-content\/uploads\/2025\/08\/2-300x300.webp 300w, https:\/\/mynextring.com\/wp-content\/uploads\/2025\/08\/2-1024x1024.webp 1024w, https:\/\/mynextring.com\/wp-content\/uploads\/2025\/08\/2-150x150.webp 150w, https:\/\/mynextring.com\/wp-content\/uploads\/2025\/08\/2-768x768.webp 768w, https:\/\/mynextring.com\/wp-content\/uploads\/2025\/08\/2-1536x1536.webp 1536w, https:\/\/mynextring.com\/wp-content\/uploads\/2025\/08\/2-2048x2048.webp 2048w, https:\/\/mynextring.com\/wp-content\/uploads\/2025\/08\/2-12x12.webp 12w\" sizes=\"auto, (max-width: 600px) 100vw, 600px\" data-no-translation-alt=\"\" \/><\/a><\/div>\t<\/div>\n<\/div>\n\n\t<div class=\"summary entry-summary\">\n\t\t<h1 class=\"product_title entry-title\">MYnextRING Size-Kit N2 Pro<\/h1><p class=\"price price--stackable\"><span class=\"woocommerce-Price-amount amount\"><bdi><span class=\"woocommerce-Price-currencySymbol\">\u20ac<\/span>&nbsp;0,00<\/bdi><\/span><\/p>\n<div class=\"woocommerce-product-details__short-description\">\n\t<p><strong>Don't know your ring size yet?<\/strong> With the size kit from MYnextRING you get 8 sample rings to determine your size. Then you can easily order the right ring.<\/p>\n<\/div>\n\n\t\n\t<form class=\"cart\" action=\"https:\/\/mynextring.com\/en\/product\/nextring-size-samples\/\" method=\"post\" enctype='multipart\/form-data' data-trp-original-action=\"https:\/\/mynextring.com\/en\/produkt\/nextring-groessenmuster\/\">\n\t\t\n\t\t<div class=\"quantity quantity--number\">\n\t    <label class=\"screen-reader-text\" for=\"quantity_69e4f3c028429\" data-no-translation=\"\" data-trp-gettext=\"\">MYnextRING Size-Kit N2 Pro quantity<\/label>\n        <button class=\"bde-quantity-button bde-quantity-button--dec\" type=\"button\" aria-label=\"Decrement\"><\/button>\n        <input\n        type=\"number\"\n                id=\"quantity_69e4f3c028429\"\n        class=\"input-text qty text\"\n        name=\"quantity\"\n        value=\"1\"\n        aria-label=\"Product quantity\"\n                min=\"1\"\n        max=\"\"\n                    step=\"1\"\n            placeholder=\"\"\n            inputmode=\"numeric\"\n            autocomplete=\"off\" data-no-translation-aria-label=\"\"\n            \/>\n        <button class=\"bde-quantity-button bde-quantity-button--inc\" type=\"button\" aria-label=\"Increment\"><\/button>\n        <\/div>\n\n\t\t<button type=\"submit\" name=\"add-to-cart\" value=\"574\" class=\"single_add_to_cart_button button alt\" data-no-translation=\"\" data-trp-gettext=\"\">Add to basket<\/button>\n\n\t\t\t<input type=\"hidden\" name=\"trp-form-language\" value=\"en\"\/><\/form>\n\n\t\n<div id=\"ppcp-recaptcha-v2-container\" style=\"margin:20px 0;\"><\/div><div class=\"product_meta\">\n\n\t\n\t\n\t<span class=\"posted_in\">Category: <a href=\"https:\/\/mynextring.com\/en\/produkt-kategorie\/unkategorisiert\/\" rel=\"tag\">Uncategorised<\/a><\/span>\n\t\n\t\n<\/div>\n\t<\/div>\n\n\t<div class=\"bde-tabs\">\n\n        \n  \n  \n  <div class=\"bde-tabs__tabslist-container bde-tabs__tabslist-container--scrollable is-horizontal js-tabs-container\">\n    <div class=\"bde-tabs__tabslist bde-tabs__tabslist--default js-tablist\" role=\"tablist\" aria-label=\"Content tabs\" aria-orientation=\"horizontal\" data-tabs-id=\"woo-tabs\">\n      \n              <button role=\"tab\" aria-selected=\"false\" class=\"bde-tabs__tab js-tab\" aria-controls=\"tab-panel-woo-tabs-1\" id=\"tab-woo-tabs-1\" data-value=\"description\">\n                    <span class=\"bde-tabs__tab-title\" data-no-translation=\"\" data-trp-gettext=\"\">Beschreibung<\/span>\n        <\/button>\n              <button role=\"tab\" aria-selected=\"false\" class=\"bde-tabs__tab js-tab\" aria-controls=\"tab-panel-woo-tabs-2\" id=\"tab-woo-tabs-2\" data-value=\"additional_information\">\n                    <span class=\"bde-tabs__tab-title\" data-no-translation=\"\" data-trp-gettext=\"\">Additional information<\/span>\n        <\/button>\n          <\/div>\n  <\/div>\n\n\n<div class=\"bde-tabs-content-container\"><div tabindex=\"0\" role=\"tabpanel\" class=\"bde-tabs__panel js-panel\" id=\"tab-panel-woo-tabs-1\" aria-labelledby=\"tab-woo-tabs-1\"><div class=\"bde-tabs__panel-content breakdance-rich-text-styles\">\n\t<h2 data-no-translation=\"\" data-trp-gettext=\"\">Beschreibung<\/h2>\n\n<p><strong>Don't know your ring size yet?<\/strong> With the size kit from MYnextRING you get 8 sample rings to determine your size. Then you can easily order the right ring.<\/p>\n<\/div><\/div><div tabindex=\"0\" role=\"tabpanel\" class=\"bde-tabs__panel js-panel\" id=\"tab-panel-woo-tabs-2\" aria-labelledby=\"tab-woo-tabs-2\"><div class=\"bde-tabs__panel-content breakdance-rich-text-styles\">\n\t<h2 data-no-translation=\"\" data-trp-gettext=\"\">Additional information<\/h2>\n\n<table class=\"woocommerce-product-attributes shop_attributes\" aria-label=\"Product Details\" data-no-translation-aria-label=\"\">\n\t\t\t<tr class=\"woocommerce-product-attributes-item woocommerce-product-attributes-item--weight\">\n\t\t\t<th class=\"woocommerce-product-attributes-item__label\" scope=\"row\" data-no-translation=\"\" data-trp-gettext=\"\">Weight<\/th>\n\t\t\t<td class=\"woocommerce-product-attributes-item__value\">0,15 kg<\/td>\n\t\t<\/tr>\n\t\t\t<tr class=\"woocommerce-product-attributes-item woocommerce-product-attributes-item--dimensions\">\n\t\t\t<th class=\"woocommerce-product-attributes-item__label\" scope=\"row\" data-no-translation=\"\" data-trp-gettext=\"\">Dimensions<\/th>\n\t\t\t<td class=\"woocommerce-product-attributes-item__value\">14 \u00d7 14 \u00d7 2 cm<\/td>\n\t\t<\/tr>\n\t<\/table>\n<\/div><\/div><\/div><\/div><\/div>\n\n<\/div>\n<\/div><\/div>\n<\/section>","protected":false},"excerpt":{"rendered":"<p>Finde deine perfekte Ringgr\u00f6\u00dfe! RINGgr\u00f6\u00dfe richtig bestimmen &#8211; so funktioniert\u2019s Um zu gew\u00e4hrleisten, MYnextRING optimal auf Ihren Finger passt, ist die korrekte Wahl der Ringgr\u00f6\u00dfe entscheidend. Bitte nehmen Sie sich daf\u00fcr einen Moment Zeit \u2013 es lohnt sich!Der Ring sollte gut anliegen, aber nicht einschneiden oder zu locker sitzen.Bedenken Sie: Finger k\u00f6nnen sich im Tagesverlauf [&hellip;]<\/p>\n","protected":false},"author":1,"featured_media":0,"parent":0,"menu_order":0,"comment_status":"closed","ping_status":"closed","template":"","meta":{"_breakdance_hide_in_design_set":false,"_breakdance_tags":"","footnotes":""},"class_list":["post-861","page","type-page","status-publish","hentry"],"_links":{"self":[{"href":"https:\/\/mynextring.com\/en\/wp-json\/wp\/v2\/pages\/861","targetHints":{"allow":["GET"]}}],"collection":[{"href":"https:\/\/mynextring.com\/en\/wp-json\/wp\/v2\/pages"}],"about":[{"href":"https:\/\/mynextring.com\/en\/wp-json\/wp\/v2\/types\/page"}],"author":[{"embeddable":true,"href":"https:\/\/mynextring.com\/en\/wp-json\/wp\/v2\/users\/1"}],"replies":[{"embeddable":true,"href":"https:\/\/mynextring.com\/en\/wp-json\/wp\/v2\/comments?post=861"}],"version-history":[{"count":5,"href":"https:\/\/mynextring.com\/en\/wp-json\/wp\/v2\/pages\/861\/revisions"}],"predecessor-version":[{"id":2875,"href":"https:\/\/mynextring.com\/en\/wp-json\/wp\/v2\/pages\/861\/revisions\/2875"}],"wp:attachment":[{"href":"https:\/\/mynextring.com\/en\/wp-json\/wp\/v2\/media?parent=861"}],"curies":[{"name":"wp","href":"https:\/\/api.w.org\/{rel}","templated":true}]}}